{"id":13673,"date":"2021-10-01T13:05:27","date_gmt":"2021-10-01T17:05:27","guid":{"rendered":"https:\/\/www.ccc.ca\/?page_id=13673"},"modified":"2023-12-21T11:59:06","modified_gmt":"2023-12-21T16:59:06","slug":"alerte-a-la-fraude-offres-demploi-au-nom-de-la-ccc","status":"publish","type":"page","link":"https:\/\/www.ccc.ca\/fr\/alerte-a-la-fraude-offres-demploi-au-nom-de-la-ccc\/","title":{"rendered":"Alerte \u00e0 la fraude! Offres d&#8217;emploi au nom de la CCC"},"content":{"rendered":"\t\t<div data-elementor-type=\"wp-page\" data-elementor-id=\"13673\" class=\"elementor elementor-13673 elementor-13672\" data-elementor-post-type=\"page\">\n\t\t\t\t\t\t<section class=\"elementor-section elementor-top-section elementor-element elementor-element-119863c2 elementor-section-boxed elementor-section-height-default elementor-section-height-default\" data-id=\"119863c2\" data-element_type=\"section\" data-e-type=\"section\">\n\t\t\t\t\t\t<div class=\"elementor-container elementor-column-gap-default\">\n\t\t\t\t\t<div class=\"elementor-column elementor-col-100 elementor-top-column elementor-element elementor-element-4f1137a4\" data-id=\"4f1137a4\" data-element_type=\"column\" data-e-type=\"column\">\n\t\t\t<div class=\"elementor-widget-wrap elementor-element-populated\">\n\t\t\t\t\t\t<div class=\"elementor-element elementor-element-4cb520cb elementor-widget elementor-widget-text-editor\" data-id=\"4cb520cb\" data-element_type=\"widget\" data-e-type=\"widget\" data-widget_type=\"text-editor.default\">\n\t\t\t\t<div class=\"elementor-widget-container\">\n\t\t\t\t\t\t\t\t\t<p>Nous avons d\u00e9couvert qu\u2019il y a eu des cas o\u00f9 des individus ont offert frauduleusement des placements d&#8217;emplois \u00e0 la Corporation commerciale canadienne (CCC) sous le couvert d\u2019:<\/p><ul><li>Emploi Qu\u00e9bec-Canada \/ Minist\u00e8re de l\u2019Emploi et de la Solidarit\u00e9 sociale<\/li><li>Immigration et Communaut\u00e9s culturelles Qu\u00e9bec<\/li><\/ul><h2>La CCC ne recrute pas et n&#8217;embauche pas \u00e0 l&rsquo;\u00e9chelle internationale.<\/h2><p>Si vous avez re\u00e7u une offre d&#8217;emploi et que vous vous trouvez \u00e0 l&rsquo;ext\u00e9rieur du Canada, cette offre <b>n&rsquo;est pas<\/b> l\u00e9gitime.<\/p><p>Ces personnes se font passer pour des interm\u00e9diaires et recueillent frauduleusement des renseignements personnels en vue d&rsquo;un emploi potentiel avec la CCC. Ils n&rsquo;ont pas \u00e9t\u00e9 autoris\u00e9s \u00e0 recruter \u00e0 l&rsquo;\u00e9chelle internationale pour des postes \u00e0 la CCC.<\/p><p>Si vous recevez une telle offre d&#8217;emploi, veuillez le signaler \u00e0 :<\/p><p>Mouktar Abdillahi<br \/>Conseiller principal en communication et marketing<br \/>Corporation commerciale canadienne<br \/><a href=\"mailto:mabdillahi@ccc.ca\">mabdillahi@ccc.ca<\/a><\/p><p>Pour consulter nos opportunit\u00e9s de carri\u00e8re actuelles, <a href=\"https:\/\/www.ccc.ca\/fr\/carrieres\/\">visitez la page Carri\u00e8res de notre site internet.<\/a><\/p>\t\t\t\t\t\t\t\t<\/div>\n\t\t\t\t<\/div>\n\t\t\t\t\t<\/div>\n\t\t<\/div>\n\t\t\t\t\t<\/div>\n\t\t<\/section>\n\t\t\t\t<\/div>\n\t\t","protected":false},"excerpt":{"rendered":"<p>Nous avons d\u00e9couvert qu\u2019il y a eu des cas o\u00f9 des individus ont offert frauduleusement des placements d&#8217;emplois \u00e0 la Corporation commerciale canadienne (CCC) sous le couvert d\u2019: Emploi Qu\u00e9bec-Canada \/ Minist\u00e8re de l\u2019Emploi et de la Solidarit\u00e9 sociale Immigration et Communaut\u00e9s culturelles Qu\u00e9bec La CCC ne recrute pas et n&#8217;embauche pas \u00e0 l&rsquo;\u00e9chelle internationale. [&#8230;]<\/p>\n","protected":false},"author":3,"featured_media":0,"parent":0,"menu_order":0,"comment_status":"closed","ping_status":"closed","template":"","meta":{"_acf_changed":false,"content-type":"","_relevanssi_hide_post":"","_relevanssi_hide_content":"","_relevanssi_pin_for_all":"","_relevanssi_pin_keywords":"","_relevanssi_unpin_keywords":"","_relevanssi_related_keywords":"","_relevanssi_related_include_ids":"","_relevanssi_related_exclude_ids":"","_relevanssi_related_no_append":"","_relevanssi_related_not_related":"","_relevanssi_related_posts":"","_relevanssi_noindex_reason":"","footnotes":""},"class_list":["post-13673","page","type-page","status-publish","hentry"],"acf":[],"yoast_head":"<!-- This site is optimized with the Yoast SEO Premium plugin v23.4 (Yoast SEO v27.3) - https:\/\/yoast.com\/product\/yoast-seo-premium-wordpress\/ -->\n<title>Alerte \u00e0 la fraude! Offres d&#039;emploi au nom de la CCC - Canadian Commercial Corporation (CCC)<\/title>\n<meta name=\"robots\" content=\"index, follow, max-snippet:-1, max-image-preview:large, max-video-preview:-1\" \/>\n<link rel=\"canonical\" href=\"https:\/\/www.ccc.ca\/fr\/alerte-a-la-fraude-offres-demploi-au-nom-de-la-ccc\/\" \/>\n<meta property=\"og:locale\" content=\"fr_CA\" \/>\n<meta property=\"og:type\" content=\"article\" \/>\n<meta property=\"og:title\" content=\"Alerte \u00e0 la fraude! Offres d&#039;emploi au nom de la CCC\" \/>\n<meta property=\"og:description\" content=\"Nous avons d\u00e9couvert qu\u2019il y a eu des cas o\u00f9 des individus ont offert frauduleusement des placements d&#8217;emplois \u00e0 la Corporation commerciale canadienne (CCC) sous le couvert d\u2019: Emploi Qu\u00e9bec-Canada \/ Minist\u00e8re de l\u2019Emploi et de la Solidarit\u00e9 sociale Immigration et Communaut\u00e9s culturelles Qu\u00e9bec La CCC ne recrute pas et n&#8217;embauche pas \u00e0 l&rsquo;\u00e9chelle internationale. [...]\" \/>\n<meta property=\"og:url\" content=\"https:\/\/www.ccc.ca\/fr\/alerte-a-la-fraude-offres-demploi-au-nom-de-la-ccc\/\" \/>\n<meta property=\"og:site_name\" content=\"Canadian Commercial Corporation (CCC)\" \/>\n<meta property=\"article:publisher\" content=\"https:\/\/www.facebook.com\/CanadianCommercialCorporation\/\" \/>\n<meta property=\"article:modified_time\" content=\"2023-12-21T16:59:06+00:00\" \/>\n<meta property=\"og:image\" content=\"https:\/\/www.ccc.ca\/wp-content\/uploads\/2023\/05\/ccc-og.png\" \/>\n\t<meta property=\"og:image:width\" content=\"1200\" \/>\n\t<meta property=\"og:image:height\" content=\"675\" \/>\n\t<meta property=\"og:image:type\" content=\"image\/png\" \/>\n<meta name=\"twitter:card\" content=\"summary_large_image\" \/>\n<meta name=\"twitter:site\" content=\"@CanComCorp\" \/>\n<meta name=\"twitter:label1\" content=\"Estimation du temps de lecture\" \/>\n\t<meta name=\"twitter:data1\" content=\"1 minute\" \/>\n<script type=\"application\/ld+json\" class=\"yoast-schema-graph\">{\"@context\":\"https:\\\/\\\/schema.org\",\"@graph\":[{\"@type\":\"WebPage\",\"@id\":\"https:\\\/\\\/www.ccc.ca\\\/fr\\\/alerte-a-la-fraude-offres-demploi-au-nom-de-la-ccc\\\/\",\"url\":\"https:\\\/\\\/www.ccc.ca\\\/fr\\\/alerte-a-la-fraude-offres-demploi-au-nom-de-la-ccc\\\/\",\"name\":\"Alerte \u00e0 la fraude! Offres d'emploi au nom de la CCC - Canadian Commercial Corporation (CCC)\",\"isPartOf\":{\"@id\":\"https:\\\/\\\/www.ccc.ca\\\/fr\\\/#website\"},\"datePublished\":\"2021-10-01T17:05:27+00:00\",\"dateModified\":\"2023-12-21T16:59:06+00:00\",\"breadcrumb\":{\"@id\":\"https:\\\/\\\/www.ccc.ca\\\/fr\\\/alerte-a-la-fraude-offres-demploi-au-nom-de-la-ccc\\\/#breadcrumb\"},\"inLanguage\":\"fr-CA\",\"potentialAction\":[{\"@type\":\"ReadAction\",\"target\":[\"https:\\\/\\\/www.ccc.ca\\\/fr\\\/alerte-a-la-fraude-offres-demploi-au-nom-de-la-ccc\\\/\"]}]},{\"@type\":\"BreadcrumbList\",\"@id\":\"https:\\\/\\\/www.ccc.ca\\\/fr\\\/alerte-a-la-fraude-offres-demploi-au-nom-de-la-ccc\\\/#breadcrumb\",\"itemListElement\":[{\"@type\":\"ListItem\",\"position\":1,\"name\":\"Accueil\",\"item\":\"https:\\\/\\\/www.ccc.ca\\\/fr\\\/\"},{\"@type\":\"ListItem\",\"position\":2,\"name\":\"Alerte \u00e0 la fraude! Offres d&#8217;emploi au nom de la CCC\"}]},{\"@type\":\"WebSite\",\"@id\":\"https:\\\/\\\/www.ccc.ca\\\/fr\\\/#website\",\"url\":\"https:\\\/\\\/www.ccc.ca\\\/fr\\\/\",\"name\":\"Canadian Commercial Corporation (CCC)\",\"description\":\"\",\"publisher\":{\"@id\":\"https:\\\/\\\/www.ccc.ca\\\/fr\\\/#organization\"},\"potentialAction\":[{\"@type\":\"SearchAction\",\"target\":{\"@type\":\"EntryPoint\",\"urlTemplate\":\"https:\\\/\\\/www.ccc.ca\\\/fr\\\/?s={search_term_string}\"},\"query-input\":{\"@type\":\"PropertyValueSpecification\",\"valueRequired\":true,\"valueName\":\"search_term_string\"}}],\"inLanguage\":\"fr-CA\"},{\"@type\":[\"Organization\",\"Place\"],\"@id\":\"https:\\\/\\\/www.ccc.ca\\\/fr\\\/#organization\",\"name\":\"The Canadian Commercial Corporation (CCC)\",\"url\":\"https:\\\/\\\/www.ccc.ca\\\/fr\\\/\",\"logo\":{\"@id\":\"https:\\\/\\\/www.ccc.ca\\\/fr\\\/alerte-a-la-fraude-offres-demploi-au-nom-de-la-ccc\\\/#local-main-organization-logo\"},\"image\":{\"@id\":\"https:\\\/\\\/www.ccc.ca\\\/fr\\\/alerte-a-la-fraude-offres-demploi-au-nom-de-la-ccc\\\/#local-main-organization-logo\"},\"sameAs\":[\"https:\\\/\\\/www.facebook.com\\\/CanadianCommercialCorporation\\\/\",\"https:\\\/\\\/x.com\\\/CanComCorp\",\"https:\\\/\\\/www.linkedin.com\\\/company\\\/canadian-commercial-corporation\\\/\"],\"address\":{\"@id\":\"https:\\\/\\\/www.ccc.ca\\\/fr\\\/alerte-a-la-fraude-offres-demploi-au-nom-de-la-ccc\\\/#local-main-place-address\"},\"telephone\":[\"1-613-996-0034\",\"1-800-748-8191\"],\"contactPoint\":{\"@type\":\"ContactPoint\",\"telephone\":\"1-613-996-0034\",\"email\":\"communications@ccc.ca\"},\"openingHoursSpecification\":[{\"@type\":\"OpeningHoursSpecification\",\"dayOfWeek\":[\"Monday\",\"Tuesday\",\"Wednesday\",\"Thursday\",\"Friday\",\"Saturday\",\"Sunday\"],\"opens\":\"09:00\",\"closes\":\"17:00\"}]},{\"@type\":\"PostalAddress\",\"@id\":\"https:\\\/\\\/www.ccc.ca\\\/fr\\\/alerte-a-la-fraude-offres-demploi-au-nom-de-la-ccc\\\/#local-main-place-address\",\"streetAddress\":\"350 Albert Street, Suite 1100\",\"addressLocality\":\"Ottawa\",\"postalCode\":\"K1A 0S6\",\"addressRegion\":\"Ontario\",\"addressCountry\":\"CA\"},{\"@type\":\"ImageObject\",\"inLanguage\":\"fr-CA\",\"@id\":\"https:\\\/\\\/www.ccc.ca\\\/fr\\\/alerte-a-la-fraude-offres-demploi-au-nom-de-la-ccc\\\/#local-main-organization-logo\",\"url\":\"https:\\\/\\\/www.ccc.ca\\\/wp-content\\\/uploads\\\/2023\\\/05\\\/ccc-og.png\",\"contentUrl\":\"https:\\\/\\\/www.ccc.ca\\\/wp-content\\\/uploads\\\/2023\\\/05\\\/ccc-og.png\",\"width\":1200,\"height\":675,\"caption\":\"The Canadian Commercial Corporation (CCC)\"}]}<\/script>\n<meta name=\"geo.placename\" content=\"Ottawa\" \/>\n<meta name=\"geo.region\" content=\"Canada\" \/>\n<!-- \/ Yoast SEO Premium plugin. -->","yoast_head_json":{"title":"Alerte \u00e0 la fraude! Offres d'emploi au nom de la CCC - Canadian Commercial Corporation (CCC)","robots":{"index":"index","follow":"follow","max-snippet":"max-snippet:-1","max-image-preview":"max-image-preview:large","max-video-preview":"max-video-preview:-1"},"canonical":"https:\/\/www.ccc.ca\/fr\/alerte-a-la-fraude-offres-demploi-au-nom-de-la-ccc\/","og_locale":"fr_CA","og_type":"article","og_title":"Alerte \u00e0 la fraude! Offres d'emploi au nom de la CCC","og_description":"Nous avons d\u00e9couvert qu\u2019il y a eu des cas o\u00f9 des individus ont offert frauduleusement des placements d&#8217;emplois \u00e0 la Corporation commerciale canadienne (CCC) sous le couvert d\u2019: Emploi Qu\u00e9bec-Canada \/ Minist\u00e8re de l\u2019Emploi et de la Solidarit\u00e9 sociale Immigration et Communaut\u00e9s culturelles Qu\u00e9bec La CCC ne recrute pas et n&#8217;embauche pas \u00e0 l&rsquo;\u00e9chelle internationale. [...]","og_url":"https:\/\/www.ccc.ca\/fr\/alerte-a-la-fraude-offres-demploi-au-nom-de-la-ccc\/","og_site_name":"Canadian Commercial Corporation (CCC)","article_publisher":"https:\/\/www.facebook.com\/CanadianCommercialCorporation\/","article_modified_time":"2023-12-21T16:59:06+00:00","og_image":[{"width":1200,"height":675,"url":"https:\/\/www.ccc.ca\/wp-content\/uploads\/2023\/05\/ccc-og.png","type":"image\/png"}],"twitter_card":"summary_large_image","twitter_site":"@CanComCorp","twitter_misc":{"Estimation du temps de lecture":"1 minute"},"schema":{"@context":"https:\/\/schema.org","@graph":[{"@type":"WebPage","@id":"https:\/\/www.ccc.ca\/fr\/alerte-a-la-fraude-offres-demploi-au-nom-de-la-ccc\/","url":"https:\/\/www.ccc.ca\/fr\/alerte-a-la-fraude-offres-demploi-au-nom-de-la-ccc\/","name":"Alerte \u00e0 la fraude! Offres d'emploi au nom de la CCC - Canadian Commercial Corporation (CCC)","isPartOf":{"@id":"https:\/\/www.ccc.ca\/fr\/#website"},"datePublished":"2021-10-01T17:05:27+00:00","dateModified":"2023-12-21T16:59:06+00:00","breadcrumb":{"@id":"https:\/\/www.ccc.ca\/fr\/alerte-a-la-fraude-offres-demploi-au-nom-de-la-ccc\/#breadcrumb"},"inLanguage":"fr-CA","potentialAction":[{"@type":"ReadAction","target":["https:\/\/www.ccc.ca\/fr\/alerte-a-la-fraude-offres-demploi-au-nom-de-la-ccc\/"]}]},{"@type":"BreadcrumbList","@id":"https:\/\/www.ccc.ca\/fr\/alerte-a-la-fraude-offres-demploi-au-nom-de-la-ccc\/#breadcrumb","itemListElement":[{"@type":"ListItem","position":1,"name":"Accueil","item":"https:\/\/www.ccc.ca\/fr\/"},{"@type":"ListItem","position":2,"name":"Alerte \u00e0 la fraude! Offres d&#8217;emploi au nom de la CCC"}]},{"@type":"WebSite","@id":"https:\/\/www.ccc.ca\/fr\/#website","url":"https:\/\/www.ccc.ca\/fr\/","name":"Canadian Commercial Corporation (CCC)","description":"","publisher":{"@id":"https:\/\/www.ccc.ca\/fr\/#organization"},"potentialAction":[{"@type":"SearchAction","target":{"@type":"EntryPoint","urlTemplate":"https:\/\/www.ccc.ca\/fr\/?s={search_term_string}"},"query-input":{"@type":"PropertyValueSpecification","valueRequired":true,"valueName":"search_term_string"}}],"inLanguage":"fr-CA"},{"@type":["Organization","Place"],"@id":"https:\/\/www.ccc.ca\/fr\/#organization","name":"The Canadian Commercial Corporation (CCC)","url":"https:\/\/www.ccc.ca\/fr\/","logo":{"@id":"https:\/\/www.ccc.ca\/fr\/alerte-a-la-fraude-offres-demploi-au-nom-de-la-ccc\/#local-main-organization-logo"},"image":{"@id":"https:\/\/www.ccc.ca\/fr\/alerte-a-la-fraude-offres-demploi-au-nom-de-la-ccc\/#local-main-organization-logo"},"sameAs":["https:\/\/www.facebook.com\/CanadianCommercialCorporation\/","https:\/\/x.com\/CanComCorp","https:\/\/www.linkedin.com\/company\/canadian-commercial-corporation\/"],"address":{"@id":"https:\/\/www.ccc.ca\/fr\/alerte-a-la-fraude-offres-demploi-au-nom-de-la-ccc\/#local-main-place-address"},"telephone":["1-613-996-0034","1-800-748-8191"],"contactPoint":{"@type":"ContactPoint","telephone":"1-613-996-0034","email":"communications@ccc.ca"},"openingHoursSpecification":[{"@type":"OpeningHoursSpecification","dayOfWeek":["Monday","Tuesday","Wednesday","Thursday","Friday","Saturday","Sunday"],"opens":"09:00","closes":"17:00"}]},{"@type":"PostalAddress","@id":"https:\/\/www.ccc.ca\/fr\/alerte-a-la-fraude-offres-demploi-au-nom-de-la-ccc\/#local-main-place-address","streetAddress":"350 Albert Street, Suite 1100","addressLocality":"Ottawa","postalCode":"K1A 0S6","addressRegion":"Ontario","addressCountry":"CA"},{"@type":"ImageObject","inLanguage":"fr-CA","@id":"https:\/\/www.ccc.ca\/fr\/alerte-a-la-fraude-offres-demploi-au-nom-de-la-ccc\/#local-main-organization-logo","url":"https:\/\/www.ccc.ca\/wp-content\/uploads\/2023\/05\/ccc-og.png","contentUrl":"https:\/\/www.ccc.ca\/wp-content\/uploads\/2023\/05\/ccc-og.png","width":1200,"height":675,"caption":"The Canadian Commercial Corporation (CCC)"}]},"geo.placename":"Ottawa","geo.region":"Canada"},"_links":{"self":[{"href":"https:\/\/www.ccc.ca\/fr\/wp-json\/wp\/v2\/pages\/13673","targetHints":{"allow":["GET"]}}],"collection":[{"href":"https:\/\/www.ccc.ca\/fr\/wp-json\/wp\/v2\/pages"}],"about":[{"href":"https:\/\/www.ccc.ca\/fr\/wp-json\/wp\/v2\/types\/page"}],"author":[{"embeddable":true,"href":"https:\/\/www.ccc.ca\/fr\/wp-json\/wp\/v2\/users\/3"}],"replies":[{"embeddable":true,"href":"https:\/\/www.ccc.ca\/fr\/wp-json\/wp\/v2\/comments?post=13673"}],"version-history":[{"count":0,"href":"https:\/\/www.ccc.ca\/fr\/wp-json\/wp\/v2\/pages\/13673\/revisions"}],"wp:attachment":[{"href":"https:\/\/www.ccc.ca\/fr\/wp-json\/wp\/v2\/media?parent=13673"}],"curies":[{"name":"wp","href":"https:\/\/api.w.org\/{rel}","templated":true}]}}