{"id":230,"date":"2019-05-15T14:25:23","date_gmt":"2019-05-15T18:25:23","guid":{"rendered":"https:\/\/www.ccc.ca\/?page_id=230"},"modified":"2023-05-04T12:46:04","modified_gmt":"2023-05-04T16:46:04","slug":"conditions-dutilisation","status":"publish","type":"page","link":"https:\/\/www.ccc.ca\/fr\/conditions-dutilisation\/","title":{"rendered":"Conditions d\u2019utilisation"},"content":{"rendered":"\t\t<div data-elementor-type=\"wp-page\" data-elementor-id=\"230\" class=\"elementor elementor-230 elementor-215\" data-elementor-post-type=\"page\">\n\t\t\t\t\t\t<section class=\"elementor-section elementor-top-section elementor-element elementor-element-5b3a2ea elementor-section-boxed elementor-section-height-default elementor-section-height-default\" data-id=\"5b3a2ea\" data-element_type=\"section\" data-e-type=\"section\">\n\t\t\t\t\t\t<div class=\"elementor-container elementor-column-gap-default\">\n\t\t\t\t\t<div class=\"elementor-column elementor-col-100 elementor-top-column elementor-element elementor-element-2c566e1d\" data-id=\"2c566e1d\" data-element_type=\"column\" data-e-type=\"column\">\n\t\t\t<div class=\"elementor-widget-wrap elementor-element-populated\">\n\t\t\t\t\t\t<div class=\"elementor-element elementor-element-6c514057 elementor-widget elementor-widget-text-editor\" data-id=\"6c514057\" data-element_type=\"widget\" data-e-type=\"widget\" data-widget_type=\"text-editor.default\">\n\t\t\t\t<div class=\"elementor-widget-container\">\n\t\t\t\t\t\t\t\t\t<p>Veuillez lire les conditions d\u2019utilisation attentivement. En utilisant ce site, vous convenez d\u2019\u00eatre li\u00e9 par ces conditions.<\/p>\n<h2>Utilisation du site<\/h2>\n<p>\u00c0 sa seule discr\u00e9tion, la CCC peut r\u00e9silier l\u2019utilisation ou refuser de permettre d\u2019utiliser tous services et ce site par toute personne ou entit\u00e9, pour quelque raison que ce soit et sans pr\u00e9avis. En utilisant ce site, son information et ses services, les utilisateurs ne devront pas :<\/p>\n<ul>\n<li>Interf\u00e9rer ou perturber ce site ou les r\u00e9seaux informatiques qui y sont branch\u00e9s;<\/li>\n<li>Se faire passer pour toute autre personne ou entit\u00e9, ou faire de fausses d\u00e9clarations;<\/li>\n<li>T\u00e9l\u00e9charger, transmettre, publier ou distribuer du mat\u00e9riel ou de l\u2019information pour lesquels vous n\u2019avez pas tous les droits et permis n\u00e9cessaires;<\/li>\n<li>T\u00e9l\u00e9charger, transmettre, publier ou distribuer du mat\u00e9riel ou de l\u2019information qui contient un virus informatique ou un autre code, des fichiers ou des programmes visant \u00e0 perturber ou \u00e0 interf\u00e9rer avec le fonctionnement de ce site;<\/li>\n<li>Utiliser ce site de mani\u00e8re \u00e0 obtenir une entr\u00e9e ou un acc\u00e8s non autoris\u00e9 aux syst\u00e8mes informatiques des r\u00e9seaux ou autres, ou tenter d\u2019obtenir une entr\u00e9e ou un acc\u00e8s non autoris\u00e9 \u00e0 tout mot de passe prot\u00e9g\u00e9 ou aux sections restreintes de ce site, ou aux syst\u00e8mes informatiques ou r\u00e9seaux de la CCC;<\/li>\n<li>Reproduire, copier, modifier, vendre, distribuer ou exploiter autrement \u00e0 des fins commerciales le mat\u00e9riel, l\u2019information, les produits ou les services offerts sur ce site;<\/li>\n<li>Violer toute loi ou tout r\u00e8glement, ou toute pratique d\u2019Internet g\u00e9n\u00e9ralement reconnue ou interf\u00e9rer avec la capacit\u00e9 de tout autre utilisateur d\u2019utiliser ce site et les services et produits offerts sur ce site;<\/li>\n<li>Falsifier, alt\u00e9rer ou modifier de quelque fa\u00e7on les ententes, politiques, informations, rapports et autres documents affich\u00e9s ou accessibles sur ce site.<\/li>\n<\/ul>\n<h2>S\u00e9curit\u00e9<\/h2>\n<p>Le syst\u00e8me informatique de la CCC utilise un logiciel pour surveiller les tentatives non autoris\u00e9es de t\u00e9l\u00e9charger ou changer l\u2019information ou d\u2019endommager le service que nous offrons. Aucune tentative n\u2019est faite pour identifier les utilisateurs ou leurs habitudes d\u2019utilisation, sauf au moment des enqu\u00eates visant l\u2019application des lois.<\/p>\n<h2>Information et services<\/h2>\n<p>Toutes les donn\u00e9es de ce site sont fournies \u00e0 des fins d\u2019information seulement et ne visent pas \u00e0 offrir des conseils particuliers. Bien que la CCC fasse les efforts raisonnables pour s\u2019assurer que l\u2019information et les services de ce site sont exacts au moment o\u00f9 ils sont plac\u00e9s sur le site, la CCC ne garantit pas que toute l\u2019information sera exacte ou \u00e0 jour en tout temps. La CCC n\u2019est pas responsable des inexactitudes, des erreurs ou des omissions quant \u00e0 l\u2019information ou aux services. L\u2019information et les services peuvent changer en tout temps sans pr\u00e9avis. Les utilisateurs ne devraient pas compter sur l\u2019information ou les services contenus sur ce site sans demander des conseils au pr\u00e9alable.<\/p>\n<p>La CCC et ses employ\u00e9s ne seront pas tenus responsables des pertes ou des dommages de quelque nature, directs ou indirects, d\u00e9coulant de l\u2019utilisation de l\u2019information pr\u00e9sent\u00e9e sur ce site ou de l\u2019information fournie sur tout site qui peut \u00eatre accessible \u00e0 partir du site de la CCC.<\/p>\n<p>Si les utilisateurs choisissent d\u2019acc\u00e9der au site de l\u2019ext\u00e9rieur du Canada, ils le font de leur propre chef et sont responsables de se conformer aux lois locales, nationales et internationales en vigueur.<\/p>\n<h2>Vie priv\u00e9e et confidentialit\u00e9<\/h2>\n<p>La CCC s\u2019est engag\u00e9e \u00e0 prendre toutes les mesures raisonnables pour prot\u00e9ger la vie priv\u00e9e des utilisateurs concernant les renseignements personnels qu\u2019ils fournissent en adh\u00e9rant \u00e0 la politique de vie priv\u00e9e en direct. Il est entendu que l\u2019acc\u00e8s \u00e0 ce site ou son utilisation s\u2019effectue au risque de l\u2019utilisateur.<\/p>\n<p>Le courriel sur Internet est vuln\u00e9rable \u00e0 l\u2019interception et \u00e0 la perte. La CCC ne sera pas tenue responsable des dommages que vous pourriez subir concernant la correspondance par courriel entre vous et la Corporation. Si vous d\u00e9cidez de transmettre de l\u2019information \u00e0 l\u2019aide du courriel sur Internet, vous le faites \u00e0 vos propres risques.<\/p>\n<h2>Liens et logiciels<\/h2>\n<p>Les liens hypertexte avec d\u2019autres sites web sont offerts pour des raisons pratiques seulement et ne constituent pas un endossement par la CCC de ces sites web ou de l\u2019information ou des services qui s\u2019y trouvent. Avant d\u2019utiliser ces sites web, qui sont ind\u00e9pendants et ne sont pas sous le contr\u00f4le de la CCC, vous devriez examiner leurs conditions d\u2019utilisation et leurs politiques de vie priv\u00e9e.<\/p>\n<p>Les liens avec des sites offrant des logiciels t\u00e9l\u00e9chargeables sont offerts pour des raisons pratiques seulement et la CCC n\u2019est pas responsable des difficult\u00e9s ou des cons\u00e9quences occasionn\u00e9es par le t\u00e9l\u00e9chargement de ces logiciels. L\u2019utilisation de tout logiciel est r\u00e9gie par les conditions de la licence conventionnelle, s\u2019il y a lieu, qui accompagne le logiciel.<\/p>\n<h2>Langues officielles<\/h2>\n<p>La CCC respecte\u00a0<em>la Loi sur les langues officielles<\/em>\u00a0et les politiques pertinentes du Conseil du Tr\u00e9sor. L\u2019information de la CCC est accessible en fran\u00e7ais et en anglais. Les utilisateurs doivent savoir que l\u2019information de sites externes avec lesquels nous offrons un lien est disponible seulement dans la langue dans laquelle elle a \u00e9t\u00e9 affich\u00e9e.<\/p>\t\t\t\t\t\t\t\t<\/div>\n\t\t\t\t<\/div>\n\t\t\t\t\t<\/div>\n\t\t<\/div>\n\t\t\t\t\t<\/div>\n\t\t<\/section>\n\t\t\t\t<\/div>\n\t\t","protected":false},"excerpt":{"rendered":"<p>Veuillez lire les conditions d\u2019utilisation attentivement. En utilisant ce site, vous convenez d\u2019\u00eatre li\u00e9 par ces conditions. Utilisation du site \u00c0 sa seule discr\u00e9tion, la CCC peut r\u00e9silier l\u2019utilisation ou refuser de permettre d\u2019utiliser tous services et ce site par toute personne ou entit\u00e9, pour quelque raison que ce soit et sans pr\u00e9avis. En utilisant [&#8230;]<\/p>\n","protected":false},"author":3,"featured_media":0,"parent":0,"menu_order":97,"comment_status":"closed","ping_status":"closed","template":"","meta":{"_acf_changed":false,"content-type":"","_relevanssi_hide_post":"","_relevanssi_hide_content":"","_relevanssi_pin_for_all":"","_relevanssi_pin_keywords":"","_relevanssi_unpin_keywords":"","_relevanssi_related_keywords":"","_relevanssi_related_include_ids":"","_relevanssi_related_exclude_ids":"","_relevanssi_related_no_append":"","_relevanssi_related_not_related":"","_relevanssi_related_posts":"","_relevanssi_noindex_reason":"","footnotes":""},"class_list":["post-230","page","type-page","status-publish","hentry"],"acf":[],"yoast_head":"<!-- This site is optimized with the Yoast SEO Premium plugin v23.4 (Yoast SEO v27.3) - https:\/\/yoast.com\/product\/yoast-seo-premium-wordpress\/ -->\n<title>Conditions d\u2019utilisation - Canadian Commercial Corporation (CCC)<\/title>\n<meta name=\"robots\" content=\"index, follow, max-snippet:-1, max-image-preview:large, max-video-preview:-1\" \/>\n<link rel=\"canonical\" href=\"https:\/\/www.ccc.ca\/fr\/conditions-dutilisation\/\" \/>\n<meta property=\"og:locale\" content=\"fr_CA\" \/>\n<meta property=\"og:type\" content=\"article\" \/>\n<meta property=\"og:title\" content=\"Conditions d\u2019utilisation\" \/>\n<meta property=\"og:description\" content=\"Veuillez lire les conditions d\u2019utilisation attentivement. En utilisant ce site, vous convenez d\u2019\u00eatre li\u00e9 par ces conditions. Utilisation du site \u00c0 sa seule discr\u00e9tion, la CCC peut r\u00e9silier l\u2019utilisation ou refuser de permettre d\u2019utiliser tous services et ce site par toute personne ou entit\u00e9, pour quelque raison que ce soit et sans pr\u00e9avis. En utilisant [...]\" \/>\n<meta property=\"og:url\" content=\"https:\/\/www.ccc.ca\/fr\/conditions-dutilisation\/\" \/>\n<meta property=\"og:site_name\" content=\"Canadian Commercial Corporation (CCC)\" \/>\n<meta property=\"article:publisher\" content=\"https:\/\/www.facebook.com\/CanadianCommercialCorporation\/\" \/>\n<meta property=\"article:modified_time\" content=\"2023-05-04T16:46:04+00:00\" \/>\n<meta property=\"og:image\" content=\"https:\/\/www.ccc.ca\/wp-content\/uploads\/2023\/05\/ccc-og.png\" \/>\n\t<meta property=\"og:image:width\" content=\"1200\" \/>\n\t<meta property=\"og:image:height\" content=\"675\" \/>\n\t<meta property=\"og:image:type\" content=\"image\/png\" \/>\n<meta name=\"twitter:card\" content=\"summary_large_image\" \/>\n<meta name=\"twitter:site\" content=\"@CanComCorp\" \/>\n<meta name=\"twitter:label1\" content=\"Estimation du temps de lecture\" \/>\n\t<meta name=\"twitter:data1\" content=\"5 minutes\" \/>\n<script type=\"application\/ld+json\" class=\"yoast-schema-graph\">{\"@context\":\"https:\\\/\\\/schema.org\",\"@graph\":[{\"@type\":\"WebPage\",\"@id\":\"https:\\\/\\\/www.ccc.ca\\\/fr\\\/conditions-dutilisation\\\/\",\"url\":\"https:\\\/\\\/www.ccc.ca\\\/fr\\\/conditions-dutilisation\\\/\",\"name\":\"Conditions d\u2019utilisation - Canadian Commercial Corporation (CCC)\",\"isPartOf\":{\"@id\":\"https:\\\/\\\/www.ccc.ca\\\/fr\\\/#website\"},\"datePublished\":\"2019-05-15T18:25:23+00:00\",\"dateModified\":\"2023-05-04T16:46:04+00:00\",\"breadcrumb\":{\"@id\":\"https:\\\/\\\/www.ccc.ca\\\/fr\\\/conditions-dutilisation\\\/#breadcrumb\"},\"inLanguage\":\"fr-CA\",\"potentialAction\":[{\"@type\":\"ReadAction\",\"target\":[\"https:\\\/\\\/www.ccc.ca\\\/fr\\\/conditions-dutilisation\\\/\"]}]},{\"@type\":\"BreadcrumbList\",\"@id\":\"https:\\\/\\\/www.ccc.ca\\\/fr\\\/conditions-dutilisation\\\/#breadcrumb\",\"itemListElement\":[{\"@type\":\"ListItem\",\"position\":1,\"name\":\"Accueil\",\"item\":\"https:\\\/\\\/www.ccc.ca\\\/fr\\\/\"},{\"@type\":\"ListItem\",\"position\":2,\"name\":\"Conditions d\u2019utilisation\"}]},{\"@type\":\"WebSite\",\"@id\":\"https:\\\/\\\/www.ccc.ca\\\/fr\\\/#website\",\"url\":\"https:\\\/\\\/www.ccc.ca\\\/fr\\\/\",\"name\":\"Canadian Commercial Corporation (CCC)\",\"description\":\"\",\"publisher\":{\"@id\":\"https:\\\/\\\/www.ccc.ca\\\/fr\\\/#organization\"},\"potentialAction\":[{\"@type\":\"SearchAction\",\"target\":{\"@type\":\"EntryPoint\",\"urlTemplate\":\"https:\\\/\\\/www.ccc.ca\\\/fr\\\/?s={search_term_string}\"},\"query-input\":{\"@type\":\"PropertyValueSpecification\",\"valueRequired\":true,\"valueName\":\"search_term_string\"}}],\"inLanguage\":\"fr-CA\"},{\"@type\":[\"Organization\",\"Place\"],\"@id\":\"https:\\\/\\\/www.ccc.ca\\\/fr\\\/#organization\",\"name\":\"The Canadian Commercial Corporation (CCC)\",\"url\":\"https:\\\/\\\/www.ccc.ca\\\/fr\\\/\",\"logo\":{\"@id\":\"https:\\\/\\\/www.ccc.ca\\\/fr\\\/conditions-dutilisation\\\/#local-main-organization-logo\"},\"image\":{\"@id\":\"https:\\\/\\\/www.ccc.ca\\\/fr\\\/conditions-dutilisation\\\/#local-main-organization-logo\"},\"sameAs\":[\"https:\\\/\\\/www.facebook.com\\\/CanadianCommercialCorporation\\\/\",\"https:\\\/\\\/x.com\\\/CanComCorp\",\"https:\\\/\\\/www.linkedin.com\\\/company\\\/canadian-commercial-corporation\\\/\"],\"address\":{\"@id\":\"https:\\\/\\\/www.ccc.ca\\\/fr\\\/conditions-dutilisation\\\/#local-main-place-address\"},\"telephone\":[\"1-613-996-0034\",\"1-800-748-8191\"],\"contactPoint\":{\"@type\":\"ContactPoint\",\"telephone\":\"1-613-996-0034\",\"email\":\"communications@ccc.ca\"},\"openingHoursSpecification\":[{\"@type\":\"OpeningHoursSpecification\",\"dayOfWeek\":[\"Monday\",\"Tuesday\",\"Wednesday\",\"Thursday\",\"Friday\",\"Saturday\",\"Sunday\"],\"opens\":\"09:00\",\"closes\":\"17:00\"}]},{\"@type\":\"PostalAddress\",\"@id\":\"https:\\\/\\\/www.ccc.ca\\\/fr\\\/conditions-dutilisation\\\/#local-main-place-address\",\"streetAddress\":\"350 Albert Street, Suite 1100\",\"addressLocality\":\"Ottawa\",\"postalCode\":\"K1A 0S6\",\"addressRegion\":\"Ontario\",\"addressCountry\":\"CA\"},{\"@type\":\"ImageObject\",\"inLanguage\":\"fr-CA\",\"@id\":\"https:\\\/\\\/www.ccc.ca\\\/fr\\\/conditions-dutilisation\\\/#local-main-organization-logo\",\"url\":\"https:\\\/\\\/www.ccc.ca\\\/wp-content\\\/uploads\\\/2023\\\/05\\\/ccc-og.png\",\"contentUrl\":\"https:\\\/\\\/www.ccc.ca\\\/wp-content\\\/uploads\\\/2023\\\/05\\\/ccc-og.png\",\"width\":1200,\"height\":675,\"caption\":\"The Canadian Commercial Corporation (CCC)\"}]}<\/script>\n<meta name=\"geo.placename\" content=\"Ottawa\" \/>\n<meta name=\"geo.region\" content=\"Canada\" \/>\n<!-- \/ Yoast SEO Premium plugin. -->","yoast_head_json":{"title":"Conditions d\u2019utilisation - Canadian Commercial Corporation (CCC)","robots":{"index":"index","follow":"follow","max-snippet":"max-snippet:-1","max-image-preview":"max-image-preview:large","max-video-preview":"max-video-preview:-1"},"canonical":"https:\/\/www.ccc.ca\/fr\/conditions-dutilisation\/","og_locale":"fr_CA","og_type":"article","og_title":"Conditions d\u2019utilisation","og_description":"Veuillez lire les conditions d\u2019utilisation attentivement. En utilisant ce site, vous convenez d\u2019\u00eatre li\u00e9 par ces conditions. Utilisation du site \u00c0 sa seule discr\u00e9tion, la CCC peut r\u00e9silier l\u2019utilisation ou refuser de permettre d\u2019utiliser tous services et ce site par toute personne ou entit\u00e9, pour quelque raison que ce soit et sans pr\u00e9avis. En utilisant [...]","og_url":"https:\/\/www.ccc.ca\/fr\/conditions-dutilisation\/","og_site_name":"Canadian Commercial Corporation (CCC)","article_publisher":"https:\/\/www.facebook.com\/CanadianCommercialCorporation\/","article_modified_time":"2023-05-04T16:46:04+00:00","og_image":[{"width":1200,"height":675,"url":"https:\/\/www.ccc.ca\/wp-content\/uploads\/2023\/05\/ccc-og.png","type":"image\/png"}],"twitter_card":"summary_large_image","twitter_site":"@CanComCorp","twitter_misc":{"Estimation du temps de lecture":"5 minutes"},"schema":{"@context":"https:\/\/schema.org","@graph":[{"@type":"WebPage","@id":"https:\/\/www.ccc.ca\/fr\/conditions-dutilisation\/","url":"https:\/\/www.ccc.ca\/fr\/conditions-dutilisation\/","name":"Conditions d\u2019utilisation - Canadian Commercial Corporation (CCC)","isPartOf":{"@id":"https:\/\/www.ccc.ca\/fr\/#website"},"datePublished":"2019-05-15T18:25:23+00:00","dateModified":"2023-05-04T16:46:04+00:00","breadcrumb":{"@id":"https:\/\/www.ccc.ca\/fr\/conditions-dutilisation\/#breadcrumb"},"inLanguage":"fr-CA","potentialAction":[{"@type":"ReadAction","target":["https:\/\/www.ccc.ca\/fr\/conditions-dutilisation\/"]}]},{"@type":"BreadcrumbList","@id":"https:\/\/www.ccc.ca\/fr\/conditions-dutilisation\/#breadcrumb","itemListElement":[{"@type":"ListItem","position":1,"name":"Accueil","item":"https:\/\/www.ccc.ca\/fr\/"},{"@type":"ListItem","position":2,"name":"Conditions d\u2019utilisation"}]},{"@type":"WebSite","@id":"https:\/\/www.ccc.ca\/fr\/#website","url":"https:\/\/www.ccc.ca\/fr\/","name":"Canadian Commercial Corporation (CCC)","description":"","publisher":{"@id":"https:\/\/www.ccc.ca\/fr\/#organization"},"potentialAction":[{"@type":"SearchAction","target":{"@type":"EntryPoint","urlTemplate":"https:\/\/www.ccc.ca\/fr\/?s={search_term_string}"},"query-input":{"@type":"PropertyValueSpecification","valueRequired":true,"valueName":"search_term_string"}}],"inLanguage":"fr-CA"},{"@type":["Organization","Place"],"@id":"https:\/\/www.ccc.ca\/fr\/#organization","name":"The Canadian Commercial Corporation (CCC)","url":"https:\/\/www.ccc.ca\/fr\/","logo":{"@id":"https:\/\/www.ccc.ca\/fr\/conditions-dutilisation\/#local-main-organization-logo"},"image":{"@id":"https:\/\/www.ccc.ca\/fr\/conditions-dutilisation\/#local-main-organization-logo"},"sameAs":["https:\/\/www.facebook.com\/CanadianCommercialCorporation\/","https:\/\/x.com\/CanComCorp","https:\/\/www.linkedin.com\/company\/canadian-commercial-corporation\/"],"address":{"@id":"https:\/\/www.ccc.ca\/fr\/conditions-dutilisation\/#local-main-place-address"},"telephone":["1-613-996-0034","1-800-748-8191"],"contactPoint":{"@type":"ContactPoint","telephone":"1-613-996-0034","email":"communications@ccc.ca"},"openingHoursSpecification":[{"@type":"OpeningHoursSpecification","dayOfWeek":["Monday","Tuesday","Wednesday","Thursday","Friday","Saturday","Sunday"],"opens":"09:00","closes":"17:00"}]},{"@type":"PostalAddress","@id":"https:\/\/www.ccc.ca\/fr\/conditions-dutilisation\/#local-main-place-address","streetAddress":"350 Albert Street, Suite 1100","addressLocality":"Ottawa","postalCode":"K1A 0S6","addressRegion":"Ontario","addressCountry":"CA"},{"@type":"ImageObject","inLanguage":"fr-CA","@id":"https:\/\/www.ccc.ca\/fr\/conditions-dutilisation\/#local-main-organization-logo","url":"https:\/\/www.ccc.ca\/wp-content\/uploads\/2023\/05\/ccc-og.png","contentUrl":"https:\/\/www.ccc.ca\/wp-content\/uploads\/2023\/05\/ccc-og.png","width":1200,"height":675,"caption":"The Canadian Commercial Corporation (CCC)"}]},"geo.placename":"Ottawa","geo.region":"Canada"},"_links":{"self":[{"href":"https:\/\/www.ccc.ca\/fr\/wp-json\/wp\/v2\/pages\/230","targetHints":{"allow":["GET"]}}],"collection":[{"href":"https:\/\/www.ccc.ca\/fr\/wp-json\/wp\/v2\/pages"}],"about":[{"href":"https:\/\/www.ccc.ca\/fr\/wp-json\/wp\/v2\/types\/page"}],"author":[{"embeddable":true,"href":"https:\/\/www.ccc.ca\/fr\/wp-json\/wp\/v2\/users\/3"}],"replies":[{"embeddable":true,"href":"https:\/\/www.ccc.ca\/fr\/wp-json\/wp\/v2\/comments?post=230"}],"version-history":[{"count":0,"href":"https:\/\/www.ccc.ca\/fr\/wp-json\/wp\/v2\/pages\/230\/revisions"}],"wp:attachment":[{"href":"https:\/\/www.ccc.ca\/fr\/wp-json\/wp\/v2\/media?parent=230"}],"curies":[{"name":"wp","href":"https:\/\/api.w.org\/{rel}","templated":true}]}}