{"id":232,"date":"2019-05-15T14:33:00","date_gmt":"2019-05-15T18:33:00","guid":{"rendered":"https:\/\/www.ccc.ca\/?page_id=232"},"modified":"2023-04-27T10:58:09","modified_gmt":"2023-04-27T14:58:09","slug":"mouchards","status":"publish","type":"page","link":"https:\/\/www.ccc.ca\/fr\/mouchards\/","title":{"rendered":"Mouchards"},"content":{"rendered":"\t\t<div data-elementor-type=\"wp-page\" data-elementor-id=\"232\" class=\"elementor elementor-232 elementor-216\" data-elementor-post-type=\"page\">\n\t\t\t\t\t\t<section class=\"elementor-section elementor-top-section elementor-element elementor-element-68c07f1f elementor-section-boxed elementor-section-height-default elementor-section-height-default\" data-id=\"68c07f1f\" data-element_type=\"section\" data-e-type=\"section\">\n\t\t\t\t\t\t<div class=\"elementor-container elementor-column-gap-default\">\n\t\t\t\t\t<div class=\"elementor-column elementor-col-100 elementor-top-column elementor-element elementor-element-6c97d61a\" data-id=\"6c97d61a\" data-element_type=\"column\" data-e-type=\"column\">\n\t\t\t<div class=\"elementor-widget-wrap elementor-element-populated\">\n\t\t\t\t\t\t<div class=\"elementor-element elementor-element-3fbbc499 elementor-widget elementor-widget-text-editor\" data-id=\"3fbbc499\" data-element_type=\"widget\" data-e-type=\"widget\" data-widget_type=\"text-editor.default\">\n\t\t\t\t<div class=\"elementor-widget-container\">\n\t\t\t\t\t\t\t\t\t<h2>Qu\u2019est-ce qu\u2019un t\u00e9moin et comment CCC s\u2019en sert-elle?<\/h2>\n<p>Les mouchards sont de petits fichiers texte install\u00e9s sur votre ordinateur lorsque vous consultez un site Web. Nous les utilisons pour recueillir et enregistrer des renseignements sur vos habitudes de navigation afin de mieux comprendre vos pr\u00e9f\u00e9rences et de vous reconna\u00eetre lors de vos visites suivantes. Vous pouvez modifier les param\u00e8tres de votre navigateur pour g\u00e9rer ou supprimer les t\u00e9moins \u00e0 votre guise. Pour savoir comment faire, consultez le menu d\u2019aide de votre navigateur.<\/p>\n<p>L\u2019utilisation de t\u00e9moins nous permet de vous offrir une exp\u00e9rience sur mesure gr\u00e2ce \u00e0 l\u2019analytique Web et \u00e0 l\u2019automatisation du marketing.<\/p>\n<h2>Analytique Web<\/h2>\n<p>L\u2019analytique Web consiste en la collecte, l\u2019analyse, la mesure et la communication de donn\u00e9es sur le trafic d\u2019un site Web; on y a recours pour comprendre et optimiser l\u2019utilisation d\u2019Internet. Nous recueillons les renseignements personnels suivants en vertu de\u00a0<em>la Loi sur la corporation commerciale canadienne<\/em>\u00a0: votre adresse IP, le type de navigateur utilis\u00e9, les pages visit\u00e9es ainsi que la date et l\u2019heure des demandes effectu\u00e9es. Les renseignements sont ensuite d\u00e9truits conform\u00e9ment \u00e0 la\u00a0<em>Norme sur la protection de la vie priv\u00e9e et le Web analytique<\/em>\u00a0et aux exigences du biblioth\u00e9caire et archiviste du Canada.<\/p>\n<p>Les t\u00e9moins permettent l\u2019analytique Web en colligeant des donn\u00e9es cumulatives sur les visiteurs du site et sur leurs habitudes de navigation. Ces renseignements nous permettent de savoir quelles sont les parties les plus visit\u00e9es de notre site et de rep\u00e9rer les aspects \u00e0 am\u00e9liorer. Puisque les donn\u00e9es sont cumulatives, il est impossible d\u2019identifier les utilisateurs individuels. Deux types de t\u00e9moins peut \u00eatre utilis\u00e9s \u00e0 ces fins :<\/p>\n<ol>\n<li>Des t\u00e9moins temporaires ou volatiles, enregistr\u00e9s sur votre navigateur uniquement pour la dur\u00e9e de votre visite. Ces t\u00e9moins suivent vos d\u00e9placements d\u2019un \u00e9cran \u00e0 l\u2019autre pour am\u00e9liorer l\u2019exp\u00e9rience de navigation.<\/li>\n<li>Des t\u00e9moins persistants, enregistr\u00e9s sur votre navigateur dans le but d\u2019\u00e9valuer l\u2019utilisation du site et de g\u00e9n\u00e9rer des rapports connexes. Pour cela, nous faisons appel au produit d\u2019un tiers, soit Adobe Analytics.<\/li>\n<\/ol>\n<h2>Automatisation du marketing<\/h2>\n<p>L\u2019automatisation du marketing correspond \u00e0 la collecte et \u00e0 l\u2019analyse des activit\u00e9s de navigation et d\u2019autres contacts que vous avez avec CCC, que ce soit par t\u00e9l\u00e9phone, par courriel ou lors de webinaires ou d\u2019\u00e9v\u00e9nements. Vos activit\u00e9s sur les sites Web d\u2019CCC sont analys\u00e9es gr\u00e2ce \u00e0 un t\u00e9moin persistant install\u00e9 dans votre navigateur lors de votre premi\u00e8re visite. Nous utilisons les services de HubSpot Marketing Software pour colliger et analyser ces renseignements.<\/p>\n<p>L\u2019analyse de ces donn\u00e9es nous permet de vous offrir de l\u2019information, du contenu, des produits et des services adapt\u00e9s \u00e0 vos pr\u00e9f\u00e9rences et \u00e0 vos besoins. Les renseignements sur vos pr\u00e9f\u00e9rences sont associ\u00e9s \u00e0 ceux que vous soumettez lorsque vous remplissez un formulaire, par exemple pour poser une question ou vous inscrire \u00e0 un livre blanc ou \u00e0 un bulletin. Tous nos formulaires vous rappellent que vous n\u2019\u00eates pas tenu de fournir vos renseignements personnels. Le cas \u00e9ch\u00e9ant, nous pourrions cependant ne pas \u00eatre en mesure de vous offrir le contenu demand\u00e9, de r\u00e9pondre \u00e0 vos questions ou d\u2019adapter les renseignements envoy\u00e9s \u00e0 vos pr\u00e9f\u00e9rences.<\/p>\n<p>N\u2019oubliez pas que vous pouvez modifier les param\u00e8tres de votre navigateur pour g\u00e9rer ou supprimer les t\u00e9moins \u00e0 votre guise. Pour savoir comment faire, consultez le menu d\u2019aide de votre navigateur.<\/p>\t\t\t\t\t\t\t\t<\/div>\n\t\t\t\t<\/div>\n\t\t\t\t\t<\/div>\n\t\t<\/div>\n\t\t\t\t\t<\/div>\n\t\t<\/section>\n\t\t\t\t<\/div>\n\t\t","protected":false},"excerpt":{"rendered":"<p>Qu\u2019est-ce qu\u2019un t\u00e9moin et comment CCC s\u2019en sert-elle? Les mouchards sont de petits fichiers texte install\u00e9s sur votre ordinateur lorsque vous consultez un site Web. Nous les utilisons pour recueillir et enregistrer des renseignements sur vos habitudes de navigation afin de mieux comprendre vos pr\u00e9f\u00e9rences et de vous reconna\u00eetre lors de vos visites suivantes. Vous [&#8230;]<\/p>\n","protected":false},"author":3,"featured_media":0,"parent":0,"menu_order":98,"comment_status":"closed","ping_status":"closed","template":"","meta":{"_acf_changed":false,"content-type":"","_relevanssi_hide_post":"","_relevanssi_hide_content":"","_relevanssi_pin_for_all":"","_relevanssi_pin_keywords":"","_relevanssi_unpin_keywords":"","_relevanssi_related_keywords":"","_relevanssi_related_include_ids":"","_relevanssi_related_exclude_ids":"","_relevanssi_related_no_append":"","_relevanssi_related_not_related":"","_relevanssi_related_posts":"","_relevanssi_noindex_reason":"","footnotes":""},"class_list":["post-232","page","type-page","status-publish","hentry"],"acf":[],"yoast_head":"<!-- This site is optimized with the Yoast SEO Premium plugin v23.4 (Yoast SEO v27.3) - https:\/\/yoast.com\/product\/yoast-seo-premium-wordpress\/ -->\n<title>Mouchards - Canadian Commercial Corporation (CCC)<\/title>\n<meta name=\"robots\" content=\"index, follow, max-snippet:-1, max-image-preview:large, max-video-preview:-1\" \/>\n<link rel=\"canonical\" href=\"https:\/\/www.ccc.ca\/fr\/mouchards\/\" \/>\n<meta property=\"og:locale\" content=\"fr_CA\" \/>\n<meta property=\"og:type\" content=\"article\" \/>\n<meta property=\"og:title\" content=\"Mouchards\" \/>\n<meta property=\"og:description\" content=\"Qu\u2019est-ce qu\u2019un t\u00e9moin et comment CCC s\u2019en sert-elle? Les mouchards sont de petits fichiers texte install\u00e9s sur votre ordinateur lorsque vous consultez un site Web. Nous les utilisons pour recueillir et enregistrer des renseignements sur vos habitudes de navigation afin de mieux comprendre vos pr\u00e9f\u00e9rences et de vous reconna\u00eetre lors de vos visites suivantes. Vous [...]\" \/>\n<meta property=\"og:url\" content=\"https:\/\/www.ccc.ca\/fr\/mouchards\/\" \/>\n<meta property=\"og:site_name\" content=\"Canadian Commercial Corporation (CCC)\" \/>\n<meta property=\"article:publisher\" content=\"https:\/\/www.facebook.com\/CanadianCommercialCorporation\/\" \/>\n<meta property=\"article:modified_time\" content=\"2023-04-27T14:58:09+00:00\" \/>\n<meta property=\"og:image\" content=\"https:\/\/www.ccc.ca\/wp-content\/uploads\/2023\/05\/ccc-og.png\" \/>\n\t<meta property=\"og:image:width\" content=\"1200\" \/>\n\t<meta property=\"og:image:height\" content=\"675\" \/>\n\t<meta property=\"og:image:type\" content=\"image\/png\" \/>\n<meta name=\"twitter:card\" content=\"summary_large_image\" \/>\n<meta name=\"twitter:site\" content=\"@CanComCorp\" \/>\n<meta name=\"twitter:label1\" content=\"Estimation du temps de lecture\" \/>\n\t<meta name=\"twitter:data1\" content=\"3 minutes\" \/>\n<script type=\"application\/ld+json\" class=\"yoast-schema-graph\">{\"@context\":\"https:\\\/\\\/schema.org\",\"@graph\":[{\"@type\":\"WebPage\",\"@id\":\"https:\\\/\\\/www.ccc.ca\\\/fr\\\/mouchards\\\/\",\"url\":\"https:\\\/\\\/www.ccc.ca\\\/fr\\\/mouchards\\\/\",\"name\":\"Mouchards - Canadian Commercial Corporation (CCC)\",\"isPartOf\":{\"@id\":\"https:\\\/\\\/www.ccc.ca\\\/fr\\\/#website\"},\"datePublished\":\"2019-05-15T18:33:00+00:00\",\"dateModified\":\"2023-04-27T14:58:09+00:00\",\"breadcrumb\":{\"@id\":\"https:\\\/\\\/www.ccc.ca\\\/fr\\\/mouchards\\\/#breadcrumb\"},\"inLanguage\":\"fr-CA\",\"potentialAction\":[{\"@type\":\"ReadAction\",\"target\":[\"https:\\\/\\\/www.ccc.ca\\\/fr\\\/mouchards\\\/\"]}]},{\"@type\":\"BreadcrumbList\",\"@id\":\"https:\\\/\\\/www.ccc.ca\\\/fr\\\/mouchards\\\/#breadcrumb\",\"itemListElement\":[{\"@type\":\"ListItem\",\"position\":1,\"name\":\"Accueil\",\"item\":\"https:\\\/\\\/www.ccc.ca\\\/fr\\\/\"},{\"@type\":\"ListItem\",\"position\":2,\"name\":\"Mouchards\"}]},{\"@type\":\"WebSite\",\"@id\":\"https:\\\/\\\/www.ccc.ca\\\/fr\\\/#website\",\"url\":\"https:\\\/\\\/www.ccc.ca\\\/fr\\\/\",\"name\":\"Canadian Commercial Corporation (CCC)\",\"description\":\"\",\"publisher\":{\"@id\":\"https:\\\/\\\/www.ccc.ca\\\/fr\\\/#organization\"},\"potentialAction\":[{\"@type\":\"SearchAction\",\"target\":{\"@type\":\"EntryPoint\",\"urlTemplate\":\"https:\\\/\\\/www.ccc.ca\\\/fr\\\/?s={search_term_string}\"},\"query-input\":{\"@type\":\"PropertyValueSpecification\",\"valueRequired\":true,\"valueName\":\"search_term_string\"}}],\"inLanguage\":\"fr-CA\"},{\"@type\":[\"Organization\",\"Place\"],\"@id\":\"https:\\\/\\\/www.ccc.ca\\\/fr\\\/#organization\",\"name\":\"The Canadian Commercial Corporation (CCC)\",\"url\":\"https:\\\/\\\/www.ccc.ca\\\/fr\\\/\",\"logo\":{\"@id\":\"https:\\\/\\\/www.ccc.ca\\\/fr\\\/mouchards\\\/#local-main-organization-logo\"},\"image\":{\"@id\":\"https:\\\/\\\/www.ccc.ca\\\/fr\\\/mouchards\\\/#local-main-organization-logo\"},\"sameAs\":[\"https:\\\/\\\/www.facebook.com\\\/CanadianCommercialCorporation\\\/\",\"https:\\\/\\\/x.com\\\/CanComCorp\",\"https:\\\/\\\/www.linkedin.com\\\/company\\\/canadian-commercial-corporation\\\/\"],\"address\":{\"@id\":\"https:\\\/\\\/www.ccc.ca\\\/fr\\\/mouchards\\\/#local-main-place-address\"},\"telephone\":[\"1-613-996-0034\",\"1-800-748-8191\"],\"contactPoint\":{\"@type\":\"ContactPoint\",\"telephone\":\"1-613-996-0034\",\"email\":\"communications@ccc.ca\"},\"openingHoursSpecification\":[{\"@type\":\"OpeningHoursSpecification\",\"dayOfWeek\":[\"Monday\",\"Tuesday\",\"Wednesday\",\"Thursday\",\"Friday\",\"Saturday\",\"Sunday\"],\"opens\":\"09:00\",\"closes\":\"17:00\"}]},{\"@type\":\"PostalAddress\",\"@id\":\"https:\\\/\\\/www.ccc.ca\\\/fr\\\/mouchards\\\/#local-main-place-address\",\"streetAddress\":\"350 Albert Street, Suite 1100\",\"addressLocality\":\"Ottawa\",\"postalCode\":\"K1A 0S6\",\"addressRegion\":\"Ontario\",\"addressCountry\":\"CA\"},{\"@type\":\"ImageObject\",\"inLanguage\":\"fr-CA\",\"@id\":\"https:\\\/\\\/www.ccc.ca\\\/fr\\\/mouchards\\\/#local-main-organization-logo\",\"url\":\"https:\\\/\\\/www.ccc.ca\\\/wp-content\\\/uploads\\\/2023\\\/05\\\/ccc-og.png\",\"contentUrl\":\"https:\\\/\\\/www.ccc.ca\\\/wp-content\\\/uploads\\\/2023\\\/05\\\/ccc-og.png\",\"width\":1200,\"height\":675,\"caption\":\"The Canadian Commercial Corporation (CCC)\"}]}<\/script>\n<meta name=\"geo.placename\" content=\"Ottawa\" \/>\n<meta name=\"geo.region\" content=\"Canada\" \/>\n<!-- \/ Yoast SEO Premium plugin. -->","yoast_head_json":{"title":"Mouchards - Canadian Commercial Corporation (CCC)","robots":{"index":"index","follow":"follow","max-snippet":"max-snippet:-1","max-image-preview":"max-image-preview:large","max-video-preview":"max-video-preview:-1"},"canonical":"https:\/\/www.ccc.ca\/fr\/mouchards\/","og_locale":"fr_CA","og_type":"article","og_title":"Mouchards","og_description":"Qu\u2019est-ce qu\u2019un t\u00e9moin et comment CCC s\u2019en sert-elle? Les mouchards sont de petits fichiers texte install\u00e9s sur votre ordinateur lorsque vous consultez un site Web. Nous les utilisons pour recueillir et enregistrer des renseignements sur vos habitudes de navigation afin de mieux comprendre vos pr\u00e9f\u00e9rences et de vous reconna\u00eetre lors de vos visites suivantes. Vous [...]","og_url":"https:\/\/www.ccc.ca\/fr\/mouchards\/","og_site_name":"Canadian Commercial Corporation (CCC)","article_publisher":"https:\/\/www.facebook.com\/CanadianCommercialCorporation\/","article_modified_time":"2023-04-27T14:58:09+00:00","og_image":[{"width":1200,"height":675,"url":"https:\/\/www.ccc.ca\/wp-content\/uploads\/2023\/05\/ccc-og.png","type":"image\/png"}],"twitter_card":"summary_large_image","twitter_site":"@CanComCorp","twitter_misc":{"Estimation du temps de lecture":"3 minutes"},"schema":{"@context":"https:\/\/schema.org","@graph":[{"@type":"WebPage","@id":"https:\/\/www.ccc.ca\/fr\/mouchards\/","url":"https:\/\/www.ccc.ca\/fr\/mouchards\/","name":"Mouchards - Canadian Commercial Corporation (CCC)","isPartOf":{"@id":"https:\/\/www.ccc.ca\/fr\/#website"},"datePublished":"2019-05-15T18:33:00+00:00","dateModified":"2023-04-27T14:58:09+00:00","breadcrumb":{"@id":"https:\/\/www.ccc.ca\/fr\/mouchards\/#breadcrumb"},"inLanguage":"fr-CA","potentialAction":[{"@type":"ReadAction","target":["https:\/\/www.ccc.ca\/fr\/mouchards\/"]}]},{"@type":"BreadcrumbList","@id":"https:\/\/www.ccc.ca\/fr\/mouchards\/#breadcrumb","itemListElement":[{"@type":"ListItem","position":1,"name":"Accueil","item":"https:\/\/www.ccc.ca\/fr\/"},{"@type":"ListItem","position":2,"name":"Mouchards"}]},{"@type":"WebSite","@id":"https:\/\/www.ccc.ca\/fr\/#website","url":"https:\/\/www.ccc.ca\/fr\/","name":"Canadian Commercial Corporation (CCC)","description":"","publisher":{"@id":"https:\/\/www.ccc.ca\/fr\/#organization"},"potentialAction":[{"@type":"SearchAction","target":{"@type":"EntryPoint","urlTemplate":"https:\/\/www.ccc.ca\/fr\/?s={search_term_string}"},"query-input":{"@type":"PropertyValueSpecification","valueRequired":true,"valueName":"search_term_string"}}],"inLanguage":"fr-CA"},{"@type":["Organization","Place"],"@id":"https:\/\/www.ccc.ca\/fr\/#organization","name":"The Canadian Commercial Corporation (CCC)","url":"https:\/\/www.ccc.ca\/fr\/","logo":{"@id":"https:\/\/www.ccc.ca\/fr\/mouchards\/#local-main-organization-logo"},"image":{"@id":"https:\/\/www.ccc.ca\/fr\/mouchards\/#local-main-organization-logo"},"sameAs":["https:\/\/www.facebook.com\/CanadianCommercialCorporation\/","https:\/\/x.com\/CanComCorp","https:\/\/www.linkedin.com\/company\/canadian-commercial-corporation\/"],"address":{"@id":"https:\/\/www.ccc.ca\/fr\/mouchards\/#local-main-place-address"},"telephone":["1-613-996-0034","1-800-748-8191"],"contactPoint":{"@type":"ContactPoint","telephone":"1-613-996-0034","email":"communications@ccc.ca"},"openingHoursSpecification":[{"@type":"OpeningHoursSpecification","dayOfWeek":["Monday","Tuesday","Wednesday","Thursday","Friday","Saturday","Sunday"],"opens":"09:00","closes":"17:00"}]},{"@type":"PostalAddress","@id":"https:\/\/www.ccc.ca\/fr\/mouchards\/#local-main-place-address","streetAddress":"350 Albert Street, Suite 1100","addressLocality":"Ottawa","postalCode":"K1A 0S6","addressRegion":"Ontario","addressCountry":"CA"},{"@type":"ImageObject","inLanguage":"fr-CA","@id":"https:\/\/www.ccc.ca\/fr\/mouchards\/#local-main-organization-logo","url":"https:\/\/www.ccc.ca\/wp-content\/uploads\/2023\/05\/ccc-og.png","contentUrl":"https:\/\/www.ccc.ca\/wp-content\/uploads\/2023\/05\/ccc-og.png","width":1200,"height":675,"caption":"The Canadian Commercial Corporation (CCC)"}]},"geo.placename":"Ottawa","geo.region":"Canada"},"_links":{"self":[{"href":"https:\/\/www.ccc.ca\/fr\/wp-json\/wp\/v2\/pages\/232","targetHints":{"allow":["GET"]}}],"collection":[{"href":"https:\/\/www.ccc.ca\/fr\/wp-json\/wp\/v2\/pages"}],"about":[{"href":"https:\/\/www.ccc.ca\/fr\/wp-json\/wp\/v2\/types\/page"}],"author":[{"embeddable":true,"href":"https:\/\/www.ccc.ca\/fr\/wp-json\/wp\/v2\/users\/3"}],"replies":[{"embeddable":true,"href":"https:\/\/www.ccc.ca\/fr\/wp-json\/wp\/v2\/comments?post=232"}],"version-history":[{"count":0,"href":"https:\/\/www.ccc.ca\/fr\/wp-json\/wp\/v2\/pages\/232\/revisions"}],"wp:attachment":[{"href":"https:\/\/www.ccc.ca\/fr\/wp-json\/wp\/v2\/media?parent=232"}],"curies":[{"name":"wp","href":"https:\/\/api.w.org\/{rel}","templated":true}]}}