{"id":24951,"date":"2022-12-13T11:14:23","date_gmt":"2022-12-13T16:14:23","guid":{"rendered":"https:\/\/www.ccc.ca\/?page_id=24951"},"modified":"2025-12-19T13:16:07","modified_gmt":"2025-12-19T18:16:07","slug":"accessibilite","status":"publish","type":"page","link":"https:\/\/www.ccc.ca\/fr\/accessibilite\/","title":{"rendered":"Accessibilit\u00e9"},"content":{"rendered":"\t\t<div data-elementor-type=\"wp-page\" data-elementor-id=\"24951\" class=\"elementor elementor-24951 elementor-24947\" data-elementor-post-type=\"page\">\n\t\t\t\t\t\t<section class=\"elementor-section elementor-top-section elementor-element elementor-element-bb2c2a1 elementor-section-boxed elementor-section-height-default elementor-section-height-default\" data-id=\"bb2c2a1\" data-element_type=\"section\" data-e-type=\"section\">\n\t\t\t\t\t\t<div class=\"elementor-container elementor-column-gap-default\">\n\t\t\t\t\t<div class=\"elementor-column elementor-col-66 elementor-top-column elementor-element elementor-element-6a588da\" data-id=\"6a588da\" data-element_type=\"column\" data-e-type=\"column\">\n\t\t\t<div class=\"elementor-widget-wrap elementor-element-populated\">\n\t\t\t\t\t\t<div class=\"elementor-element elementor-element-3fa8570 elementor-widget elementor-widget-text-editor\" data-id=\"3fa8570\" data-element_type=\"widget\" data-e-type=\"widget\" data-widget_type=\"text-editor.default\">\n\t\t\t\t<div class=\"elementor-widget-container\">\n\t\t\t\t\t\t\t\t\t<h2>Rendre la CCC plus accessible<\/h2><p>La CCC s&rsquo;engage \u00e0 assurer l&rsquo;accessibilit\u00e9 des personnes handicap\u00e9es en cr\u00e9ant un cadre qui permet l&rsquo;identification proactive, l&rsquo;\u00e9limination et la pr\u00e9vention des obstacles partout o\u00f9 les personnes handicap\u00e9es interagissent avec notre organisation.\u00a0<\/p><p>Notre plan d&rsquo;accessibilit\u00e9 est un engagement \u00e0\u00a0:<\/p><ul><li>identifier, pr\u00e9venir et \u00e9liminer les obstacles auxquels sont confront\u00e9es les personnes handicap\u00e9es pour acc\u00e9der aux services, aux installations et aux informations de la CCC ;<\/li><li>r\u00e9pondre aux besoins d&rsquo;accessibilit\u00e9 des personnes handicap\u00e9es pour s&rsquo;assurer qu&rsquo;elles peuvent obtenir, utiliser ou b\u00e9n\u00e9ficier des services, de l&rsquo;information et des installations de la CCC, et qu&rsquo;elles peuvent le faire en temps opportun, \u00e0 un co\u00fbt qui n&rsquo;est pas sup\u00e9rieur \u00e0 celui des personnes non handicap\u00e9es ; et<\/li><li>d\u00e9velopper et former nos employ\u00e9s pour qu&rsquo;ils puissent fournir des services, de l&rsquo;information et des installations accessibles aux personnes handicap\u00e9es, de mani\u00e8re respectueuse et en temps opportun.<\/li><\/ul><p>Guid\u00e9e par la <a href=\"https:\/\/laws-lois.justice.gc.ca\/fra\/lois\/a-0.6\/\">Loi sur l&rsquo;accessibilit\u00e9 du Canada<\/a> et les normes pertinentes, la mise en \u0153uvre de notre Plan d&rsquo;accessibilit\u00e9 permettra d&rsquo;am\u00e9liorer l&rsquo;interaction entre les personnes handicap\u00e9es et la CCC.\u00a0<\/p><h2>Prochaines \u00e9tapes<\/h2><p>Tous les documents pertinents, y compris notre <strong>Plan d&rsquo;accessibilit\u00e9<\/strong> et notre <strong>Processus de mise en \u0153uvre<\/strong>, seront mis \u00e0 votre disposition ici, \u00e0 mesure qu&rsquo;ils seront approuv\u00e9s.\u00a0<\/p><p>Si vous avez des questions, des commentaires ou des demandes d&rsquo;accessibilit\u00e9, veuillez communiquer avec <a href=\"mailto:hr@ccc.ca\">hr@ccc.ca<\/a>.<\/p>\t\t\t\t\t\t\t\t<\/div>\n\t\t\t\t<\/div>\n\t\t\t\t<div class=\"elementor-element elementor-element-c8e2a42 elementor-widget elementor-widget-text-editor\" data-id=\"c8e2a42\" data-element_type=\"widget\" data-e-type=\"widget\" data-widget_type=\"text-editor.default\">\n\t\t\t\t<div class=\"elementor-widget-container\">\n\t\t\t\t\t\t\t\t\t<p>1,1 : <a href=\"https:\/\/www.ccc.ca\/wp-content\/uploads\/2025\/12\/Canadian-Commercial-Corporation-Accessibility-Plan-2025-Final_FRE.docx\">Plan sur l\u2019accessibilit\u00e9\u00a0(2025)<\/a><\/p><p>1,2 : <a href=\"https:\/\/www.ccc.ca\/wp-content\/uploads\/2025\/12\/Canadian-Commercial-Corporation-Accessibility-Plan-2025-Final_FRE.docx\">Description du processus de r\u00e9troaction (voir page 5)<\/a><\/p><p>1,3 : <a href=\"https:\/\/www.ccc.ca\/wp-content\/uploads\/2025\/12\/Canadian-Commercial-Corporation-Accessibility-PlanCCC-6142accessible-Berman-FR.docx\">Plan sur l\u2019accessibilit\u00e9\u00a0(2022)<\/a><\/p><p>1,4 : <a href=\"https:\/\/www.ccc.ca\/fr\/accessibilite\/rapport-detape-sur-laccessibilite-de-janvier-2024-a-decembre-2024\/\">Rapport d\u2019\u00e9tape sur l\u2019accessibilit\u00e9 \u2013\u00a0 (2024)<\/a><\/p><p>1,5 : <a href=\"\/fr\/accessibilite\/rapport-detape-sur-laccessibilite-de-janvier-2023-a-decembre-2023\/\">Rapport d\u2019\u00e9tape sur l\u2019accessibilit\u00e9 \u2013 (2023)<\/a><\/p>\t\t\t\t\t\t\t\t<\/div>\n\t\t\t\t<\/div>\n\t\t\t\t<section class=\"elementor-section elementor-inner-section elementor-element elementor-element-926024c elementor-section-boxed elementor-section-height-default elementor-section-height-default\" data-id=\"926024c\" data-element_type=\"section\" data-e-type=\"section\">\n\t\t\t\t\t\t<div class=\"elementor-container elementor-column-gap-default\">\n\t\t\t\t\t<div class=\"elementor-column elementor-col-50 elementor-inner-column elementor-element elementor-element-3cfb734\" data-id=\"3cfb734\" data-element_type=\"column\" data-e-type=\"column\">\n\t\t\t<div class=\"elementor-widget-wrap elementor-element-populated\">\n\t\t\t\t\t\t<div class=\"elementor-element elementor-element-469cd21 elementor-align-center elementor-widget elementor-widget-button\" data-id=\"469cd21\" data-element_type=\"widget\" data-e-type=\"widget\" data-widget_type=\"button.default\">\n\t\t\t\t<div class=\"elementor-widget-container\">\n\t\t\t\t\t\t\t\t\t<div class=\"elementor-button-wrapper\">\n\t\t\t\t\t<a class=\"elementor-button elementor-button-link elementor-size-sm\" href=\"https:\/\/www.ccc.ca\/wp-content\/uploads\/2025\/12\/Canadian-Commercial-Corporation-Accessibility-Plan-2025-Final_FRE.docx\">\n\t\t\t\t\t\t<span class=\"elementor-button-content-wrapper\">\n\t\t\t\t\t\t\t\t\t<span class=\"elementor-button-text\">T\u00e9l\u00e9charger le Plan d'accessibilit\u00e9<\/span>\n\t\t\t\t\t<\/span>\n\t\t\t\t\t<\/a>\n\t\t\t\t<\/div>\n\t\t\t\t\t\t\t\t<\/div>\n\t\t\t\t<\/div>\n\t\t\t\t\t<\/div>\n\t\t<\/div>\n\t\t\t\t<div class=\"elementor-column elementor-col-50 elementor-inner-column elementor-element elementor-element-f2c2ce0\" data-id=\"f2c2ce0\" data-element_type=\"column\" data-e-type=\"column\">\n\t\t\t<div class=\"elementor-widget-wrap elementor-element-populated\">\n\t\t\t\t\t\t<div class=\"elementor-element elementor-element-f8e290d elementor-align-center elementor-widget elementor-widget-button\" data-id=\"f8e290d\" data-element_type=\"widget\" data-e-type=\"widget\" data-widget_type=\"button.default\">\n\t\t\t\t<div class=\"elementor-widget-container\">\n\t\t\t\t\t\t\t\t\t<div class=\"elementor-button-wrapper\">\n\t\t\t\t\t<a class=\"elementor-button elementor-button-link elementor-size-sm\" href=\"https:\/\/www.ccc.ca\/wp-content\/uploads\/2023\/12\/Accessibility-Progress-Report-January-2023-FR.pdf\">\n\t\t\t\t\t\t<span class=\"elementor-button-content-wrapper\">\n\t\t\t\t\t\t\t\t\t<span class=\"elementor-button-text\">T\u00e9l\u00e9charger le Rapport sur l\u2019accessibilit\u00e9 <\/span>\n\t\t\t\t\t<\/span>\n\t\t\t\t\t<\/a>\n\t\t\t\t<\/div>\n\t\t\t\t\t\t\t\t<\/div>\n\t\t\t\t<\/div>\n\t\t\t\t\t<\/div>\n\t\t<\/div>\n\t\t\t\t\t<\/div>\n\t\t<\/section>\n\t\t\t\t<div class=\"elementor-element elementor-element-012b3bf elementor-widget elementor-widget-spacer\" data-id=\"012b3bf\" data-element_type=\"widget\" data-e-type=\"widget\" data-widget_type=\"spacer.default\">\n\t\t\t\t<div class=\"elementor-widget-container\">\n\t\t\t\t\t\t\t<div class=\"elementor-spacer\">\n\t\t\t<div class=\"elementor-spacer-inner\"><\/div>\n\t\t<\/div>\n\t\t\t\t\t\t<\/div>\n\t\t\t\t<\/div>\n\t\t\t\t\t<\/div>\n\t\t<\/div>\n\t\t\t\t<div class=\"elementor-column elementor-col-33 elementor-top-column elementor-element elementor-element-089070b\" data-id=\"089070b\" data-element_type=\"column\" data-e-type=\"column\">\n\t\t\t<div class=\"elementor-widget-wrap elementor-element-populated\">\n\t\t\t\t\t\t<section class=\"elementor-section elementor-inner-section elementor-element elementor-element-7311e23 elementor-section-boxed elementor-section-height-default elementor-section-height-default\" data-id=\"7311e23\" data-element_type=\"section\" data-e-type=\"section\" data-settings=\"{&quot;background_background&quot;:&quot;classic&quot;}\">\n\t\t\t\t\t\t<div class=\"elementor-container elementor-column-gap-default\">\n\t\t\t\t\t<div class=\"elementor-column elementor-col-100 elementor-inner-column elementor-element elementor-element-c5260e2\" data-id=\"c5260e2\" data-element_type=\"column\" data-e-type=\"column\">\n\t\t\t<div class=\"elementor-widget-wrap elementor-element-populated\">\n\t\t\t\t\t\t<div class=\"elementor-element elementor-element-2ff2c33 elementor-widget elementor-widget-heading\" data-id=\"2ff2c33\" data-element_type=\"widget\" data-e-type=\"widget\" data-widget_type=\"heading.default\">\n\t\t\t\t<div class=\"elementor-widget-container\">\n\t\t\t\t\t<span class=\"elementor-heading-title elementor-size-default\">Voir aussi :<\/span>\t\t\t\t<\/div>\n\t\t\t\t<\/div>\n\t\t\t\t<div class=\"elementor-element elementor-element-4076835 chevron-list elementor-widget elementor-widget-text-editor\" data-id=\"4076835\" data-element_type=\"widget\" data-e-type=\"widget\" data-widget_type=\"text-editor.default\">\n\t\t\t\t<div class=\"elementor-widget-container\">\n\t\t\t\t\t\t\t\t\t<ul><li><a href=\"https:\/\/www.canada.ca\/fr\/emploi-developpement-social\/programmes\/accessible-personnes-handicapees\/loi-resume.html\">R\u00e9sum\u00e9 de la Loi sur l&rsquo;accessibilit\u00e9 du Canada<\/a><\/li><\/ul>\t\t\t\t\t\t\t\t<\/div>\n\t\t\t\t<\/div>\n\t\t\t\t\t<\/div>\n\t\t<\/div>\n\t\t\t\t\t<\/div>\n\t\t<\/section>\n\t\t\t\t\t<\/div>\n\t\t<\/div>\n\t\t\t\t\t<\/div>\n\t\t<\/section>\n\t\t\t\t<\/div>\n\t\t","protected":false},"excerpt":{"rendered":"<p>Rendre la CCC plus accessible La CCC s&rsquo;engage \u00e0 assurer l&rsquo;accessibilit\u00e9 des personnes handicap\u00e9es en cr\u00e9ant un cadre qui permet l&rsquo;identification proactive, l&rsquo;\u00e9limination et la pr\u00e9vention des obstacles partout o\u00f9 les personnes handicap\u00e9es interagissent avec notre organisation.\u00a0 Notre plan d&rsquo;accessibilit\u00e9 est un engagement \u00e0\u00a0: identifier, pr\u00e9venir et \u00e9liminer les obstacles auxquels sont confront\u00e9es les personnes [&#8230;]<\/p>\n","protected":false},"author":49,"featured_media":25856,"parent":0,"menu_order":6,"comment_status":"closed","ping_status":"closed","template":"","meta":{"_acf_changed":false,"content-type":"","_relevanssi_hide_post":"","_relevanssi_hide_content":"","_relevanssi_pin_for_all":"","_relevanssi_pin_keywords":"","_relevanssi_unpin_keywords":"","_relevanssi_related_keywords":"","_relevanssi_related_include_ids":"","_relevanssi_related_exclude_ids":"","_relevanssi_related_no_append":"","_relevanssi_related_not_related":"","_relevanssi_related_posts":"","_relevanssi_noindex_reason":"","footnotes":""},"class_list":["post-24951","page","type-page","status-publish","has-post-thumbnail","hentry"],"acf":[],"yoast_head":"<!-- This site is optimized with the Yoast SEO Premium plugin v23.4 (Yoast SEO v27.3) - https:\/\/yoast.com\/product\/yoast-seo-premium-wordpress\/ -->\n<title>Accessibilit\u00e9 - Canadian Commercial Corporation (CCC)<\/title>\n<meta name=\"robots\" content=\"index, follow, max-snippet:-1, max-image-preview:large, max-video-preview:-1\" \/>\n<link rel=\"canonical\" href=\"https:\/\/www.ccc.ca\/fr\/accessibilite\/\" \/>\n<meta property=\"og:locale\" content=\"fr_CA\" \/>\n<meta property=\"og:type\" content=\"article\" \/>\n<meta property=\"og:title\" content=\"Accessibilit\u00e9\" \/>\n<meta property=\"og:description\" content=\"Rendre la CCC plus accessible La CCC s&rsquo;engage \u00e0 assurer l&rsquo;accessibilit\u00e9 des personnes handicap\u00e9es en cr\u00e9ant un cadre qui permet l&rsquo;identification proactive, l&rsquo;\u00e9limination et la pr\u00e9vention des obstacles partout o\u00f9 les personnes handicap\u00e9es interagissent avec notre organisation.\u00a0 Notre plan d&rsquo;accessibilit\u00e9 est un engagement \u00e0\u00a0: identifier, pr\u00e9venir et \u00e9liminer les obstacles auxquels sont confront\u00e9es les personnes [...]\" \/>\n<meta property=\"og:url\" content=\"https:\/\/www.ccc.ca\/fr\/accessibilite\/\" \/>\n<meta property=\"og:site_name\" content=\"Canadian Commercial Corporation (CCC)\" \/>\n<meta property=\"article:publisher\" content=\"https:\/\/www.facebook.com\/CanadianCommercialCorporation\/\" \/>\n<meta property=\"article:modified_time\" content=\"2025-12-19T18:16:07+00:00\" \/>\n<meta property=\"og:image\" content=\"https:\/\/www.ccc.ca\/wp-content\/uploads\/2023\/03\/header-photo-accessibility.jpg\" \/>\n\t<meta property=\"og:image:width\" content=\"1254\" \/>\n\t<meta property=\"og:image:height\" content=\"836\" \/>\n\t<meta property=\"og:image:type\" content=\"image\/jpeg\" \/>\n<meta name=\"twitter:card\" content=\"summary_large_image\" \/>\n<meta name=\"twitter:site\" content=\"@CanComCorp\" \/>\n<meta name=\"twitter:label1\" content=\"Estimation du temps de lecture\" \/>\n\t<meta name=\"twitter:data1\" content=\"2 minutes\" \/>\n<script type=\"application\/ld+json\" class=\"yoast-schema-graph\">{\"@context\":\"https:\\\/\\\/schema.org\",\"@graph\":[{\"@type\":\"WebPage\",\"@id\":\"https:\\\/\\\/www.ccc.ca\\\/fr\\\/accessibilite\\\/\",\"url\":\"https:\\\/\\\/www.ccc.ca\\\/fr\\\/accessibilite\\\/\",\"name\":\"Accessibilit\u00e9 - Canadian Commercial Corporation (CCC)\",\"isPartOf\":{\"@id\":\"https:\\\/\\\/www.ccc.ca\\\/fr\\\/#website\"},\"primaryImageOfPage\":{\"@id\":\"https:\\\/\\\/www.ccc.ca\\\/fr\\\/accessibilite\\\/#primaryimage\"},\"image\":{\"@id\":\"https:\\\/\\\/www.ccc.ca\\\/fr\\\/accessibilite\\\/#primaryimage\"},\"thumbnailUrl\":\"https:\\\/\\\/www.ccc.ca\\\/wp-content\\\/uploads\\\/2023\\\/03\\\/header-photo-accessibility.jpg\",\"datePublished\":\"2022-12-13T16:14:23+00:00\",\"dateModified\":\"2025-12-19T18:16:07+00:00\",\"breadcrumb\":{\"@id\":\"https:\\\/\\\/www.ccc.ca\\\/fr\\\/accessibilite\\\/#breadcrumb\"},\"inLanguage\":\"fr-CA\",\"potentialAction\":[{\"@type\":\"ReadAction\",\"target\":[\"https:\\\/\\\/www.ccc.ca\\\/fr\\\/accessibilite\\\/\"]}]},{\"@type\":\"ImageObject\",\"inLanguage\":\"fr-CA\",\"@id\":\"https:\\\/\\\/www.ccc.ca\\\/fr\\\/accessibilite\\\/#primaryimage\",\"url\":\"https:\\\/\\\/www.ccc.ca\\\/wp-content\\\/uploads\\\/2023\\\/03\\\/header-photo-accessibility.jpg\",\"contentUrl\":\"https:\\\/\\\/www.ccc.ca\\\/wp-content\\\/uploads\\\/2023\\\/03\\\/header-photo-accessibility.jpg\",\"width\":1254,\"height\":836},{\"@type\":\"BreadcrumbList\",\"@id\":\"https:\\\/\\\/www.ccc.ca\\\/fr\\\/accessibilite\\\/#breadcrumb\",\"itemListElement\":[{\"@type\":\"ListItem\",\"position\":1,\"name\":\"Accueil\",\"item\":\"https:\\\/\\\/www.ccc.ca\\\/fr\\\/\"},{\"@type\":\"ListItem\",\"position\":2,\"name\":\"Accessibilit\u00e9\"}]},{\"@type\":\"WebSite\",\"@id\":\"https:\\\/\\\/www.ccc.ca\\\/fr\\\/#website\",\"url\":\"https:\\\/\\\/www.ccc.ca\\\/fr\\\/\",\"name\":\"Canadian Commercial Corporation (CCC)\",\"description\":\"\",\"publisher\":{\"@id\":\"https:\\\/\\\/www.ccc.ca\\\/fr\\\/#organization\"},\"potentialAction\":[{\"@type\":\"SearchAction\",\"target\":{\"@type\":\"EntryPoint\",\"urlTemplate\":\"https:\\\/\\\/www.ccc.ca\\\/fr\\\/?s={search_term_string}\"},\"query-input\":{\"@type\":\"PropertyValueSpecification\",\"valueRequired\":true,\"valueName\":\"search_term_string\"}}],\"inLanguage\":\"fr-CA\"},{\"@type\":[\"Organization\",\"Place\"],\"@id\":\"https:\\\/\\\/www.ccc.ca\\\/fr\\\/#organization\",\"name\":\"The Canadian Commercial Corporation (CCC)\",\"url\":\"https:\\\/\\\/www.ccc.ca\\\/fr\\\/\",\"logo\":{\"@id\":\"https:\\\/\\\/www.ccc.ca\\\/fr\\\/accessibilite\\\/#local-main-organization-logo\"},\"image\":{\"@id\":\"https:\\\/\\\/www.ccc.ca\\\/fr\\\/accessibilite\\\/#local-main-organization-logo\"},\"sameAs\":[\"https:\\\/\\\/www.facebook.com\\\/CanadianCommercialCorporation\\\/\",\"https:\\\/\\\/x.com\\\/CanComCorp\",\"https:\\\/\\\/www.linkedin.com\\\/company\\\/canadian-commercial-corporation\\\/\"],\"address\":{\"@id\":\"https:\\\/\\\/www.ccc.ca\\\/fr\\\/accessibilite\\\/#local-main-place-address\"},\"telephone\":[\"1-613-996-0034\",\"1-800-748-8191\"],\"contactPoint\":{\"@type\":\"ContactPoint\",\"telephone\":\"1-613-996-0034\",\"email\":\"communications@ccc.ca\"},\"openingHoursSpecification\":[{\"@type\":\"OpeningHoursSpecification\",\"dayOfWeek\":[\"Monday\",\"Tuesday\",\"Wednesday\",\"Thursday\",\"Friday\",\"Saturday\",\"Sunday\"],\"opens\":\"09:00\",\"closes\":\"17:00\"}]},{\"@type\":\"PostalAddress\",\"@id\":\"https:\\\/\\\/www.ccc.ca\\\/fr\\\/accessibilite\\\/#local-main-place-address\",\"streetAddress\":\"350 Albert Street, Suite 1100\",\"addressLocality\":\"Ottawa\",\"postalCode\":\"K1A 0S6\",\"addressRegion\":\"Ontario\",\"addressCountry\":\"CA\"},{\"@type\":\"ImageObject\",\"inLanguage\":\"fr-CA\",\"@id\":\"https:\\\/\\\/www.ccc.ca\\\/fr\\\/accessibilite\\\/#local-main-organization-logo\",\"url\":\"https:\\\/\\\/www.ccc.ca\\\/wp-content\\\/uploads\\\/2023\\\/05\\\/ccc-og.png\",\"contentUrl\":\"https:\\\/\\\/www.ccc.ca\\\/wp-content\\\/uploads\\\/2023\\\/05\\\/ccc-og.png\",\"width\":1200,\"height\":675,\"caption\":\"The Canadian Commercial Corporation (CCC)\"}]}<\/script>\n<meta name=\"geo.placename\" content=\"Ottawa\" \/>\n<meta name=\"geo.region\" content=\"Canada\" \/>\n<!-- \/ Yoast SEO Premium plugin. -->","yoast_head_json":{"title":"Accessibilit\u00e9 - Canadian Commercial Corporation (CCC)","robots":{"index":"index","follow":"follow","max-snippet":"max-snippet:-1","max-image-preview":"max-image-preview:large","max-video-preview":"max-video-preview:-1"},"canonical":"https:\/\/www.ccc.ca\/fr\/accessibilite\/","og_locale":"fr_CA","og_type":"article","og_title":"Accessibilit\u00e9","og_description":"Rendre la CCC plus accessible La CCC s&rsquo;engage \u00e0 assurer l&rsquo;accessibilit\u00e9 des personnes handicap\u00e9es en cr\u00e9ant un cadre qui permet l&rsquo;identification proactive, l&rsquo;\u00e9limination et la pr\u00e9vention des obstacles partout o\u00f9 les personnes handicap\u00e9es interagissent avec notre organisation.\u00a0 Notre plan d&rsquo;accessibilit\u00e9 est un engagement \u00e0\u00a0: identifier, pr\u00e9venir et \u00e9liminer les obstacles auxquels sont confront\u00e9es les personnes [...]","og_url":"https:\/\/www.ccc.ca\/fr\/accessibilite\/","og_site_name":"Canadian Commercial Corporation (CCC)","article_publisher":"https:\/\/www.facebook.com\/CanadianCommercialCorporation\/","article_modified_time":"2025-12-19T18:16:07+00:00","og_image":[{"width":1254,"height":836,"url":"https:\/\/www.ccc.ca\/wp-content\/uploads\/2023\/03\/header-photo-accessibility.jpg","type":"image\/jpeg"}],"twitter_card":"summary_large_image","twitter_site":"@CanComCorp","twitter_misc":{"Estimation du temps de lecture":"2 minutes"},"schema":{"@context":"https:\/\/schema.org","@graph":[{"@type":"WebPage","@id":"https:\/\/www.ccc.ca\/fr\/accessibilite\/","url":"https:\/\/www.ccc.ca\/fr\/accessibilite\/","name":"Accessibilit\u00e9 - Canadian Commercial Corporation (CCC)","isPartOf":{"@id":"https:\/\/www.ccc.ca\/fr\/#website"},"primaryImageOfPage":{"@id":"https:\/\/www.ccc.ca\/fr\/accessibilite\/#primaryimage"},"image":{"@id":"https:\/\/www.ccc.ca\/fr\/accessibilite\/#primaryimage"},"thumbnailUrl":"https:\/\/www.ccc.ca\/wp-content\/uploads\/2023\/03\/header-photo-accessibility.jpg","datePublished":"2022-12-13T16:14:23+00:00","dateModified":"2025-12-19T18:16:07+00:00","breadcrumb":{"@id":"https:\/\/www.ccc.ca\/fr\/accessibilite\/#breadcrumb"},"inLanguage":"fr-CA","potentialAction":[{"@type":"ReadAction","target":["https:\/\/www.ccc.ca\/fr\/accessibilite\/"]}]},{"@type":"ImageObject","inLanguage":"fr-CA","@id":"https:\/\/www.ccc.ca\/fr\/accessibilite\/#primaryimage","url":"https:\/\/www.ccc.ca\/wp-content\/uploads\/2023\/03\/header-photo-accessibility.jpg","contentUrl":"https:\/\/www.ccc.ca\/wp-content\/uploads\/2023\/03\/header-photo-accessibility.jpg","width":1254,"height":836},{"@type":"BreadcrumbList","@id":"https:\/\/www.ccc.ca\/fr\/accessibilite\/#breadcrumb","itemListElement":[{"@type":"ListItem","position":1,"name":"Accueil","item":"https:\/\/www.ccc.ca\/fr\/"},{"@type":"ListItem","position":2,"name":"Accessibilit\u00e9"}]},{"@type":"WebSite","@id":"https:\/\/www.ccc.ca\/fr\/#website","url":"https:\/\/www.ccc.ca\/fr\/","name":"Canadian Commercial Corporation (CCC)","description":"","publisher":{"@id":"https:\/\/www.ccc.ca\/fr\/#organization"},"potentialAction":[{"@type":"SearchAction","target":{"@type":"EntryPoint","urlTemplate":"https:\/\/www.ccc.ca\/fr\/?s={search_term_string}"},"query-input":{"@type":"PropertyValueSpecification","valueRequired":true,"valueName":"search_term_string"}}],"inLanguage":"fr-CA"},{"@type":["Organization","Place"],"@id":"https:\/\/www.ccc.ca\/fr\/#organization","name":"The Canadian Commercial Corporation (CCC)","url":"https:\/\/www.ccc.ca\/fr\/","logo":{"@id":"https:\/\/www.ccc.ca\/fr\/accessibilite\/#local-main-organization-logo"},"image":{"@id":"https:\/\/www.ccc.ca\/fr\/accessibilite\/#local-main-organization-logo"},"sameAs":["https:\/\/www.facebook.com\/CanadianCommercialCorporation\/","https:\/\/x.com\/CanComCorp","https:\/\/www.linkedin.com\/company\/canadian-commercial-corporation\/"],"address":{"@id":"https:\/\/www.ccc.ca\/fr\/accessibilite\/#local-main-place-address"},"telephone":["1-613-996-0034","1-800-748-8191"],"contactPoint":{"@type":"ContactPoint","telephone":"1-613-996-0034","email":"communications@ccc.ca"},"openingHoursSpecification":[{"@type":"OpeningHoursSpecification","dayOfWeek":["Monday","Tuesday","Wednesday","Thursday","Friday","Saturday","Sunday"],"opens":"09:00","closes":"17:00"}]},{"@type":"PostalAddress","@id":"https:\/\/www.ccc.ca\/fr\/accessibilite\/#local-main-place-address","streetAddress":"350 Albert Street, Suite 1100","addressLocality":"Ottawa","postalCode":"K1A 0S6","addressRegion":"Ontario","addressCountry":"CA"},{"@type":"ImageObject","inLanguage":"fr-CA","@id":"https:\/\/www.ccc.ca\/fr\/accessibilite\/#local-main-organization-logo","url":"https:\/\/www.ccc.ca\/wp-content\/uploads\/2023\/05\/ccc-og.png","contentUrl":"https:\/\/www.ccc.ca\/wp-content\/uploads\/2023\/05\/ccc-og.png","width":1200,"height":675,"caption":"The Canadian Commercial Corporation (CCC)"}]},"geo.placename":"Ottawa","geo.region":"Canada"},"_links":{"self":[{"href":"https:\/\/www.ccc.ca\/fr\/wp-json\/wp\/v2\/pages\/24951","targetHints":{"allow":["GET"]}}],"collection":[{"href":"https:\/\/www.ccc.ca\/fr\/wp-json\/wp\/v2\/pages"}],"about":[{"href":"https:\/\/www.ccc.ca\/fr\/wp-json\/wp\/v2\/types\/page"}],"author":[{"embeddable":true,"href":"https:\/\/www.ccc.ca\/fr\/wp-json\/wp\/v2\/users\/49"}],"replies":[{"embeddable":true,"href":"https:\/\/www.ccc.ca\/fr\/wp-json\/wp\/v2\/comments?post=24951"}],"version-history":[{"count":0,"href":"https:\/\/www.ccc.ca\/fr\/wp-json\/wp\/v2\/pages\/24951\/revisions"}],"wp:featuredmedia":[{"embeddable":true,"href":"https:\/\/www.ccc.ca\/fr\/wp-json\/wp\/v2\/media\/25856"}],"wp:attachment":[{"href":"https:\/\/www.ccc.ca\/fr\/wp-json\/wp\/v2\/media?parent=24951"}],"curies":[{"name":"wp","href":"https:\/\/api.w.org\/{rel}","templated":true}]}}