{"id":4527,"date":"2019-05-29T09:24:20","date_gmt":"2019-05-29T13:24:20","guid":{"rendered":"https:\/\/www.ccc.ca\/?page_id=4527"},"modified":"2023-04-27T10:22:07","modified_gmt":"2023-04-27T14:22:07","slug":"postes-a-pourvoir","status":"publish","type":"page","link":"https:\/\/www.ccc.ca\/fr\/carrieres\/postes-a-pourvoir\/","title":{"rendered":"Postes \u00e0 pourvoir"},"content":{"rendered":"\t\t<div data-elementor-type=\"wp-post\" data-elementor-id=\"4527\" class=\"elementor elementor-4527 elementor-634\" data-elementor-post-type=\"page\">\n\t\t\t\t\t\t<section class=\"elementor-section elementor-top-section elementor-element elementor-element-14a20c1 elementor-section-boxed elementor-section-height-default elementor-section-height-default\" data-id=\"14a20c1\" data-element_type=\"section\" data-e-type=\"section\">\n\t\t\t\t\t\t<div class=\"elementor-container elementor-column-gap-default\">\n\t\t\t\t\t<div class=\"elementor-column elementor-col-100 elementor-top-column elementor-element elementor-element-ce0b429\" data-id=\"ce0b429\" data-element_type=\"column\" data-e-type=\"column\">\n\t\t\t<div class=\"elementor-widget-wrap elementor-element-populated\">\n\t\t\t\t\t\t<div class=\"elementor-element elementor-element-a708037 elementor-widget elementor-widget-text-editor\" data-id=\"a708037\" data-element_type=\"widget\" data-e-type=\"widget\" data-widget_type=\"text-editor.default\">\n\t\t\t\t<div class=\"elementor-widget-container\">\n\t\t\t\t\t\t\t\t\t<h2>Pr\u00eat \u00e0 nous joindre?<\/h2>\t\t\t\t\t\t\t\t<\/div>\n\t\t\t\t<\/div>\n\t\t\t\t<div class=\"elementor-element elementor-element-afff7e3 elementor-widget elementor-widget-html\" data-id=\"afff7e3\" data-element_type=\"widget\" data-e-type=\"widget\" data-widget_type=\"html.default\">\n\t\t\t\t<div class=\"elementor-widget-container\">\n\t\t\t\t\t<iframe src=\"https:\/\/workforcenow.adp.com\/mascsr\/default\/mdf\/recruitment\/recruitment.html?cid=517ac519-e288-468f-87f4-c594067a848a&ccId=19000101_000001&lang=fr_CA&selectedMenuKey=CurrentOpenings\" height=\"775\"><\/iframe>\t\t\t\t<\/div>\n\t\t\t\t<\/div>\n\t\t\t\t\t<\/div>\n\t\t<\/div>\n\t\t\t\t\t<\/div>\n\t\t<\/section>\n\t\t\t\t<section class=\"elementor-section elementor-top-section elementor-element elementor-element-472680f elementor-section-boxed elementor-section-height-default elementor-section-height-default\" data-id=\"472680f\" data-element_type=\"section\" data-e-type=\"section\">\n\t\t\t\t\t\t<div class=\"elementor-container elementor-column-gap-default\">\n\t\t\t\t\t<div class=\"elementor-column elementor-col-100 elementor-top-column elementor-element elementor-element-3e7de9d\" data-id=\"3e7de9d\" data-element_type=\"column\" data-e-type=\"column\">\n\t\t\t<div class=\"elementor-widget-wrap elementor-element-populated\">\n\t\t\t\t\t\t<div class=\"elementor-element elementor-element-3427bcea elementor-widget elementor-widget-text-editor\" data-id=\"3427bcea\" data-element_type=\"widget\" data-e-type=\"widget\" data-widget_type=\"text-editor.default\">\n\t\t\t\t<div class=\"elementor-widget-container\">\n\t\t\t\t\t\t\t\t\t<h2>L\u2019\u00e9quit\u00e9 en mati\u00e8re d\u2019emploi et accessibilit\u00e9\u00a0<\/h2><p><span style=\"color: var( --e-global-color-text ); background-color: var(--base-3);\">La CCC s\u2019est engag\u00e9e \u00e0 se doter d\u2019un effectif comp\u00e9tent qui refl\u00e8te la diversit\u00e9 de la population canadienne. Par cons\u00e9quent, elle favorise l\u2019\u00e9quit\u00e9 en mati\u00e8re d\u2019emploi et vous invite \u00e0 indiquer volontairement sur votre demande si vous \u00eates une femme, une personne autochtone, une personne handicap\u00e9e ou un membre d\u2019une minorit\u00e9 visible.<\/span><\/p><p>La CCC s\u2019engage aussi \u00e0 instaurer des processus de s\u00e9lection ainsi qu\u2019un milieu de travail inclusifs et exempts d\u2019obstacles. Si l\u2019on communique avec vous au sujet d\u2019une possibilit\u00e9 d\u2019emploi ou d\u2019un examen d\u2019embauche, et que vous avez des besoins particuliers, veuillez en informer d\u00e8s que possible le repr\u00e9sentant de la CCC afin que les mesures d\u2019adaptation n\u00e9cessaires soient prises pour vous assurer une \u00e9valuation juste et \u00e9quitable. Les renseignements relatifs aux mesures d\u2019adaptation seront trait\u00e9s de fa\u00e7on confidentielle.<\/p>\t\t\t\t\t\t\t\t<\/div>\n\t\t\t\t<\/div>\n\t\t\t\t\t<\/div>\n\t\t<\/div>\n\t\t\t\t\t<\/div>\n\t\t<\/section>\n\t\t\t\t<\/div>\n\t\t","protected":false},"excerpt":{"rendered":"<p>Pr\u00eat \u00e0 nous joindre? L\u2019\u00e9quit\u00e9 en mati\u00e8re d\u2019emploi et accessibilit\u00e9\u00a0 La CCC s\u2019est engag\u00e9e \u00e0 se doter d\u2019un effectif comp\u00e9tent qui refl\u00e8te la diversit\u00e9 de la population canadienne. Par cons\u00e9quent, elle favorise l\u2019\u00e9quit\u00e9 en mati\u00e8re d\u2019emploi et vous invite \u00e0 indiquer volontairement sur votre demande si vous \u00eates une femme, une personne autochtone, une personne [&#8230;]<\/p>\n","protected":false},"author":3,"featured_media":32031,"parent":446,"menu_order":2,"comment_status":"closed","ping_status":"closed","template":"","meta":{"_acf_changed":false,"content-type":"","_relevanssi_hide_post":"","_relevanssi_hide_content":"","_relevanssi_pin_for_all":"","_relevanssi_pin_keywords":"","_relevanssi_unpin_keywords":"","_relevanssi_related_keywords":"","_relevanssi_related_include_ids":"","_relevanssi_related_exclude_ids":"","_relevanssi_related_no_append":"","_relevanssi_related_not_related":"","_relevanssi_related_posts":"","_relevanssi_noindex_reason":"","footnotes":""},"class_list":["post-4527","page","type-page","status-publish","has-post-thumbnail","hentry"],"acf":[],"yoast_head":"<!-- This site is optimized with the Yoast SEO Premium plugin v23.4 (Yoast SEO v27.3) - https:\/\/yoast.com\/product\/yoast-seo-premium-wordpress\/ -->\n<title>Postes \u00e0 pourvoir - Canadian Commercial Corporation (CCC)<\/title>\n<meta name=\"robots\" content=\"index, follow, max-snippet:-1, max-image-preview:large, max-video-preview:-1\" \/>\n<link rel=\"canonical\" href=\"https:\/\/www.ccc.ca\/fr\/carrieres\/postes-a-pourvoir\/\" \/>\n<meta property=\"og:locale\" content=\"fr_CA\" \/>\n<meta property=\"og:type\" content=\"article\" \/>\n<meta property=\"og:title\" content=\"Postes \u00e0 pourvoir\" \/>\n<meta property=\"og:description\" content=\"Pr\u00eat \u00e0 nous joindre? L\u2019\u00e9quit\u00e9 en mati\u00e8re d\u2019emploi et accessibilit\u00e9\u00a0 La CCC s\u2019est engag\u00e9e \u00e0 se doter d\u2019un effectif comp\u00e9tent qui refl\u00e8te la diversit\u00e9 de la population canadienne. Par cons\u00e9quent, elle favorise l\u2019\u00e9quit\u00e9 en mati\u00e8re d\u2019emploi et vous invite \u00e0 indiquer volontairement sur votre demande si vous \u00eates une femme, une personne autochtone, une personne [...]\" \/>\n<meta property=\"og:url\" content=\"https:\/\/www.ccc.ca\/fr\/carrieres\/postes-a-pourvoir\/\" \/>\n<meta property=\"og:site_name\" content=\"Canadian Commercial Corporation (CCC)\" \/>\n<meta property=\"article:publisher\" content=\"https:\/\/www.facebook.com\/CanadianCommercialCorporation\/\" \/>\n<meta property=\"article:modified_time\" content=\"2023-04-27T14:22:07+00:00\" \/>\n<meta property=\"og:image\" content=\"https:\/\/www.ccc.ca\/wp-content\/uploads\/2023\/04\/header-photo-submit-application.jpg\" \/>\n\t<meta property=\"og:image:width\" content=\"1254\" \/>\n\t<meta property=\"og:image:height\" content=\"836\" \/>\n\t<meta property=\"og:image:type\" content=\"image\/jpeg\" \/>\n<meta name=\"twitter:card\" content=\"summary_large_image\" \/>\n<meta name=\"twitter:site\" content=\"@CanComCorp\" \/>\n<meta name=\"twitter:label1\" content=\"Estimation du temps de lecture\" \/>\n\t<meta name=\"twitter:data1\" content=\"1 minute\" \/>\n<script type=\"application\/ld+json\" class=\"yoast-schema-graph\">{\"@context\":\"https:\\\/\\\/schema.org\",\"@graph\":[{\"@type\":\"WebPage\",\"@id\":\"https:\\\/\\\/www.ccc.ca\\\/fr\\\/carrieres\\\/postes-a-pourvoir\\\/\",\"url\":\"https:\\\/\\\/www.ccc.ca\\\/fr\\\/carrieres\\\/postes-a-pourvoir\\\/\",\"name\":\"Postes \u00e0 pourvoir - Canadian Commercial Corporation (CCC)\",\"isPartOf\":{\"@id\":\"https:\\\/\\\/www.ccc.ca\\\/fr\\\/#website\"},\"primaryImageOfPage\":{\"@id\":\"https:\\\/\\\/www.ccc.ca\\\/fr\\\/carrieres\\\/postes-a-pourvoir\\\/#primaryimage\"},\"image\":{\"@id\":\"https:\\\/\\\/www.ccc.ca\\\/fr\\\/carrieres\\\/postes-a-pourvoir\\\/#primaryimage\"},\"thumbnailUrl\":\"https:\\\/\\\/www.ccc.ca\\\/wp-content\\\/uploads\\\/2023\\\/04\\\/header-photo-submit-application.jpg\",\"datePublished\":\"2019-05-29T13:24:20+00:00\",\"dateModified\":\"2023-04-27T14:22:07+00:00\",\"breadcrumb\":{\"@id\":\"https:\\\/\\\/www.ccc.ca\\\/fr\\\/carrieres\\\/postes-a-pourvoir\\\/#breadcrumb\"},\"inLanguage\":\"fr-CA\",\"potentialAction\":[{\"@type\":\"ReadAction\",\"target\":[\"https:\\\/\\\/www.ccc.ca\\\/fr\\\/carrieres\\\/postes-a-pourvoir\\\/\"]}]},{\"@type\":\"ImageObject\",\"inLanguage\":\"fr-CA\",\"@id\":\"https:\\\/\\\/www.ccc.ca\\\/fr\\\/carrieres\\\/postes-a-pourvoir\\\/#primaryimage\",\"url\":\"https:\\\/\\\/www.ccc.ca\\\/wp-content\\\/uploads\\\/2023\\\/04\\\/header-photo-submit-application.jpg\",\"contentUrl\":\"https:\\\/\\\/www.ccc.ca\\\/wp-content\\\/uploads\\\/2023\\\/04\\\/header-photo-submit-application.jpg\",\"width\":1254,\"height\":836},{\"@type\":\"BreadcrumbList\",\"@id\":\"https:\\\/\\\/www.ccc.ca\\\/fr\\\/carrieres\\\/postes-a-pourvoir\\\/#breadcrumb\",\"itemListElement\":[{\"@type\":\"ListItem\",\"position\":1,\"name\":\"Accueil\",\"item\":\"https:\\\/\\\/www.ccc.ca\\\/fr\\\/\"},{\"@type\":\"ListItem\",\"position\":2,\"name\":\"Carri\u00e8res\",\"item\":\"https:\\\/\\\/www.ccc.ca\\\/fr\\\/carrieres\\\/\"},{\"@type\":\"ListItem\",\"position\":3,\"name\":\"Postes \u00e0 pourvoir\"}]},{\"@type\":\"WebSite\",\"@id\":\"https:\\\/\\\/www.ccc.ca\\\/fr\\\/#website\",\"url\":\"https:\\\/\\\/www.ccc.ca\\\/fr\\\/\",\"name\":\"Canadian Commercial Corporation (CCC)\",\"description\":\"\",\"publisher\":{\"@id\":\"https:\\\/\\\/www.ccc.ca\\\/fr\\\/#organization\"},\"potentialAction\":[{\"@type\":\"SearchAction\",\"target\":{\"@type\":\"EntryPoint\",\"urlTemplate\":\"https:\\\/\\\/www.ccc.ca\\\/fr\\\/?s={search_term_string}\"},\"query-input\":{\"@type\":\"PropertyValueSpecification\",\"valueRequired\":true,\"valueName\":\"search_term_string\"}}],\"inLanguage\":\"fr-CA\"},{\"@type\":[\"Organization\",\"Place\"],\"@id\":\"https:\\\/\\\/www.ccc.ca\\\/fr\\\/#organization\",\"name\":\"The Canadian Commercial Corporation (CCC)\",\"url\":\"https:\\\/\\\/www.ccc.ca\\\/fr\\\/\",\"logo\":{\"@id\":\"https:\\\/\\\/www.ccc.ca\\\/fr\\\/carrieres\\\/postes-a-pourvoir\\\/#local-main-organization-logo\"},\"image\":{\"@id\":\"https:\\\/\\\/www.ccc.ca\\\/fr\\\/carrieres\\\/postes-a-pourvoir\\\/#local-main-organization-logo\"},\"sameAs\":[\"https:\\\/\\\/www.facebook.com\\\/CanadianCommercialCorporation\\\/\",\"https:\\\/\\\/x.com\\\/CanComCorp\",\"https:\\\/\\\/www.linkedin.com\\\/company\\\/canadian-commercial-corporation\\\/\"],\"address\":{\"@id\":\"https:\\\/\\\/www.ccc.ca\\\/fr\\\/carrieres\\\/postes-a-pourvoir\\\/#local-main-place-address\"},\"telephone\":[\"1-613-996-0034\",\"1-800-748-8191\"],\"contactPoint\":{\"@type\":\"ContactPoint\",\"telephone\":\"1-613-996-0034\",\"email\":\"communications@ccc.ca\"},\"openingHoursSpecification\":[{\"@type\":\"OpeningHoursSpecification\",\"dayOfWeek\":[\"Monday\",\"Tuesday\",\"Wednesday\",\"Thursday\",\"Friday\",\"Saturday\",\"Sunday\"],\"opens\":\"09:00\",\"closes\":\"17:00\"}]},{\"@type\":\"PostalAddress\",\"@id\":\"https:\\\/\\\/www.ccc.ca\\\/fr\\\/carrieres\\\/postes-a-pourvoir\\\/#local-main-place-address\",\"streetAddress\":\"350 Albert Street, Suite 1100\",\"addressLocality\":\"Ottawa\",\"postalCode\":\"K1A 0S6\",\"addressRegion\":\"Ontario\",\"addressCountry\":\"CA\"},{\"@type\":\"ImageObject\",\"inLanguage\":\"fr-CA\",\"@id\":\"https:\\\/\\\/www.ccc.ca\\\/fr\\\/carrieres\\\/postes-a-pourvoir\\\/#local-main-organization-logo\",\"url\":\"https:\\\/\\\/www.ccc.ca\\\/wp-content\\\/uploads\\\/2023\\\/05\\\/ccc-og.png\",\"contentUrl\":\"https:\\\/\\\/www.ccc.ca\\\/wp-content\\\/uploads\\\/2023\\\/05\\\/ccc-og.png\",\"width\":1200,\"height\":675,\"caption\":\"The Canadian Commercial Corporation (CCC)\"}]}<\/script>\n<meta name=\"geo.placename\" content=\"Ottawa\" \/>\n<meta name=\"geo.region\" content=\"Canada\" \/>\n<!-- \/ Yoast SEO Premium plugin. -->","yoast_head_json":{"title":"Postes \u00e0 pourvoir - Canadian Commercial Corporation (CCC)","robots":{"index":"index","follow":"follow","max-snippet":"max-snippet:-1","max-image-preview":"max-image-preview:large","max-video-preview":"max-video-preview:-1"},"canonical":"https:\/\/www.ccc.ca\/fr\/carrieres\/postes-a-pourvoir\/","og_locale":"fr_CA","og_type":"article","og_title":"Postes \u00e0 pourvoir","og_description":"Pr\u00eat \u00e0 nous joindre? L\u2019\u00e9quit\u00e9 en mati\u00e8re d\u2019emploi et accessibilit\u00e9\u00a0 La CCC s\u2019est engag\u00e9e \u00e0 se doter d\u2019un effectif comp\u00e9tent qui refl\u00e8te la diversit\u00e9 de la population canadienne. Par cons\u00e9quent, elle favorise l\u2019\u00e9quit\u00e9 en mati\u00e8re d\u2019emploi et vous invite \u00e0 indiquer volontairement sur votre demande si vous \u00eates une femme, une personne autochtone, une personne [...]","og_url":"https:\/\/www.ccc.ca\/fr\/carrieres\/postes-a-pourvoir\/","og_site_name":"Canadian Commercial Corporation (CCC)","article_publisher":"https:\/\/www.facebook.com\/CanadianCommercialCorporation\/","article_modified_time":"2023-04-27T14:22:07+00:00","og_image":[{"width":1254,"height":836,"url":"https:\/\/www.ccc.ca\/wp-content\/uploads\/2023\/04\/header-photo-submit-application.jpg","type":"image\/jpeg"}],"twitter_card":"summary_large_image","twitter_site":"@CanComCorp","twitter_misc":{"Estimation du temps de lecture":"1 minute"},"schema":{"@context":"https:\/\/schema.org","@graph":[{"@type":"WebPage","@id":"https:\/\/www.ccc.ca\/fr\/carrieres\/postes-a-pourvoir\/","url":"https:\/\/www.ccc.ca\/fr\/carrieres\/postes-a-pourvoir\/","name":"Postes \u00e0 pourvoir - Canadian Commercial Corporation (CCC)","isPartOf":{"@id":"https:\/\/www.ccc.ca\/fr\/#website"},"primaryImageOfPage":{"@id":"https:\/\/www.ccc.ca\/fr\/carrieres\/postes-a-pourvoir\/#primaryimage"},"image":{"@id":"https:\/\/www.ccc.ca\/fr\/carrieres\/postes-a-pourvoir\/#primaryimage"},"thumbnailUrl":"https:\/\/www.ccc.ca\/wp-content\/uploads\/2023\/04\/header-photo-submit-application.jpg","datePublished":"2019-05-29T13:24:20+00:00","dateModified":"2023-04-27T14:22:07+00:00","breadcrumb":{"@id":"https:\/\/www.ccc.ca\/fr\/carrieres\/postes-a-pourvoir\/#breadcrumb"},"inLanguage":"fr-CA","potentialAction":[{"@type":"ReadAction","target":["https:\/\/www.ccc.ca\/fr\/carrieres\/postes-a-pourvoir\/"]}]},{"@type":"ImageObject","inLanguage":"fr-CA","@id":"https:\/\/www.ccc.ca\/fr\/carrieres\/postes-a-pourvoir\/#primaryimage","url":"https:\/\/www.ccc.ca\/wp-content\/uploads\/2023\/04\/header-photo-submit-application.jpg","contentUrl":"https:\/\/www.ccc.ca\/wp-content\/uploads\/2023\/04\/header-photo-submit-application.jpg","width":1254,"height":836},{"@type":"BreadcrumbList","@id":"https:\/\/www.ccc.ca\/fr\/carrieres\/postes-a-pourvoir\/#breadcrumb","itemListElement":[{"@type":"ListItem","position":1,"name":"Accueil","item":"https:\/\/www.ccc.ca\/fr\/"},{"@type":"ListItem","position":2,"name":"Carri\u00e8res","item":"https:\/\/www.ccc.ca\/fr\/carrieres\/"},{"@type":"ListItem","position":3,"name":"Postes \u00e0 pourvoir"}]},{"@type":"WebSite","@id":"https:\/\/www.ccc.ca\/fr\/#website","url":"https:\/\/www.ccc.ca\/fr\/","name":"Canadian Commercial Corporation (CCC)","description":"","publisher":{"@id":"https:\/\/www.ccc.ca\/fr\/#organization"},"potentialAction":[{"@type":"SearchAction","target":{"@type":"EntryPoint","urlTemplate":"https:\/\/www.ccc.ca\/fr\/?s={search_term_string}"},"query-input":{"@type":"PropertyValueSpecification","valueRequired":true,"valueName":"search_term_string"}}],"inLanguage":"fr-CA"},{"@type":["Organization","Place"],"@id":"https:\/\/www.ccc.ca\/fr\/#organization","name":"The Canadian Commercial Corporation (CCC)","url":"https:\/\/www.ccc.ca\/fr\/","logo":{"@id":"https:\/\/www.ccc.ca\/fr\/carrieres\/postes-a-pourvoir\/#local-main-organization-logo"},"image":{"@id":"https:\/\/www.ccc.ca\/fr\/carrieres\/postes-a-pourvoir\/#local-main-organization-logo"},"sameAs":["https:\/\/www.facebook.com\/CanadianCommercialCorporation\/","https:\/\/x.com\/CanComCorp","https:\/\/www.linkedin.com\/company\/canadian-commercial-corporation\/"],"address":{"@id":"https:\/\/www.ccc.ca\/fr\/carrieres\/postes-a-pourvoir\/#local-main-place-address"},"telephone":["1-613-996-0034","1-800-748-8191"],"contactPoint":{"@type":"ContactPoint","telephone":"1-613-996-0034","email":"communications@ccc.ca"},"openingHoursSpecification":[{"@type":"OpeningHoursSpecification","dayOfWeek":["Monday","Tuesday","Wednesday","Thursday","Friday","Saturday","Sunday"],"opens":"09:00","closes":"17:00"}]},{"@type":"PostalAddress","@id":"https:\/\/www.ccc.ca\/fr\/carrieres\/postes-a-pourvoir\/#local-main-place-address","streetAddress":"350 Albert Street, Suite 1100","addressLocality":"Ottawa","postalCode":"K1A 0S6","addressRegion":"Ontario","addressCountry":"CA"},{"@type":"ImageObject","inLanguage":"fr-CA","@id":"https:\/\/www.ccc.ca\/fr\/carrieres\/postes-a-pourvoir\/#local-main-organization-logo","url":"https:\/\/www.ccc.ca\/wp-content\/uploads\/2023\/05\/ccc-og.png","contentUrl":"https:\/\/www.ccc.ca\/wp-content\/uploads\/2023\/05\/ccc-og.png","width":1200,"height":675,"caption":"The Canadian Commercial Corporation (CCC)"}]},"geo.placename":"Ottawa","geo.region":"Canada"},"_links":{"self":[{"href":"https:\/\/www.ccc.ca\/fr\/wp-json\/wp\/v2\/pages\/4527","targetHints":{"allow":["GET"]}}],"collection":[{"href":"https:\/\/www.ccc.ca\/fr\/wp-json\/wp\/v2\/pages"}],"about":[{"href":"https:\/\/www.ccc.ca\/fr\/wp-json\/wp\/v2\/types\/page"}],"author":[{"embeddable":true,"href":"https:\/\/www.ccc.ca\/fr\/wp-json\/wp\/v2\/users\/3"}],"replies":[{"embeddable":true,"href":"https:\/\/www.ccc.ca\/fr\/wp-json\/wp\/v2\/comments?post=4527"}],"version-history":[{"count":0,"href":"https:\/\/www.ccc.ca\/fr\/wp-json\/wp\/v2\/pages\/4527\/revisions"}],"up":[{"embeddable":true,"href":"https:\/\/www.ccc.ca\/fr\/wp-json\/wp\/v2\/pages\/446"}],"wp:featuredmedia":[{"embeddable":true,"href":"https:\/\/www.ccc.ca\/fr\/wp-json\/wp\/v2\/media\/32031"}],"wp:attachment":[{"href":"https:\/\/www.ccc.ca\/fr\/wp-json\/wp\/v2\/media?parent=4527"}],"curies":[{"name":"wp","href":"https:\/\/api.w.org\/{rel}","templated":true}]}}