{"id":7665,"date":"2020-10-16T16:05:04","date_gmt":"2020-10-16T20:05:04","guid":{"rendered":"https:\/\/www.ccc.ca\/?page_id=7665"},"modified":"2023-04-27T11:05:23","modified_gmt":"2023-04-27T15:05:23","slug":"alerte-des-commandes-dachat-frauduleuses","status":"publish","type":"page","link":"https:\/\/www.ccc.ca\/fr\/alerte-des-commandes-dachat-frauduleuses\/","title":{"rendered":"Alerte! Des commandes d\u2019achat frauduleuses sont pass\u00e9es au nom de la Corporation commerciale canadienne"},"content":{"rendered":"\t\t<div data-elementor-type=\"wp-page\" data-elementor-id=\"7665\" class=\"elementor elementor-7665 elementor-7664\" data-elementor-post-type=\"page\">\n\t\t\t\t\t\t<section class=\"elementor-section elementor-top-section elementor-element elementor-element-119863c2 elementor-section-boxed elementor-section-height-default elementor-section-height-default\" data-id=\"119863c2\" data-element_type=\"section\" data-e-type=\"section\">\n\t\t\t\t\t\t<div class=\"elementor-container elementor-column-gap-default\">\n\t\t\t\t\t<div class=\"elementor-column elementor-col-100 elementor-top-column elementor-element elementor-element-4f1137a4\" data-id=\"4f1137a4\" data-element_type=\"column\" data-e-type=\"column\">\n\t\t\t<div class=\"elementor-widget-wrap elementor-element-populated\">\n\t\t\t\t\t\t<div class=\"elementor-element elementor-element-4cb520cb elementor-widget elementor-widget-text-editor\" data-id=\"4cb520cb\" data-element_type=\"widget\" data-e-type=\"widget\" data-widget_type=\"text-editor.default\">\n\t\t\t\t<div class=\"elementor-widget-container\">\n\t\t\t\t\t\t\t\t\t<p><\/p>\n<p>Il y a eu des cas d\u2019individus se faisant passer pour M.&nbsp;Ian&nbsp;McLeod, l\u2019ancien vice-pr\u00e9sident de la Corporation commerciale canadienne (CCC) charg\u00e9 du d\u00e9veloppement des affaires et des ventes. Ces individus utilisent le t\u00e9l\u00e9phone et le courrier \u00e9lectronique pour communiquer avec des entreprises canadiennes et tentent de passer des commandes \u00e0 livrer au nom de la CCC.&nbsp;Ces demandes sont frauduleuses.<br>&nbsp;<br>La CCC n\u2019\u00e9met pas de bons de commande pour l\u2019achat de biens et de services.&nbsp;Si vous avez re\u00e7u un bon de commande de la part d\u2019un employ\u00e9 de la CCC ou de CCCorp, veuillez nous en informer imm\u00e9diatement.&nbsp;<\/p>\n<p><\/p>\n<p><\/p>\n<p>La CCC n\u2019utilise jamais de comptes de courrier \u00e9lectronique personnels (Gmail, Hotmail, etc.) pour ses activit\u00e9s officielles.<\/p>\n<p><\/p>\n<p><\/p>\n<p><strong>Susannah Denovan Fortier<\/strong><br>Directrice principale, Communications et Marketing<br>Corporation commerciale canadienne<br>C:&nbsp;613-301-3380 E:&nbsp;<a href=\"mailto:sfortier@ccc.ca\" target=\"_blank\" rel=\"noreferrer noopener\">sfortier@ccc.ca<\/a>&nbsp;<\/p>\n<p><\/p>\t\t\t\t\t\t\t\t<\/div>\n\t\t\t\t<\/div>\n\t\t\t\t\t<\/div>\n\t\t<\/div>\n\t\t\t\t\t<\/div>\n\t\t<\/section>\n\t\t\t\t<\/div>\n\t\t","protected":false},"excerpt":{"rendered":"<p>Il y a eu des cas d\u2019individus se faisant passer pour M.&nbsp;Ian&nbsp;McLeod, l\u2019ancien vice-pr\u00e9sident de la Corporation commerciale canadienne (CCC) charg\u00e9 du d\u00e9veloppement des affaires et des ventes. Ces individus utilisent le t\u00e9l\u00e9phone et le courrier \u00e9lectronique pour communiquer avec des entreprises canadiennes et tentent de passer des commandes \u00e0 livrer au nom de la [&#8230;]<\/p>\n","protected":false},"author":3,"featured_media":0,"parent":0,"menu_order":0,"comment_status":"closed","ping_status":"closed","template":"","meta":{"_acf_changed":false,"content-type":"","_relevanssi_hide_post":"","_relevanssi_hide_content":"","_relevanssi_pin_for_all":"","_relevanssi_pin_keywords":"","_relevanssi_unpin_keywords":"","_relevanssi_related_keywords":"","_relevanssi_related_include_ids":"","_relevanssi_related_exclude_ids":"","_relevanssi_related_no_append":"","_relevanssi_related_not_related":"","_relevanssi_related_posts":"","_relevanssi_noindex_reason":"","footnotes":""},"class_list":["post-7665","page","type-page","status-publish","hentry"],"acf":[],"yoast_head":"<!-- This site is optimized with the Yoast SEO Premium plugin v23.4 (Yoast SEO v27.3) - https:\/\/yoast.com\/product\/yoast-seo-premium-wordpress\/ -->\n<title>Alerte! Des commandes d\u2019achat frauduleuses sont pass\u00e9es au nom de la Corporation commerciale canadienne - Canadian Commercial Corporation (CCC)<\/title>\n<meta name=\"robots\" content=\"index, follow, max-snippet:-1, max-image-preview:large, max-video-preview:-1\" \/>\n<link rel=\"canonical\" href=\"https:\/\/www.ccc.ca\/fr\/alerte-des-commandes-dachat-frauduleuses\/\" \/>\n<meta property=\"og:locale\" content=\"fr_CA\" \/>\n<meta property=\"og:type\" content=\"article\" \/>\n<meta property=\"og:title\" content=\"Alerte! Des commandes d\u2019achat frauduleuses sont pass\u00e9es au nom de la Corporation commerciale canadienne\" \/>\n<meta property=\"og:description\" content=\"Il y a eu des cas d\u2019individus se faisant passer pour M.&nbsp;Ian&nbsp;McLeod, l\u2019ancien vice-pr\u00e9sident de la Corporation commerciale canadienne (CCC) charg\u00e9 du d\u00e9veloppement des affaires et des ventes. Ces individus utilisent le t\u00e9l\u00e9phone et le courrier \u00e9lectronique pour communiquer avec des entreprises canadiennes et tentent de passer des commandes \u00e0 livrer au nom de la [...]\" \/>\n<meta property=\"og:url\" content=\"https:\/\/www.ccc.ca\/fr\/alerte-des-commandes-dachat-frauduleuses\/\" \/>\n<meta property=\"og:site_name\" content=\"Canadian Commercial Corporation (CCC)\" \/>\n<meta property=\"article:publisher\" content=\"https:\/\/www.facebook.com\/CanadianCommercialCorporation\/\" \/>\n<meta property=\"article:modified_time\" content=\"2023-04-27T15:05:23+00:00\" \/>\n<meta property=\"og:image\" content=\"https:\/\/www.ccc.ca\/wp-content\/uploads\/2023\/05\/ccc-og.png\" \/>\n\t<meta property=\"og:image:width\" content=\"1200\" \/>\n\t<meta property=\"og:image:height\" content=\"675\" \/>\n\t<meta property=\"og:image:type\" content=\"image\/png\" \/>\n<meta name=\"twitter:card\" content=\"summary_large_image\" \/>\n<meta name=\"twitter:site\" content=\"@CanComCorp\" \/>\n<meta name=\"twitter:label1\" content=\"Estimation du temps de lecture\" \/>\n\t<meta name=\"twitter:data1\" content=\"1 minute\" \/>\n<script type=\"application\/ld+json\" class=\"yoast-schema-graph\">{\"@context\":\"https:\\\/\\\/schema.org\",\"@graph\":[{\"@type\":\"WebPage\",\"@id\":\"https:\\\/\\\/www.ccc.ca\\\/fr\\\/alerte-des-commandes-dachat-frauduleuses\\\/\",\"url\":\"https:\\\/\\\/www.ccc.ca\\\/fr\\\/alerte-des-commandes-dachat-frauduleuses\\\/\",\"name\":\"Alerte! Des commandes d\u2019achat frauduleuses sont pass\u00e9es au nom de la Corporation commerciale canadienne - Canadian Commercial Corporation (CCC)\",\"isPartOf\":{\"@id\":\"https:\\\/\\\/www.ccc.ca\\\/fr\\\/#website\"},\"datePublished\":\"2020-10-16T20:05:04+00:00\",\"dateModified\":\"2023-04-27T15:05:23+00:00\",\"breadcrumb\":{\"@id\":\"https:\\\/\\\/www.ccc.ca\\\/fr\\\/alerte-des-commandes-dachat-frauduleuses\\\/#breadcrumb\"},\"inLanguage\":\"fr-CA\",\"potentialAction\":[{\"@type\":\"ReadAction\",\"target\":[\"https:\\\/\\\/www.ccc.ca\\\/fr\\\/alerte-des-commandes-dachat-frauduleuses\\\/\"]}]},{\"@type\":\"BreadcrumbList\",\"@id\":\"https:\\\/\\\/www.ccc.ca\\\/fr\\\/alerte-des-commandes-dachat-frauduleuses\\\/#breadcrumb\",\"itemListElement\":[{\"@type\":\"ListItem\",\"position\":1,\"name\":\"Accueil\",\"item\":\"https:\\\/\\\/www.ccc.ca\\\/fr\\\/\"},{\"@type\":\"ListItem\",\"position\":2,\"name\":\"Alerte! Des commandes d\u2019achat frauduleuses sont pass\u00e9es au nom de la Corporation commerciale canadienne\"}]},{\"@type\":\"WebSite\",\"@id\":\"https:\\\/\\\/www.ccc.ca\\\/fr\\\/#website\",\"url\":\"https:\\\/\\\/www.ccc.ca\\\/fr\\\/\",\"name\":\"Canadian Commercial Corporation (CCC)\",\"description\":\"\",\"publisher\":{\"@id\":\"https:\\\/\\\/www.ccc.ca\\\/fr\\\/#organization\"},\"potentialAction\":[{\"@type\":\"SearchAction\",\"target\":{\"@type\":\"EntryPoint\",\"urlTemplate\":\"https:\\\/\\\/www.ccc.ca\\\/fr\\\/?s={search_term_string}\"},\"query-input\":{\"@type\":\"PropertyValueSpecification\",\"valueRequired\":true,\"valueName\":\"search_term_string\"}}],\"inLanguage\":\"fr-CA\"},{\"@type\":[\"Organization\",\"Place\"],\"@id\":\"https:\\\/\\\/www.ccc.ca\\\/fr\\\/#organization\",\"name\":\"The Canadian Commercial Corporation (CCC)\",\"url\":\"https:\\\/\\\/www.ccc.ca\\\/fr\\\/\",\"logo\":{\"@id\":\"https:\\\/\\\/www.ccc.ca\\\/fr\\\/alerte-des-commandes-dachat-frauduleuses\\\/#local-main-organization-logo\"},\"image\":{\"@id\":\"https:\\\/\\\/www.ccc.ca\\\/fr\\\/alerte-des-commandes-dachat-frauduleuses\\\/#local-main-organization-logo\"},\"sameAs\":[\"https:\\\/\\\/www.facebook.com\\\/CanadianCommercialCorporation\\\/\",\"https:\\\/\\\/x.com\\\/CanComCorp\",\"https:\\\/\\\/www.linkedin.com\\\/company\\\/canadian-commercial-corporation\\\/\"],\"address\":{\"@id\":\"https:\\\/\\\/www.ccc.ca\\\/fr\\\/alerte-des-commandes-dachat-frauduleuses\\\/#local-main-place-address\"},\"telephone\":[\"1-613-996-0034\",\"1-800-748-8191\"],\"contactPoint\":{\"@type\":\"ContactPoint\",\"telephone\":\"1-613-996-0034\",\"email\":\"communications@ccc.ca\"},\"openingHoursSpecification\":[{\"@type\":\"OpeningHoursSpecification\",\"dayOfWeek\":[\"Monday\",\"Tuesday\",\"Wednesday\",\"Thursday\",\"Friday\",\"Saturday\",\"Sunday\"],\"opens\":\"09:00\",\"closes\":\"17:00\"}]},{\"@type\":\"PostalAddress\",\"@id\":\"https:\\\/\\\/www.ccc.ca\\\/fr\\\/alerte-des-commandes-dachat-frauduleuses\\\/#local-main-place-address\",\"streetAddress\":\"350 Albert Street, Suite 1100\",\"addressLocality\":\"Ottawa\",\"postalCode\":\"K1A 0S6\",\"addressRegion\":\"Ontario\",\"addressCountry\":\"CA\"},{\"@type\":\"ImageObject\",\"inLanguage\":\"fr-CA\",\"@id\":\"https:\\\/\\\/www.ccc.ca\\\/fr\\\/alerte-des-commandes-dachat-frauduleuses\\\/#local-main-organization-logo\",\"url\":\"https:\\\/\\\/www.ccc.ca\\\/wp-content\\\/uploads\\\/2023\\\/05\\\/ccc-og.png\",\"contentUrl\":\"https:\\\/\\\/www.ccc.ca\\\/wp-content\\\/uploads\\\/2023\\\/05\\\/ccc-og.png\",\"width\":1200,\"height\":675,\"caption\":\"The Canadian Commercial Corporation (CCC)\"}]}<\/script>\n<meta name=\"geo.placename\" content=\"Ottawa\" \/>\n<meta name=\"geo.region\" content=\"Canada\" \/>\n<!-- \/ Yoast SEO Premium plugin. -->","yoast_head_json":{"title":"Alerte! Des commandes d\u2019achat frauduleuses sont pass\u00e9es au nom de la Corporation commerciale canadienne - Canadian Commercial Corporation (CCC)","robots":{"index":"index","follow":"follow","max-snippet":"max-snippet:-1","max-image-preview":"max-image-preview:large","max-video-preview":"max-video-preview:-1"},"canonical":"https:\/\/www.ccc.ca\/fr\/alerte-des-commandes-dachat-frauduleuses\/","og_locale":"fr_CA","og_type":"article","og_title":"Alerte! Des commandes d\u2019achat frauduleuses sont pass\u00e9es au nom de la Corporation commerciale canadienne","og_description":"Il y a eu des cas d\u2019individus se faisant passer pour M.&nbsp;Ian&nbsp;McLeod, l\u2019ancien vice-pr\u00e9sident de la Corporation commerciale canadienne (CCC) charg\u00e9 du d\u00e9veloppement des affaires et des ventes. Ces individus utilisent le t\u00e9l\u00e9phone et le courrier \u00e9lectronique pour communiquer avec des entreprises canadiennes et tentent de passer des commandes \u00e0 livrer au nom de la [...]","og_url":"https:\/\/www.ccc.ca\/fr\/alerte-des-commandes-dachat-frauduleuses\/","og_site_name":"Canadian Commercial Corporation (CCC)","article_publisher":"https:\/\/www.facebook.com\/CanadianCommercialCorporation\/","article_modified_time":"2023-04-27T15:05:23+00:00","og_image":[{"width":1200,"height":675,"url":"https:\/\/www.ccc.ca\/wp-content\/uploads\/2023\/05\/ccc-og.png","type":"image\/png"}],"twitter_card":"summary_large_image","twitter_site":"@CanComCorp","twitter_misc":{"Estimation du temps de lecture":"1 minute"},"schema":{"@context":"https:\/\/schema.org","@graph":[{"@type":"WebPage","@id":"https:\/\/www.ccc.ca\/fr\/alerte-des-commandes-dachat-frauduleuses\/","url":"https:\/\/www.ccc.ca\/fr\/alerte-des-commandes-dachat-frauduleuses\/","name":"Alerte! Des commandes d\u2019achat frauduleuses sont pass\u00e9es au nom de la Corporation commerciale canadienne - Canadian Commercial Corporation (CCC)","isPartOf":{"@id":"https:\/\/www.ccc.ca\/fr\/#website"},"datePublished":"2020-10-16T20:05:04+00:00","dateModified":"2023-04-27T15:05:23+00:00","breadcrumb":{"@id":"https:\/\/www.ccc.ca\/fr\/alerte-des-commandes-dachat-frauduleuses\/#breadcrumb"},"inLanguage":"fr-CA","potentialAction":[{"@type":"ReadAction","target":["https:\/\/www.ccc.ca\/fr\/alerte-des-commandes-dachat-frauduleuses\/"]}]},{"@type":"BreadcrumbList","@id":"https:\/\/www.ccc.ca\/fr\/alerte-des-commandes-dachat-frauduleuses\/#breadcrumb","itemListElement":[{"@type":"ListItem","position":1,"name":"Accueil","item":"https:\/\/www.ccc.ca\/fr\/"},{"@type":"ListItem","position":2,"name":"Alerte! Des commandes d\u2019achat frauduleuses sont pass\u00e9es au nom de la Corporation commerciale canadienne"}]},{"@type":"WebSite","@id":"https:\/\/www.ccc.ca\/fr\/#website","url":"https:\/\/www.ccc.ca\/fr\/","name":"Canadian Commercial Corporation (CCC)","description":"","publisher":{"@id":"https:\/\/www.ccc.ca\/fr\/#organization"},"potentialAction":[{"@type":"SearchAction","target":{"@type":"EntryPoint","urlTemplate":"https:\/\/www.ccc.ca\/fr\/?s={search_term_string}"},"query-input":{"@type":"PropertyValueSpecification","valueRequired":true,"valueName":"search_term_string"}}],"inLanguage":"fr-CA"},{"@type":["Organization","Place"],"@id":"https:\/\/www.ccc.ca\/fr\/#organization","name":"The Canadian Commercial Corporation (CCC)","url":"https:\/\/www.ccc.ca\/fr\/","logo":{"@id":"https:\/\/www.ccc.ca\/fr\/alerte-des-commandes-dachat-frauduleuses\/#local-main-organization-logo"},"image":{"@id":"https:\/\/www.ccc.ca\/fr\/alerte-des-commandes-dachat-frauduleuses\/#local-main-organization-logo"},"sameAs":["https:\/\/www.facebook.com\/CanadianCommercialCorporation\/","https:\/\/x.com\/CanComCorp","https:\/\/www.linkedin.com\/company\/canadian-commercial-corporation\/"],"address":{"@id":"https:\/\/www.ccc.ca\/fr\/alerte-des-commandes-dachat-frauduleuses\/#local-main-place-address"},"telephone":["1-613-996-0034","1-800-748-8191"],"contactPoint":{"@type":"ContactPoint","telephone":"1-613-996-0034","email":"communications@ccc.ca"},"openingHoursSpecification":[{"@type":"OpeningHoursSpecification","dayOfWeek":["Monday","Tuesday","Wednesday","Thursday","Friday","Saturday","Sunday"],"opens":"09:00","closes":"17:00"}]},{"@type":"PostalAddress","@id":"https:\/\/www.ccc.ca\/fr\/alerte-des-commandes-dachat-frauduleuses\/#local-main-place-address","streetAddress":"350 Albert Street, Suite 1100","addressLocality":"Ottawa","postalCode":"K1A 0S6","addressRegion":"Ontario","addressCountry":"CA"},{"@type":"ImageObject","inLanguage":"fr-CA","@id":"https:\/\/www.ccc.ca\/fr\/alerte-des-commandes-dachat-frauduleuses\/#local-main-organization-logo","url":"https:\/\/www.ccc.ca\/wp-content\/uploads\/2023\/05\/ccc-og.png","contentUrl":"https:\/\/www.ccc.ca\/wp-content\/uploads\/2023\/05\/ccc-og.png","width":1200,"height":675,"caption":"The Canadian Commercial Corporation (CCC)"}]},"geo.placename":"Ottawa","geo.region":"Canada"},"_links":{"self":[{"href":"https:\/\/www.ccc.ca\/fr\/wp-json\/wp\/v2\/pages\/7665","targetHints":{"allow":["GET"]}}],"collection":[{"href":"https:\/\/www.ccc.ca\/fr\/wp-json\/wp\/v2\/pages"}],"about":[{"href":"https:\/\/www.ccc.ca\/fr\/wp-json\/wp\/v2\/types\/page"}],"author":[{"embeddable":true,"href":"https:\/\/www.ccc.ca\/fr\/wp-json\/wp\/v2\/users\/3"}],"replies":[{"embeddable":true,"href":"https:\/\/www.ccc.ca\/fr\/wp-json\/wp\/v2\/comments?post=7665"}],"version-history":[{"count":0,"href":"https:\/\/www.ccc.ca\/fr\/wp-json\/wp\/v2\/pages\/7665\/revisions"}],"wp:attachment":[{"href":"https:\/\/www.ccc.ca\/fr\/wp-json\/wp\/v2\/media?parent=7665"}],"curies":[{"name":"wp","href":"https:\/\/api.w.org\/{rel}","templated":true}]}}