{"id":8150,"date":"2020-11-05T09:56:27","date_gmt":"2020-11-05T14:56:27","guid":{"rendered":"https:\/\/www.ccc.ca\/?page_id=8150"},"modified":"2024-10-29T10:25:08","modified_gmt":"2024-10-29T14:25:08","slug":"bulletin-electronique","status":"publish","type":"page","link":"https:\/\/www.ccc.ca\/fr\/bulletin-electronique\/","title":{"rendered":"Bulletin \u00e9lectronique"},"content":{"rendered":"\t\t<div data-elementor-type=\"wp-page\" data-elementor-id=\"8150\" class=\"elementor elementor-8150 elementor-8100\" data-elementor-post-type=\"page\">\n\t\t\t\t\t\t<section class=\"elementor-section elementor-top-section elementor-element elementor-element-2330c56a elementor-section-boxed elementor-section-height-default elementor-section-height-default\" data-id=\"2330c56a\" data-element_type=\"section\" data-e-type=\"section\">\n\t\t\t\t\t\t<div class=\"elementor-container elementor-column-gap-default\">\n\t\t\t\t\t<div class=\"elementor-column elementor-col-50 elementor-top-column elementor-element elementor-element-3b9f0170\" data-id=\"3b9f0170\" data-element_type=\"column\" data-e-type=\"column\">\n\t\t\t<div class=\"elementor-widget-wrap elementor-element-populated\">\n\t\t\t\t\t\t<div class=\"elementor-element elementor-element-2acb75e lead-text elementor-widget elementor-widget-text-editor\" data-id=\"2acb75e\" data-element_type=\"widget\" data-e-type=\"widget\" data-widget_type=\"text-editor.default\">\n\t\t\t\t<div class=\"elementor-widget-container\">\n\t\t\t\t\t\t\t\t\t<p>Nous avons \u00e0 c\u0153ur de tenir nos clients bien inform\u00e9s des derni\u00e8res \u00e9volutions et tendances en mati\u00e8re de commerce et d\u2019exportation. Suivez notre actualit\u00e9 en vous abonnant \u00e0 notre bulletin d\u2019information trimestriel.<\/p>\t\t\t\t\t\t\t\t<\/div>\n\t\t\t\t<\/div>\n\t\t\t\t<div class=\"elementor-element elementor-element-686c2aa elementor-widget elementor-widget-shortcode\" data-id=\"686c2aa\" data-element_type=\"widget\" data-e-type=\"widget\" data-widget_type=\"shortcode.default\">\n\t\t\t\t<div class=\"elementor-widget-container\">\n\t\t\t\t\t\t\t<div class=\"elementor-shortcode\">\n\t\t\t\t\t\t<script>\n\t\t\t\t\t\t\twindow.hsFormsOnReady = window.hsFormsOnReady || [];\n\t\t\t\t\t\t\twindow.hsFormsOnReady.push(()=>{\n\t\t\t\t\t\t\t\thbspt.forms.create({\n\t\t\t\t\t\t\t\t\tportalId: 2429479,\n\t\t\t\t\t\t\t\t\tformId: \"0d16fa3e-36ab-436c-89af-cc08d9af4692\",\n\t\t\t\t\t\t\t\t\ttarget: \"#hbspt-form-1775346582000-4002245840\",\n\t\t\t\t\t\t\t\t\tregion: \"na3\",\n\t\t\t\t\t\t\t\t\t\n\t\t\t\t\t\t\t})});\n\t\t\t\t\t\t<\/script>\n\t\t\t\t\t\t<div class=\"hbspt-form\" id=\"hbspt-form-1775346582000-4002245840\"><\/div><\/div>\n\t\t\t\t\t\t<\/div>\n\t\t\t\t<\/div>\n\t\t\t\t<div class=\"elementor-element elementor-element-8df00fe elementor-widget elementor-widget-toggle\" data-id=\"8df00fe\" data-element_type=\"widget\" data-e-type=\"widget\" data-widget_type=\"toggle.default\">\n\t\t\t\t<div class=\"elementor-widget-container\">\n\t\t\t\t\t\t\t<div class=\"elementor-toggle\">\n\t\t\t\t\t\t\t<div class=\"elementor-toggle-item\">\n\t\t\t\t\t<div id=\"elementor-tab-title-1481\" class=\"elementor-tab-title\" data-tab=\"1\" role=\"button\" aria-controls=\"elementor-tab-content-1481\" aria-expanded=\"false\">\n\t\t\t\t\t\t\t\t\t\t\t\t<span class=\"elementor-toggle-icon elementor-toggle-icon-left\" aria-hidden=\"true\">\n\t\t\t\t\t\t\t\t\t\t\t\t\t\t\t<span class=\"elementor-toggle-icon-closed\"><svg class=\"e-font-icon-svg e-fas-caret-right\" viewBox=\"0 0 192 512\" xmlns=\"http:\/\/www.w3.org\/2000\/svg\"><path d=\"M0 384.662V127.338c0-17.818 21.543-26.741 34.142-14.142l128.662 128.662c7.81 7.81 7.81 20.474 0 28.284L34.142 398.804C21.543 411.404 0 402.48 0 384.662z\"><\/path><\/svg><\/span>\n\t\t\t\t\t\t\t\t<span class=\"elementor-toggle-icon-opened\"><svg class=\"elementor-toggle-icon-opened e-font-icon-svg e-fas-caret-up\" viewBox=\"0 0 320 512\" xmlns=\"http:\/\/www.w3.org\/2000\/svg\"><path d=\"M288.662 352H31.338c-17.818 0-26.741-21.543-14.142-34.142l128.662-128.662c7.81-7.81 20.474-7.81 28.284 0l128.662 128.662c12.6 12.599 3.676 34.142-14.142 34.142z\"><\/path><\/svg><\/span>\n\t\t\t\t\t\t\t\t\t\t\t\t\t<\/span>\n\t\t\t\t\t\t\t\t\t\t\t\t<a class=\"elementor-toggle-title\" tabindex=\"0\">Archives<\/a>\n\t\t\t\t\t<\/div>\n\n\t\t\t\t\t<div id=\"elementor-tab-content-1481\" class=\"elementor-tab-content elementor-clearfix\" data-tab=\"1\" role=\"region\" aria-labelledby=\"elementor-tab-title-1481\"><ul><li><a href=\"https:\/\/2429479.hubspotpreview-na1.com\/_hcms\/preview\/content\/90942646701?portalId=2429479&amp;_preview=true&amp;cacheBust=1669922734579&amp;preview_key=GheemXHi&amp;from_buffer=false\">novembre 2022<\/a><\/li><li><a href=\"https:\/\/2429479.hubspotpreview-na1.com\/_hcms\/preview\/content\/87884230307?portalId=2429479&amp;_preview=true&amp;cacheBust=1669922717958&amp;preview_key=NMRQiVUX&amp;from_buffer=false\">octobre 2022<\/a><\/li><li><a href=\"https:\/\/2429479.hubspotpreview-na1.com\/_hcms\/preview\/content\/87884230307?portalId=2429479&amp;_preview=true&amp;cacheBust=1669922704017&amp;preview_key=NMRQiVUX&amp;from_buffer=false\">septembre 2022<\/a><\/li><li><a href=\"https:\/\/2429479.hubspotpreview-na1.com\/_hcms\/preview\/content\/78249815604?portalId=2429479&amp;_preview=true&amp;cacheBust=1669922677666&amp;preview_key=CHNFSCwV&amp;from_buffer=false\">juillet 2022<\/a><\/li><li><a href=\"https:\/\/2429479.hubspotpreview-na1.com\/_hcms\/preview\/content\/75594136349?portalId=2429479&amp;_preview=true&amp;cacheBust=1669922662962&amp;preview_key=wAbdFjnp&amp;from_buffer=false\">juin 2022<\/a><\/li><li><a href=\"https:\/\/2429479.hubspotpreview-na1.com\/_hcms\/preview\/content\/73148802446?portalId=2429479&amp;_preview=true&amp;cacheBust=1669922649960&amp;preview_key=CjhxGEuh&amp;from_buffer=false\">mai 2022<\/a><\/li><li><a href=\"https:\/\/2429479.hubspotpreview-na1.com\/_hcms\/preview\/content\/70642256701?portalId=2429479&amp;_preview=true&amp;cacheBust=1669922636063&amp;preview_key=KVpSCHfI&amp;from_buffer=false\">avril 2022<\/a><\/li><li><a href=\"https:\/\/2429479.hubspotpreview-na1.com\/_hcms\/preview\/content\/68804356123?portalId=2429479&amp;_preview=true&amp;cacheBust=1669922610742&amp;preview_key=kdbHnhIG&amp;from_buffer=false\">mars 2022<\/a><\/li><li><a href=\"https:\/\/2429479.hubspotpreview-na1.com\/_hcms\/preview\/content\/65512975435?portalId=2429479&amp;_preview=true&amp;cacheBust=1669922511293&amp;preview_key=UWgQIISh&amp;from_buffer=false\">f\u00e9vrier 2022<\/a><\/li><li><a href=\"https:\/\/www.ccc.ca\/wp-content\/uploads\/2022\/01\/October-2021_Newsletter_FR.pdf\" rel=\"noopener\">octobre 2021<\/a><\/li><li><a href=\"https:\/\/2429479.hubspotpreview-na1.com\/_hcms\/preview\/content\/45212524054?portalId=2429479&amp;_preview=true&amp;cacheBust=0&amp;preview_key=YtuPKKxO&amp;from_buffer=false\" rel=\"noopener\">avril 2021<\/a><\/li><li><a href=\"https:\/\/preview.hs-sites.com\/_hcms\/preview\/content\/36016847922?portalId=2429479&amp;_preview=true&amp;cacheBust=1604437636406&amp;preview_key=qoYwreeu&amp;from_buffer=false&amp;__hstc=266208464.299d6a67e4ba50baa3f225d3c16dcc5b.1614698265144.1616100168805.1616159572154.27&amp;__hssc=266208464.15.1616159572154&amp;__hsfp=3268614734\" rel=\"noopener\">janvier 2021<\/a><\/li><li><a href=\"https:\/\/preview.hs-sites.com\/_hcms\/preview\/content\/36016847922?portalId=2429479&amp;_preview=true&amp;cacheBust=1604437636406&amp;preview_key=qoYwreeu&amp;from_buffer=false&amp;__hstc=266208464.299d6a67e4ba50baa3f225d3c16dcc5b.1614698265144.1616100168805.1616159572154.27&amp;__hssc=266208464.15.1616159572154&amp;__hsfp=3268614734\" rel=\"noopener\">octobre 2020<\/a><\/li><li><a href=\"https:\/\/preview.hs-sites.com\/_hcms\/preview\/content\/32293451284?portalId=2429479&amp;_preview=true&amp;cacheBust=0&amp;preview_key=vzWMbHdG&amp;from_buffer=false&amp;__hstc=266208464.299d6a67e4ba50baa3f225d3c16dcc5b.1614698265144.1616100168805.1616159572154.27&amp;__hssc=266208464.15.1616159572154&amp;__hsfp=3268614734\" rel=\"noopener\">juillet 2020<\/a><\/li><li><a href=\"https:\/\/preview.hs-sites.com\/_hcms\/preview\/content\/28090711176?portalId=2429479&amp;_preview=true&amp;cacheBust=0&amp;preview_key=ctjlbaWw&amp;from_buffer=false&amp;__hstc=266208464.299d6a67e4ba50baa3f225d3c16dcc5b.1614698265144.1616100168805.1616159572154.27&amp;__hssc=266208464.15.1616159572154&amp;__hsfp=3268614734\" rel=\"noopener\">mai 2020<\/a><\/li><\/ul><\/div>\n\t\t\t\t<\/div>\n\t\t\t\t\t\t\t\t<\/div>\n\t\t\t\t\t\t<\/div>\n\t\t\t\t<\/div>\n\t\t\t\t\t<\/div>\n\t\t<\/div>\n\t\t\t\t<div class=\"elementor-column elementor-col-50 elementor-top-column elementor-element elementor-element-d3b5ee8\" data-id=\"d3b5ee8\" data-element_type=\"column\" data-e-type=\"column\">\n\t\t\t<div class=\"elementor-widget-wrap elementor-element-populated\">\n\t\t\t\t\t\t<section class=\"elementor-section elementor-inner-section elementor-element elementor-element-8f47e1a elementor-section-boxed elementor-section-height-default elementor-section-height-default\" data-id=\"8f47e1a\" data-element_type=\"section\" data-e-type=\"section\" data-settings=\"{&quot;background_background&quot;:&quot;classic&quot;}\">\n\t\t\t\t\t\t<div class=\"elementor-container elementor-column-gap-default\">\n\t\t\t\t\t<div class=\"elementor-column elementor-col-100 elementor-inner-column elementor-element elementor-element-846087b\" data-id=\"846087b\" data-element_type=\"column\" data-e-type=\"column\">\n\t\t\t<div class=\"elementor-widget-wrap elementor-element-populated\">\n\t\t\t\t\t\t<div class=\"elementor-element elementor-element-c741a39 elementor-widget elementor-widget-heading\" data-id=\"c741a39\" data-element_type=\"widget\" data-e-type=\"widget\" data-widget_type=\"heading.default\">\n\t\t\t\t<div class=\"elementor-widget-container\">\n\t\t\t\t\t<span class=\"elementor-heading-title elementor-size-default\">Relations avec les medias\n<\/span>\t\t\t\t<\/div>\n\t\t\t\t<\/div>\n\t\t\t\t<div class=\"elementor-element elementor-element-d62a752 chevron-list elementor-widget elementor-widget-text-editor\" data-id=\"d62a752\" data-element_type=\"widget\" data-e-type=\"widget\" data-widget_type=\"text-editor.default\">\n\t\t\t\t<div class=\"elementor-widget-container\">\n\t\t\t\t\t\t\t\t\t<p>Questions d\u2019ordre m\u00e9diatique :\u00a0<a href=\"mailto:communications@ccc.ca\" target=\"_blank\" rel=\"noopener\">communications@ccc.ca<\/a><\/p>\t\t\t\t\t\t\t\t<\/div>\n\t\t\t\t<\/div>\n\t\t\t\t<div class=\"elementor-element elementor-element-4548eca elementor-widget-divider--view-line elementor-widget elementor-widget-divider\" data-id=\"4548eca\" data-element_type=\"widget\" data-e-type=\"widget\" data-widget_type=\"divider.default\">\n\t\t\t\t<div class=\"elementor-widget-container\">\n\t\t\t\t\t\t\t<div class=\"elementor-divider\">\n\t\t\t<span class=\"elementor-divider-separator\">\n\t\t\t\t\t\t<\/span>\n\t\t<\/div>\n\t\t\t\t\t\t<\/div>\n\t\t\t\t<\/div>\n\t\t\t\t\t<\/div>\n\t\t<\/div>\n\t\t\t\t\t<\/div>\n\t\t<\/section>\n\t\t\t\t<section class=\"elementor-section elementor-inner-section elementor-element elementor-element-19ac071 elementor-section-boxed elementor-section-height-default elementor-section-height-default\" data-id=\"19ac071\" data-element_type=\"section\" data-e-type=\"section\" data-settings=\"{&quot;background_background&quot;:&quot;classic&quot;}\">\n\t\t\t\t\t\t<div class=\"elementor-container elementor-column-gap-default\">\n\t\t\t\t\t<div class=\"elementor-column elementor-col-100 elementor-inner-column elementor-element elementor-element-259612f\" data-id=\"259612f\" data-element_type=\"column\" data-e-type=\"column\">\n\t\t\t<div class=\"elementor-widget-wrap elementor-element-populated\">\n\t\t\t\t\t\t<div class=\"elementor-element elementor-element-8ff7b56 elementor-widget elementor-widget-heading\" data-id=\"8ff7b56\" data-element_type=\"widget\" data-e-type=\"widget\" data-widget_type=\"heading.default\">\n\t\t\t\t<div class=\"elementor-widget-container\">\n\t\t\t\t\t<span class=\"elementor-heading-title elementor-size-default\">Outil de recherche d\u2019appels d\u2019offres internationaux\n<\/span>\t\t\t\t<\/div>\n\t\t\t\t<\/div>\n\t\t\t\t<div class=\"elementor-element elementor-element-a7b08c1 elementor-widget elementor-widget-button\" data-id=\"a7b08c1\" data-element_type=\"widget\" data-e-type=\"widget\" data-widget_type=\"button.default\">\n\t\t\t\t<div class=\"elementor-widget-container\">\n\t\t\t\t\t\t\t\t\t<div class=\"elementor-button-wrapper\">\n\t\t\t\t\t<a class=\"elementor-button elementor-button-link elementor-size-sm\" href=\"https:\/\/www.gbof.ca\/fr\/\">\n\t\t\t\t\t\t<span class=\"elementor-button-content-wrapper\">\n\t\t\t\t\t\t\t\t\t<span class=\"elementor-button-text\">Rechercher des appels d\u2019offres maintenant<\/span>\n\t\t\t\t\t<\/span>\n\t\t\t\t\t<\/a>\n\t\t\t\t<\/div>\n\t\t\t\t\t\t\t\t<\/div>\n\t\t\t\t<\/div>\n\t\t\t\t<div class=\"elementor-element elementor-element-2a8bcda elementor-widget-divider--view-line elementor-widget elementor-widget-divider\" data-id=\"2a8bcda\" data-element_type=\"widget\" data-e-type=\"widget\" data-widget_type=\"divider.default\">\n\t\t\t\t<div class=\"elementor-widget-container\">\n\t\t\t\t\t\t\t<div class=\"elementor-divider\">\n\t\t\t<span class=\"elementor-divider-separator\">\n\t\t\t\t\t\t<\/span>\n\t\t<\/div>\n\t\t\t\t\t\t<\/div>\n\t\t\t\t<\/div>\n\t\t\t\t\t<\/div>\n\t\t<\/div>\n\t\t\t\t\t<\/div>\n\t\t<\/section>\n\t\t\t\t<section class=\"elementor-section elementor-inner-section elementor-element elementor-element-d93174f elementor-section-boxed elementor-section-height-default elementor-section-height-default\" data-id=\"d93174f\" data-element_type=\"section\" data-e-type=\"section\" data-settings=\"{&quot;background_background&quot;:&quot;classic&quot;}\">\n\t\t\t\t\t\t<div class=\"elementor-container elementor-column-gap-default\">\n\t\t\t\t\t<div class=\"elementor-column elementor-col-100 elementor-inner-column elementor-element elementor-element-f503b00\" data-id=\"f503b00\" data-element_type=\"column\" data-e-type=\"column\">\n\t\t\t<div class=\"elementor-widget-wrap elementor-element-populated\">\n\t\t\t\t\t\t<div class=\"elementor-element elementor-element-50bb76f elementor-widget elementor-widget-heading\" data-id=\"50bb76f\" data-element_type=\"widget\" data-e-type=\"widget\" data-widget_type=\"heading.default\">\n\t\t\t\t<div class=\"elementor-widget-container\">\n\t\t\t\t\t<span class=\"elementor-heading-title elementor-size-default\">L'histoire de la Corporation commerciale canadienne\n<\/span>\t\t\t\t<\/div>\n\t\t\t\t<\/div>\n\t\t\t\t<div class=\"elementor-element elementor-element-1fbb217 elementor-widget elementor-widget-button\" data-id=\"1fbb217\" data-element_type=\"widget\" data-e-type=\"widget\" data-widget_type=\"button.default\">\n\t\t\t\t<div class=\"elementor-widget-container\">\n\t\t\t\t\t\t\t\t\t<div class=\"elementor-button-wrapper\">\n\t\t\t\t\t<a class=\"elementor-button elementor-button-link elementor-size-sm\" href=\"\/fr\/a-propos\/histoire\/\">\n\t\t\t\t\t\t<span class=\"elementor-button-content-wrapper\">\n\t\t\t\t\t\t\t\t\t<span class=\"elementor-button-text\">Lire la suite<\/span>\n\t\t\t\t\t<\/span>\n\t\t\t\t\t<\/a>\n\t\t\t\t<\/div>\n\t\t\t\t\t\t\t\t<\/div>\n\t\t\t\t<\/div>\n\t\t\t\t\t<\/div>\n\t\t<\/div>\n\t\t\t\t\t<\/div>\n\t\t<\/section>\n\t\t\t\t\t<\/div>\n\t\t<\/div>\n\t\t\t\t\t<\/div>\n\t\t<\/section>\n\t\t\t\t<\/div>\n\t\t","protected":false},"excerpt":{"rendered":"<p>Nous avons \u00e0 c\u0153ur de tenir nos clients bien inform\u00e9s des derni\u00e8res \u00e9volutions et tendances en mati\u00e8re de commerce et d\u2019exportation. Suivez notre actualit\u00e9 en vous abonnant \u00e0 notre bulletin d\u2019information trimestriel. Archives novembre 2022 octobre 2022 septembre 2022 juillet 2022 juin 2022 mai 2022 avril 2022 mars 2022 f\u00e9vrier 2022 octobre 2021 avril 2021 [&#8230;]<\/p>\n","protected":false},"author":3,"featured_media":0,"parent":0,"menu_order":0,"comment_status":"closed","ping_status":"closed","template":"","meta":{"_acf_changed":false,"content-type":"","_relevanssi_hide_post":"","_relevanssi_hide_content":"","_relevanssi_pin_for_all":"","_relevanssi_pin_keywords":"","_relevanssi_unpin_keywords":"","_relevanssi_related_keywords":"","_relevanssi_related_include_ids":"","_relevanssi_related_exclude_ids":"","_relevanssi_related_no_append":"","_relevanssi_related_not_related":"","_relevanssi_related_posts":"","_relevanssi_noindex_reason":"","footnotes":""},"class_list":["post-8150","page","type-page","status-publish","hentry"],"acf":[],"yoast_head":"<!-- This site is optimized with the Yoast SEO Premium plugin v23.4 (Yoast SEO v27.3) - https:\/\/yoast.com\/product\/yoast-seo-premium-wordpress\/ -->\n<title>Bulletin \u00e9lectronique - Canadian Commercial Corporation (CCC)<\/title>\n<meta name=\"robots\" content=\"index, follow, max-snippet:-1, max-image-preview:large, max-video-preview:-1\" \/>\n<link rel=\"canonical\" href=\"https:\/\/www.ccc.ca\/fr\/bulletin-electronique\/\" \/>\n<meta property=\"og:locale\" content=\"fr_CA\" \/>\n<meta property=\"og:type\" content=\"article\" \/>\n<meta property=\"og:title\" content=\"Bulletin \u00e9lectronique\" \/>\n<meta property=\"og:description\" content=\"Nous avons \u00e0 c\u0153ur de tenir nos clients bien inform\u00e9s des derni\u00e8res \u00e9volutions et tendances en mati\u00e8re de commerce et d\u2019exportation. Suivez notre actualit\u00e9 en vous abonnant \u00e0 notre bulletin d\u2019information trimestriel. Archives novembre 2022 octobre 2022 septembre 2022 juillet 2022 juin 2022 mai 2022 avril 2022 mars 2022 f\u00e9vrier 2022 octobre 2021 avril 2021 [...]\" \/>\n<meta property=\"og:url\" content=\"https:\/\/www.ccc.ca\/fr\/bulletin-electronique\/\" \/>\n<meta property=\"og:site_name\" content=\"Canadian Commercial Corporation (CCC)\" \/>\n<meta property=\"article:publisher\" content=\"https:\/\/www.facebook.com\/CanadianCommercialCorporation\/\" \/>\n<meta property=\"article:modified_time\" content=\"2024-10-29T14:25:08+00:00\" \/>\n<meta property=\"og:image\" content=\"https:\/\/www.ccc.ca\/wp-content\/uploads\/2023\/05\/ccc-og.png\" \/>\n\t<meta property=\"og:image:width\" content=\"1200\" \/>\n\t<meta property=\"og:image:height\" content=\"675\" \/>\n\t<meta property=\"og:image:type\" content=\"image\/png\" \/>\n<meta name=\"twitter:card\" content=\"summary_large_image\" \/>\n<meta name=\"twitter:site\" content=\"@CanComCorp\" \/>\n<meta name=\"twitter:label1\" content=\"Estimation du temps de lecture\" \/>\n\t<meta name=\"twitter:data1\" content=\"1 minute\" \/>\n<script type=\"application\/ld+json\" class=\"yoast-schema-graph\">{\"@context\":\"https:\\\/\\\/schema.org\",\"@graph\":[{\"@type\":\"WebPage\",\"@id\":\"https:\\\/\\\/www.ccc.ca\\\/fr\\\/bulletin-electronique\\\/\",\"url\":\"https:\\\/\\\/www.ccc.ca\\\/fr\\\/bulletin-electronique\\\/\",\"name\":\"Bulletin \u00e9lectronique - Canadian Commercial Corporation (CCC)\",\"isPartOf\":{\"@id\":\"https:\\\/\\\/www.ccc.ca\\\/fr\\\/#website\"},\"datePublished\":\"2020-11-05T14:56:27+00:00\",\"dateModified\":\"2024-10-29T14:25:08+00:00\",\"breadcrumb\":{\"@id\":\"https:\\\/\\\/www.ccc.ca\\\/fr\\\/bulletin-electronique\\\/#breadcrumb\"},\"inLanguage\":\"fr-CA\",\"potentialAction\":[{\"@type\":\"ReadAction\",\"target\":[\"https:\\\/\\\/www.ccc.ca\\\/fr\\\/bulletin-electronique\\\/\"]}]},{\"@type\":\"BreadcrumbList\",\"@id\":\"https:\\\/\\\/www.ccc.ca\\\/fr\\\/bulletin-electronique\\\/#breadcrumb\",\"itemListElement\":[{\"@type\":\"ListItem\",\"position\":1,\"name\":\"Accueil\",\"item\":\"https:\\\/\\\/www.ccc.ca\\\/fr\\\/\"},{\"@type\":\"ListItem\",\"position\":2,\"name\":\"Bulletin \u00e9lectronique\"}]},{\"@type\":\"WebSite\",\"@id\":\"https:\\\/\\\/www.ccc.ca\\\/fr\\\/#website\",\"url\":\"https:\\\/\\\/www.ccc.ca\\\/fr\\\/\",\"name\":\"Canadian Commercial Corporation (CCC)\",\"description\":\"\",\"publisher\":{\"@id\":\"https:\\\/\\\/www.ccc.ca\\\/fr\\\/#organization\"},\"potentialAction\":[{\"@type\":\"SearchAction\",\"target\":{\"@type\":\"EntryPoint\",\"urlTemplate\":\"https:\\\/\\\/www.ccc.ca\\\/fr\\\/?s={search_term_string}\"},\"query-input\":{\"@type\":\"PropertyValueSpecification\",\"valueRequired\":true,\"valueName\":\"search_term_string\"}}],\"inLanguage\":\"fr-CA\"},{\"@type\":[\"Organization\",\"Place\"],\"@id\":\"https:\\\/\\\/www.ccc.ca\\\/fr\\\/#organization\",\"name\":\"The Canadian Commercial Corporation (CCC)\",\"url\":\"https:\\\/\\\/www.ccc.ca\\\/fr\\\/\",\"logo\":{\"@id\":\"https:\\\/\\\/www.ccc.ca\\\/fr\\\/bulletin-electronique\\\/#local-main-organization-logo\"},\"image\":{\"@id\":\"https:\\\/\\\/www.ccc.ca\\\/fr\\\/bulletin-electronique\\\/#local-main-organization-logo\"},\"sameAs\":[\"https:\\\/\\\/www.facebook.com\\\/CanadianCommercialCorporation\\\/\",\"https:\\\/\\\/x.com\\\/CanComCorp\",\"https:\\\/\\\/www.linkedin.com\\\/company\\\/canadian-commercial-corporation\\\/\"],\"address\":{\"@id\":\"https:\\\/\\\/www.ccc.ca\\\/fr\\\/bulletin-electronique\\\/#local-main-place-address\"},\"telephone\":[\"1-613-996-0034\",\"1-800-748-8191\"],\"contactPoint\":{\"@type\":\"ContactPoint\",\"telephone\":\"1-613-996-0034\",\"email\":\"communications@ccc.ca\"},\"openingHoursSpecification\":[{\"@type\":\"OpeningHoursSpecification\",\"dayOfWeek\":[\"Monday\",\"Tuesday\",\"Wednesday\",\"Thursday\",\"Friday\",\"Saturday\",\"Sunday\"],\"opens\":\"09:00\",\"closes\":\"17:00\"}]},{\"@type\":\"PostalAddress\",\"@id\":\"https:\\\/\\\/www.ccc.ca\\\/fr\\\/bulletin-electronique\\\/#local-main-place-address\",\"streetAddress\":\"350 Albert Street, Suite 1100\",\"addressLocality\":\"Ottawa\",\"postalCode\":\"K1A 0S6\",\"addressRegion\":\"Ontario\",\"addressCountry\":\"CA\"},{\"@type\":\"ImageObject\",\"inLanguage\":\"fr-CA\",\"@id\":\"https:\\\/\\\/www.ccc.ca\\\/fr\\\/bulletin-electronique\\\/#local-main-organization-logo\",\"url\":\"https:\\\/\\\/www.ccc.ca\\\/wp-content\\\/uploads\\\/2023\\\/05\\\/ccc-og.png\",\"contentUrl\":\"https:\\\/\\\/www.ccc.ca\\\/wp-content\\\/uploads\\\/2023\\\/05\\\/ccc-og.png\",\"width\":1200,\"height\":675,\"caption\":\"The Canadian Commercial Corporation (CCC)\"}]}<\/script>\n<meta name=\"geo.placename\" content=\"Ottawa\" \/>\n<meta name=\"geo.region\" content=\"Canada\" \/>\n<!-- \/ Yoast SEO Premium plugin. -->","yoast_head_json":{"title":"Bulletin \u00e9lectronique - Canadian Commercial Corporation (CCC)","robots":{"index":"index","follow":"follow","max-snippet":"max-snippet:-1","max-image-preview":"max-image-preview:large","max-video-preview":"max-video-preview:-1"},"canonical":"https:\/\/www.ccc.ca\/fr\/bulletin-electronique\/","og_locale":"fr_CA","og_type":"article","og_title":"Bulletin \u00e9lectronique","og_description":"Nous avons \u00e0 c\u0153ur de tenir nos clients bien inform\u00e9s des derni\u00e8res \u00e9volutions et tendances en mati\u00e8re de commerce et d\u2019exportation. Suivez notre actualit\u00e9 en vous abonnant \u00e0 notre bulletin d\u2019information trimestriel. Archives novembre 2022 octobre 2022 septembre 2022 juillet 2022 juin 2022 mai 2022 avril 2022 mars 2022 f\u00e9vrier 2022 octobre 2021 avril 2021 [...]","og_url":"https:\/\/www.ccc.ca\/fr\/bulletin-electronique\/","og_site_name":"Canadian Commercial Corporation (CCC)","article_publisher":"https:\/\/www.facebook.com\/CanadianCommercialCorporation\/","article_modified_time":"2024-10-29T14:25:08+00:00","og_image":[{"width":1200,"height":675,"url":"https:\/\/www.ccc.ca\/wp-content\/uploads\/2023\/05\/ccc-og.png","type":"image\/png"}],"twitter_card":"summary_large_image","twitter_site":"@CanComCorp","twitter_misc":{"Estimation du temps de lecture":"1 minute"},"schema":{"@context":"https:\/\/schema.org","@graph":[{"@type":"WebPage","@id":"https:\/\/www.ccc.ca\/fr\/bulletin-electronique\/","url":"https:\/\/www.ccc.ca\/fr\/bulletin-electronique\/","name":"Bulletin \u00e9lectronique - Canadian Commercial Corporation (CCC)","isPartOf":{"@id":"https:\/\/www.ccc.ca\/fr\/#website"},"datePublished":"2020-11-05T14:56:27+00:00","dateModified":"2024-10-29T14:25:08+00:00","breadcrumb":{"@id":"https:\/\/www.ccc.ca\/fr\/bulletin-electronique\/#breadcrumb"},"inLanguage":"fr-CA","potentialAction":[{"@type":"ReadAction","target":["https:\/\/www.ccc.ca\/fr\/bulletin-electronique\/"]}]},{"@type":"BreadcrumbList","@id":"https:\/\/www.ccc.ca\/fr\/bulletin-electronique\/#breadcrumb","itemListElement":[{"@type":"ListItem","position":1,"name":"Accueil","item":"https:\/\/www.ccc.ca\/fr\/"},{"@type":"ListItem","position":2,"name":"Bulletin \u00e9lectronique"}]},{"@type":"WebSite","@id":"https:\/\/www.ccc.ca\/fr\/#website","url":"https:\/\/www.ccc.ca\/fr\/","name":"Canadian Commercial Corporation (CCC)","description":"","publisher":{"@id":"https:\/\/www.ccc.ca\/fr\/#organization"},"potentialAction":[{"@type":"SearchAction","target":{"@type":"EntryPoint","urlTemplate":"https:\/\/www.ccc.ca\/fr\/?s={search_term_string}"},"query-input":{"@type":"PropertyValueSpecification","valueRequired":true,"valueName":"search_term_string"}}],"inLanguage":"fr-CA"},{"@type":["Organization","Place"],"@id":"https:\/\/www.ccc.ca\/fr\/#organization","name":"The Canadian Commercial Corporation (CCC)","url":"https:\/\/www.ccc.ca\/fr\/","logo":{"@id":"https:\/\/www.ccc.ca\/fr\/bulletin-electronique\/#local-main-organization-logo"},"image":{"@id":"https:\/\/www.ccc.ca\/fr\/bulletin-electronique\/#local-main-organization-logo"},"sameAs":["https:\/\/www.facebook.com\/CanadianCommercialCorporation\/","https:\/\/x.com\/CanComCorp","https:\/\/www.linkedin.com\/company\/canadian-commercial-corporation\/"],"address":{"@id":"https:\/\/www.ccc.ca\/fr\/bulletin-electronique\/#local-main-place-address"},"telephone":["1-613-996-0034","1-800-748-8191"],"contactPoint":{"@type":"ContactPoint","telephone":"1-613-996-0034","email":"communications@ccc.ca"},"openingHoursSpecification":[{"@type":"OpeningHoursSpecification","dayOfWeek":["Monday","Tuesday","Wednesday","Thursday","Friday","Saturday","Sunday"],"opens":"09:00","closes":"17:00"}]},{"@type":"PostalAddress","@id":"https:\/\/www.ccc.ca\/fr\/bulletin-electronique\/#local-main-place-address","streetAddress":"350 Albert Street, Suite 1100","addressLocality":"Ottawa","postalCode":"K1A 0S6","addressRegion":"Ontario","addressCountry":"CA"},{"@type":"ImageObject","inLanguage":"fr-CA","@id":"https:\/\/www.ccc.ca\/fr\/bulletin-electronique\/#local-main-organization-logo","url":"https:\/\/www.ccc.ca\/wp-content\/uploads\/2023\/05\/ccc-og.png","contentUrl":"https:\/\/www.ccc.ca\/wp-content\/uploads\/2023\/05\/ccc-og.png","width":1200,"height":675,"caption":"The Canadian Commercial Corporation (CCC)"}]},"geo.placename":"Ottawa","geo.region":"Canada"},"_links":{"self":[{"href":"https:\/\/www.ccc.ca\/fr\/wp-json\/wp\/v2\/pages\/8150","targetHints":{"allow":["GET"]}}],"collection":[{"href":"https:\/\/www.ccc.ca\/fr\/wp-json\/wp\/v2\/pages"}],"about":[{"href":"https:\/\/www.ccc.ca\/fr\/wp-json\/wp\/v2\/types\/page"}],"author":[{"embeddable":true,"href":"https:\/\/www.ccc.ca\/fr\/wp-json\/wp\/v2\/users\/3"}],"replies":[{"embeddable":true,"href":"https:\/\/www.ccc.ca\/fr\/wp-json\/wp\/v2\/comments?post=8150"}],"version-history":[{"count":0,"href":"https:\/\/www.ccc.ca\/fr\/wp-json\/wp\/v2\/pages\/8150\/revisions"}],"wp:attachment":[{"href":"https:\/\/www.ccc.ca\/fr\/wp-json\/wp\/v2\/media?parent=8150"}],"curies":[{"name":"wp","href":"https:\/\/api.w.org\/{rel}","templated":true}]}}