{"id":8459,"date":"2020-11-11T14:03:45","date_gmt":"2020-11-11T18:03:45","guid":{"rendered":"https:\/\/www.ccc.ca\/?page_id=8459"},"modified":"2026-01-08T13:17:10","modified_gmt":"2026-01-08T18:17:10","slug":"dyanne-carenza","status":"publish","type":"page","link":"https:\/\/www.ccc.ca\/fr\/a-propos\/leadership-et-gouvernance\/dyanne-carenza\/","title":{"rendered":"Dyanne Carenza"},"content":{"rendered":"\t\t<div data-elementor-type=\"wp-page\" data-elementor-id=\"8459\" class=\"elementor elementor-8459 elementor-10540\" data-elementor-post-type=\"page\">\n\t\t\t\t\t\t<section class=\"elementor-section elementor-top-section elementor-element elementor-element-b2a66a8 elementor-section-boxed elementor-section-height-default elementor-section-height-default\" data-id=\"b2a66a8\" data-element_type=\"section\" data-e-type=\"section\">\n\t\t\t\t\t\t<div class=\"elementor-container elementor-column-gap-default\">\n\t\t\t\t\t<div class=\"elementor-column elementor-col-50 elementor-top-column elementor-element elementor-element-9092bf3\" data-id=\"9092bf3\" data-element_type=\"column\" data-e-type=\"column\">\n\t\t\t<div class=\"elementor-widget-wrap elementor-element-populated\">\n\t\t\t\t\t\t<section class=\"elementor-section elementor-inner-section elementor-element elementor-element-f714f35 elementor-section-boxed elementor-section-height-default elementor-section-height-default\" data-id=\"f714f35\" data-element_type=\"section\" data-e-type=\"section\">\n\t\t\t\t\t\t<div class=\"elementor-container elementor-column-gap-default\">\n\t\t\t\t\t<div class=\"elementor-column elementor-col-50 elementor-inner-column elementor-element elementor-element-2cafba5\" data-id=\"2cafba5\" data-element_type=\"column\" data-e-type=\"column\">\n\t\t\t<div class=\"elementor-widget-wrap elementor-element-populated\">\n\t\t\t\t\t\t<div class=\"elementor-element elementor-element-4d09606 elementor-widget elementor-widget-image\" data-id=\"4d09606\" data-element_type=\"widget\" data-e-type=\"widget\" data-widget_type=\"image.default\">\n\t\t\t\t<div class=\"elementor-widget-container\">\n\t\t\t\t\t\t\t\t\t\t\t\t\t\t\t<img loading=\"lazy\" decoding=\"async\" loading=\"lazy\" width=\"833\" height=\"864\" src=\"https:\/\/www.ccc.ca\/wp-content\/uploads\/2023\/07\/Dyanne-Carenza-2023-scaled-e1688478243129.jpg\" class=\"attachment-full size-full wp-image-33820\" alt=\"\" srcset=\"https:\/\/www.ccc.ca\/wp-content\/uploads\/2023\/07\/Dyanne-Carenza-2023-scaled-e1688478243129.jpg 833w, https:\/\/www.ccc.ca\/wp-content\/uploads\/2023\/07\/Dyanne-Carenza-2023-scaled-e1688478243129-289x300.jpg 289w, https:\/\/www.ccc.ca\/wp-content\/uploads\/2023\/07\/Dyanne-Carenza-2023-scaled-e1688478243129-768x797.jpg 768w\" sizes=\"auto, (max-width: 833px) 100vw, 833px\" \/>\t\t\t\t\t\t\t\t\t\t\t\t\t\t\t<\/div>\n\t\t\t\t<\/div>\n\t\t\t\t\t<\/div>\n\t\t<\/div>\n\t\t\t\t<div class=\"elementor-column elementor-col-50 elementor-inner-column elementor-element elementor-element-a67bdf6\" data-id=\"a67bdf6\" data-element_type=\"column\" data-e-type=\"column\">\n\t\t\t<div class=\"elementor-widget-wrap elementor-element-populated\">\n\t\t\t\t\t\t<div class=\"elementor-element elementor-element-55dcd5b elementor-widget elementor-widget-text-editor\" data-id=\"55dcd5b\" data-element_type=\"widget\" data-e-type=\"widget\" data-widget_type=\"text-editor.default\">\n\t\t\t\t<div class=\"elementor-widget-container\">\n\t\t\t\t\t\t\t\t\t<p>Vice-pr\u00e9sidente, Financement du commerce international, Banque Scotia<br \/>Montr\u00e9al, Qu\u00e9bec<\/p>\t\t\t\t\t\t\t\t<\/div>\n\t\t\t\t<\/div>\n\t\t\t\t\t<\/div>\n\t\t<\/div>\n\t\t\t\t\t<\/div>\n\t\t<\/section>\n\t\t\t\t<div class=\"elementor-element elementor-element-ed4495c elementor-widget elementor-widget-text-editor\" data-id=\"ed4495c\" data-element_type=\"widget\" data-e-type=\"widget\" data-widget_type=\"text-editor.default\">\n\t\t\t\t<div class=\"elementor-widget-container\">\n\t\t\t\t\t\t\t\t\t<p>Mme Dyanne Carenza est vice-pr\u00e9sidente, responsable du financement du commerce et de la cha\u00eene d&rsquo;approvisionnement \u00e0 la Banque Scotia, o\u00f9 elle est responsable du d\u00e9veloppement et de la promotion d\u2019entreprises traditionnelles de financement du commerce et des cha\u00eenes d\u2019approvisionnement d\u2019envergure mondiale. Leader multilingue, \u00e9nergique et dot\u00e9e d\u2019un esprit d\u2019initiative, elle a \u00e0 son actif bon nombre de r\u00e9alisations en mati\u00e8re de renforcement des relations et de direction d\u2019\u00e9quipes hautement performantes. Son cheminement dans le secteur bancaire lui a permis d\u2019acqu\u00e9rir une solide exp\u00e9rience en op\u00e9rations bancaires, en pr\u00eats, en gestion de produits et en \u00e9tablissement de strat\u00e9gies. Passionn\u00e9e de commerce, elle aide les entreprises \u00e0 r\u00e9ussir sur les march\u00e9s internationaux et est souvent invit\u00e9e \u00e0 prendre la parole lors de conf\u00e9rences et de r\u00e9unions de l\u2019industrie parrain\u00e9es par diverses organisations, notamment l\u2019Association of Financial Professionals of Canada, la BAFT, l\u2019Association des manufacturiers et des exportateurs et la Chambre de commerce de Montr\u00e9al. N\u00e9e et \u00e9lev\u00e9e \u00e0 Montr\u00e9al, elle est titulaire d\u2019un baccalaur\u00e9at avec sp\u00e9cialisation en \u00e9conomie de l\u2019Universit\u00e9 McGill et a compl\u00e9t\u00e9 avec succ\u00e8s des programmes \u00e0 l\u2019Universit\u00e9 Queen\u2019s et \u00e0 l\u2019\u00c9cole de commerce Richard Ivey.<\/p>\t\t\t\t\t\t\t\t<\/div>\n\t\t\t\t<\/div>\n\t\t\t\t\t<\/div>\n\t\t<\/div>\n\t\t\t\t<div class=\"elementor-column elementor-col-50 elementor-top-column elementor-element elementor-element-946fdc5\" data-id=\"946fdc5\" data-element_type=\"column\" data-e-type=\"column\">\n\t\t\t<div class=\"elementor-widget-wrap elementor-element-populated\">\n\t\t\t\t\t\t<section class=\"elementor-section elementor-inner-section elementor-element elementor-element-ba9b60e elementor-section-boxed elementor-section-height-default elementor-section-height-default\" data-id=\"ba9b60e\" data-element_type=\"section\" data-e-type=\"section\" data-settings=\"{&quot;background_background&quot;:&quot;classic&quot;}\">\n\t\t\t\t\t\t<div class=\"elementor-container elementor-column-gap-default\">\n\t\t\t\t\t<div class=\"elementor-column elementor-col-100 elementor-inner-column elementor-element elementor-element-14e9807\" data-id=\"14e9807\" data-element_type=\"column\" data-e-type=\"column\">\n\t\t\t<div class=\"elementor-widget-wrap elementor-element-populated\">\n\t\t\t\t\t\t<div class=\"elementor-element elementor-element-8ab6864 elementor-widget elementor-widget-heading\" data-id=\"8ab6864\" data-element_type=\"widget\" data-e-type=\"widget\" data-widget_type=\"heading.default\">\n\t\t\t\t<div class=\"elementor-widget-container\">\n\t\t\t\t\t<span class=\"elementor-heading-title elementor-size-default\">Cherchez-vous \u00e0 obtenir des contrats de gouvernements \u00e9trangers? Nous pouvons vous aider.\n<\/span>\t\t\t\t<\/div>\n\t\t\t\t<\/div>\n\t\t\t\t<div class=\"elementor-element elementor-element-4be68fa elementor-align-left elementor-widget elementor-widget-button\" data-id=\"4be68fa\" data-element_type=\"widget\" data-e-type=\"widget\" data-widget_type=\"button.default\">\n\t\t\t\t<div class=\"elementor-widget-container\">\n\t\t\t\t\t\t\t\t\t<div class=\"elementor-button-wrapper\">\n\t\t\t\t\t<a class=\"elementor-button elementor-button-link elementor-size-sm\" href=\"\/fr\/exportateurs-canadiens\/\">\n\t\t\t\t\t\t<span class=\"elementor-button-content-wrapper\">\n\t\t\t\t\t\t\t\t\t<span class=\"elementor-button-text\">Lire la suite<\/span>\n\t\t\t\t\t<\/span>\n\t\t\t\t\t<\/a>\n\t\t\t\t<\/div>\n\t\t\t\t\t\t\t\t<\/div>\n\t\t\t\t<\/div>\n\t\t\t\t\t<\/div>\n\t\t<\/div>\n\t\t\t\t\t<\/div>\n\t\t<\/section>\n\t\t\t\t\t<\/div>\n\t\t<\/div>\n\t\t\t\t\t<\/div>\n\t\t<\/section>\n\t\t\t\t<\/div>\n\t\t","protected":false},"excerpt":{"rendered":"<p>Vice-pr\u00e9sidente, Financement du commerce international, Banque ScotiaMontr\u00e9al, Qu\u00e9bec Mme Dyanne Carenza est vice-pr\u00e9sidente, responsable du financement du commerce et de la cha\u00eene d&rsquo;approvisionnement \u00e0 la Banque Scotia, o\u00f9 elle est responsable du d\u00e9veloppement et de la promotion d\u2019entreprises traditionnelles de financement du commerce et des cha\u00eenes d\u2019approvisionnement d\u2019envergure mondiale. Leader multilingue, \u00e9nergique et dot\u00e9e d\u2019un [&#8230;]<\/p>\n","protected":false},"author":3,"featured_media":0,"parent":391,"menu_order":0,"comment_status":"closed","ping_status":"closed","template":"","meta":{"_acf_changed":false,"content-type":"","_relevanssi_hide_post":"","_relevanssi_hide_content":"","_relevanssi_pin_for_all":"","_relevanssi_pin_keywords":"","_relevanssi_unpin_keywords":"","_relevanssi_related_keywords":"","_relevanssi_related_include_ids":"","_relevanssi_related_exclude_ids":"","_relevanssi_related_no_append":"","_relevanssi_related_not_related":"","_relevanssi_related_posts":"","_relevanssi_noindex_reason":"","footnotes":""},"class_list":["post-8459","page","type-page","status-publish","hentry"],"acf":[],"yoast_head":"<!-- This site is optimized with the Yoast SEO Premium plugin v23.4 (Yoast SEO v27.3) - https:\/\/yoast.com\/product\/yoast-seo-premium-wordpress\/ -->\n<title>Dyanne Carenza - Corporation commerciale canadienne (CCC)<\/title>\n<meta name=\"robots\" content=\"index, follow, max-snippet:-1, max-image-preview:large, max-video-preview:-1\" \/>\n<link rel=\"canonical\" href=\"https:\/\/www.ccc.ca\/fr\/a-propos\/leadership-et-gouvernance\/dyanne-carenza\/\" \/>\n<meta property=\"og:locale\" content=\"fr_CA\" \/>\n<meta property=\"og:type\" content=\"article\" \/>\n<meta property=\"og:title\" content=\"Dyanne Carenza\" \/>\n<meta property=\"og:description\" content=\"Vice-pr\u00e9sidente, Financement du commerce international, Banque ScotiaMontr\u00e9al, Qu\u00e9bec Mme Dyanne Carenza est vice-pr\u00e9sidente, responsable du financement du commerce et de la cha\u00eene d&rsquo;approvisionnement \u00e0 la Banque Scotia, o\u00f9 elle est responsable du d\u00e9veloppement et de la promotion d\u2019entreprises traditionnelles de financement du commerce et des cha\u00eenes d\u2019approvisionnement d\u2019envergure mondiale. Leader multilingue, \u00e9nergique et dot\u00e9e d\u2019un [...]\" \/>\n<meta property=\"og:url\" content=\"https:\/\/www.ccc.ca\/fr\/a-propos\/leadership-et-gouvernance\/dyanne-carenza\/\" \/>\n<meta property=\"og:site_name\" content=\"Canadian Commercial Corporation (CCC)\" \/>\n<meta property=\"article:publisher\" content=\"https:\/\/www.facebook.com\/CanadianCommercialCorporation\/\" \/>\n<meta property=\"article:modified_time\" content=\"2026-01-08T18:17:10+00:00\" \/>\n<meta property=\"og:image\" content=\"https:\/\/www.ccc.ca\/wp-content\/uploads\/2023\/07\/Dyanne-Carenza-2023-scaled-e1688478243129.jpg\" \/>\n\t<meta property=\"og:image:width\" content=\"833\" \/>\n\t<meta property=\"og:image:height\" content=\"864\" \/>\n\t<meta property=\"og:image:type\" content=\"image\/jpeg\" \/>\n<meta name=\"twitter:card\" content=\"summary_large_image\" \/>\n<meta name=\"twitter:site\" content=\"@CanComCorp\" \/>\n<meta name=\"twitter:label1\" content=\"Estimation du temps de lecture\" \/>\n\t<meta name=\"twitter:data1\" content=\"2 minutes\" \/>\n<script type=\"application\/ld+json\" class=\"yoast-schema-graph\">{\"@context\":\"https:\\\/\\\/schema.org\",\"@graph\":[{\"@type\":\"WebPage\",\"@id\":\"https:\\\/\\\/www.ccc.ca\\\/fr\\\/a-propos\\\/leadership-et-gouvernance\\\/dyanne-carenza\\\/\",\"url\":\"https:\\\/\\\/www.ccc.ca\\\/fr\\\/a-propos\\\/leadership-et-gouvernance\\\/dyanne-carenza\\\/\",\"name\":\"Dyanne Carenza - Corporation commerciale canadienne (CCC)\",\"isPartOf\":{\"@id\":\"https:\\\/\\\/www.ccc.ca\\\/fr\\\/#website\"},\"primaryImageOfPage\":{\"@id\":\"https:\\\/\\\/www.ccc.ca\\\/fr\\\/a-propos\\\/leadership-et-gouvernance\\\/dyanne-carenza\\\/#primaryimage\"},\"image\":{\"@id\":\"https:\\\/\\\/www.ccc.ca\\\/fr\\\/a-propos\\\/leadership-et-gouvernance\\\/dyanne-carenza\\\/#primaryimage\"},\"thumbnailUrl\":\"https:\\\/\\\/www.ccc.ca\\\/wp-content\\\/uploads\\\/2023\\\/07\\\/Dyanne-Carenza-2023-scaled-e1688478243129.jpg\",\"datePublished\":\"2020-11-11T18:03:45+00:00\",\"dateModified\":\"2026-01-08T18:17:10+00:00\",\"breadcrumb\":{\"@id\":\"https:\\\/\\\/www.ccc.ca\\\/fr\\\/a-propos\\\/leadership-et-gouvernance\\\/dyanne-carenza\\\/#breadcrumb\"},\"inLanguage\":\"fr-CA\",\"potentialAction\":[{\"@type\":\"ReadAction\",\"target\":[\"https:\\\/\\\/www.ccc.ca\\\/fr\\\/a-propos\\\/leadership-et-gouvernance\\\/dyanne-carenza\\\/\"]}]},{\"@type\":\"ImageObject\",\"inLanguage\":\"fr-CA\",\"@id\":\"https:\\\/\\\/www.ccc.ca\\\/fr\\\/a-propos\\\/leadership-et-gouvernance\\\/dyanne-carenza\\\/#primaryimage\",\"url\":\"https:\\\/\\\/www.ccc.ca\\\/wp-content\\\/uploads\\\/2023\\\/07\\\/Dyanne-Carenza-2023-scaled-e1688478243129.jpg\",\"contentUrl\":\"https:\\\/\\\/www.ccc.ca\\\/wp-content\\\/uploads\\\/2023\\\/07\\\/Dyanne-Carenza-2023-scaled-e1688478243129.jpg\"},{\"@type\":\"BreadcrumbList\",\"@id\":\"https:\\\/\\\/www.ccc.ca\\\/fr\\\/a-propos\\\/leadership-et-gouvernance\\\/dyanne-carenza\\\/#breadcrumb\",\"itemListElement\":[{\"@type\":\"ListItem\",\"position\":1,\"name\":\"Accueil\",\"item\":\"https:\\\/\\\/www.ccc.ca\\\/fr\\\/\"},{\"@type\":\"ListItem\",\"position\":2,\"name\":\"\u00c0 propos de nous\",\"item\":\"https:\\\/\\\/www.ccc.ca\\\/fr\\\/about\\\/\"},{\"@type\":\"ListItem\",\"position\":3,\"name\":\"Leadership et gouvernance\",\"item\":\"https:\\\/\\\/www.ccc.ca\\\/fr\\\/about\\\/leadership-and-governance\\\/\"},{\"@type\":\"ListItem\",\"position\":4,\"name\":\"Dyanne Carenza\"}]},{\"@type\":\"WebSite\",\"@id\":\"https:\\\/\\\/www.ccc.ca\\\/fr\\\/#website\",\"url\":\"https:\\\/\\\/www.ccc.ca\\\/fr\\\/\",\"name\":\"Canadian Commercial Corporation (CCC)\",\"description\":\"\",\"publisher\":{\"@id\":\"https:\\\/\\\/www.ccc.ca\\\/fr\\\/#organization\"},\"potentialAction\":[{\"@type\":\"SearchAction\",\"target\":{\"@type\":\"EntryPoint\",\"urlTemplate\":\"https:\\\/\\\/www.ccc.ca\\\/fr\\\/?s={search_term_string}\"},\"query-input\":{\"@type\":\"PropertyValueSpecification\",\"valueRequired\":true,\"valueName\":\"search_term_string\"}}],\"inLanguage\":\"fr-CA\"},{\"@type\":[\"Organization\",\"Place\"],\"@id\":\"https:\\\/\\\/www.ccc.ca\\\/fr\\\/#organization\",\"name\":\"The Canadian Commercial Corporation (CCC)\",\"url\":\"https:\\\/\\\/www.ccc.ca\\\/fr\\\/\",\"logo\":{\"@id\":\"https:\\\/\\\/www.ccc.ca\\\/fr\\\/a-propos\\\/leadership-et-gouvernance\\\/dyanne-carenza\\\/#local-main-organization-logo\"},\"image\":{\"@id\":\"https:\\\/\\\/www.ccc.ca\\\/fr\\\/a-propos\\\/leadership-et-gouvernance\\\/dyanne-carenza\\\/#local-main-organization-logo\"},\"sameAs\":[\"https:\\\/\\\/www.facebook.com\\\/CanadianCommercialCorporation\\\/\",\"https:\\\/\\\/x.com\\\/CanComCorp\",\"https:\\\/\\\/www.linkedin.com\\\/company\\\/canadian-commercial-corporation\\\/\"],\"address\":{\"@id\":\"https:\\\/\\\/www.ccc.ca\\\/fr\\\/a-propos\\\/leadership-et-gouvernance\\\/dyanne-carenza\\\/#local-main-place-address\"},\"telephone\":[\"1-613-996-0034\",\"1-800-748-8191\"],\"contactPoint\":{\"@type\":\"ContactPoint\",\"telephone\":\"1-613-996-0034\",\"email\":\"communications@ccc.ca\"},\"openingHoursSpecification\":[{\"@type\":\"OpeningHoursSpecification\",\"dayOfWeek\":[\"Monday\",\"Tuesday\",\"Wednesday\",\"Thursday\",\"Friday\",\"Saturday\",\"Sunday\"],\"opens\":\"09:00\",\"closes\":\"17:00\"}]},{\"@type\":\"PostalAddress\",\"@id\":\"https:\\\/\\\/www.ccc.ca\\\/fr\\\/a-propos\\\/leadership-et-gouvernance\\\/dyanne-carenza\\\/#local-main-place-address\",\"streetAddress\":\"350 Albert Street, Suite 1100\",\"addressLocality\":\"Ottawa\",\"postalCode\":\"K1A 0S6\",\"addressRegion\":\"Ontario\",\"addressCountry\":\"CA\"},{\"@type\":\"ImageObject\",\"inLanguage\":\"fr-CA\",\"@id\":\"https:\\\/\\\/www.ccc.ca\\\/fr\\\/a-propos\\\/leadership-et-gouvernance\\\/dyanne-carenza\\\/#local-main-organization-logo\",\"url\":\"https:\\\/\\\/www.ccc.ca\\\/wp-content\\\/uploads\\\/2023\\\/05\\\/ccc-og.png\",\"contentUrl\":\"https:\\\/\\\/www.ccc.ca\\\/wp-content\\\/uploads\\\/2023\\\/05\\\/ccc-og.png\",\"width\":1200,\"height\":675,\"caption\":\"The Canadian Commercial Corporation (CCC)\"}]}<\/script>\n<meta name=\"geo.placename\" content=\"Ottawa\" \/>\n<meta name=\"geo.region\" content=\"Canada\" \/>\n<!-- \/ Yoast SEO Premium plugin. -->","yoast_head_json":{"title":"Dyanne Carenza - Corporation commerciale canadienne (CCC)","robots":{"index":"index","follow":"follow","max-snippet":"max-snippet:-1","max-image-preview":"max-image-preview:large","max-video-preview":"max-video-preview:-1"},"canonical":"https:\/\/www.ccc.ca\/fr\/a-propos\/leadership-et-gouvernance\/dyanne-carenza\/","og_locale":"fr_CA","og_type":"article","og_title":"Dyanne Carenza","og_description":"Vice-pr\u00e9sidente, Financement du commerce international, Banque ScotiaMontr\u00e9al, Qu\u00e9bec Mme Dyanne Carenza est vice-pr\u00e9sidente, responsable du financement du commerce et de la cha\u00eene d&rsquo;approvisionnement \u00e0 la Banque Scotia, o\u00f9 elle est responsable du d\u00e9veloppement et de la promotion d\u2019entreprises traditionnelles de financement du commerce et des cha\u00eenes d\u2019approvisionnement d\u2019envergure mondiale. Leader multilingue, \u00e9nergique et dot\u00e9e d\u2019un [...]","og_url":"https:\/\/www.ccc.ca\/fr\/a-propos\/leadership-et-gouvernance\/dyanne-carenza\/","og_site_name":"Canadian Commercial Corporation (CCC)","article_publisher":"https:\/\/www.facebook.com\/CanadianCommercialCorporation\/","article_modified_time":"2026-01-08T18:17:10+00:00","og_image":[{"width":833,"height":864,"url":"https:\/\/www.ccc.ca\/wp-content\/uploads\/2023\/07\/Dyanne-Carenza-2023-scaled-e1688478243129.jpg","type":"image\/jpeg"}],"twitter_card":"summary_large_image","twitter_site":"@CanComCorp","twitter_misc":{"Estimation du temps de lecture":"2 minutes"},"schema":{"@context":"https:\/\/schema.org","@graph":[{"@type":"WebPage","@id":"https:\/\/www.ccc.ca\/fr\/a-propos\/leadership-et-gouvernance\/dyanne-carenza\/","url":"https:\/\/www.ccc.ca\/fr\/a-propos\/leadership-et-gouvernance\/dyanne-carenza\/","name":"Dyanne Carenza - Corporation commerciale canadienne (CCC)","isPartOf":{"@id":"https:\/\/www.ccc.ca\/fr\/#website"},"primaryImageOfPage":{"@id":"https:\/\/www.ccc.ca\/fr\/a-propos\/leadership-et-gouvernance\/dyanne-carenza\/#primaryimage"},"image":{"@id":"https:\/\/www.ccc.ca\/fr\/a-propos\/leadership-et-gouvernance\/dyanne-carenza\/#primaryimage"},"thumbnailUrl":"https:\/\/www.ccc.ca\/wp-content\/uploads\/2023\/07\/Dyanne-Carenza-2023-scaled-e1688478243129.jpg","datePublished":"2020-11-11T18:03:45+00:00","dateModified":"2026-01-08T18:17:10+00:00","breadcrumb":{"@id":"https:\/\/www.ccc.ca\/fr\/a-propos\/leadership-et-gouvernance\/dyanne-carenza\/#breadcrumb"},"inLanguage":"fr-CA","potentialAction":[{"@type":"ReadAction","target":["https:\/\/www.ccc.ca\/fr\/a-propos\/leadership-et-gouvernance\/dyanne-carenza\/"]}]},{"@type":"ImageObject","inLanguage":"fr-CA","@id":"https:\/\/www.ccc.ca\/fr\/a-propos\/leadership-et-gouvernance\/dyanne-carenza\/#primaryimage","url":"https:\/\/www.ccc.ca\/wp-content\/uploads\/2023\/07\/Dyanne-Carenza-2023-scaled-e1688478243129.jpg","contentUrl":"https:\/\/www.ccc.ca\/wp-content\/uploads\/2023\/07\/Dyanne-Carenza-2023-scaled-e1688478243129.jpg"},{"@type":"BreadcrumbList","@id":"https:\/\/www.ccc.ca\/fr\/a-propos\/leadership-et-gouvernance\/dyanne-carenza\/#breadcrumb","itemListElement":[{"@type":"ListItem","position":1,"name":"Accueil","item":"https:\/\/www.ccc.ca\/fr\/"},{"@type":"ListItem","position":2,"name":"\u00c0 propos de nous","item":"https:\/\/www.ccc.ca\/fr\/about\/"},{"@type":"ListItem","position":3,"name":"Leadership et gouvernance","item":"https:\/\/www.ccc.ca\/fr\/about\/leadership-and-governance\/"},{"@type":"ListItem","position":4,"name":"Dyanne Carenza"}]},{"@type":"WebSite","@id":"https:\/\/www.ccc.ca\/fr\/#website","url":"https:\/\/www.ccc.ca\/fr\/","name":"Canadian Commercial Corporation (CCC)","description":"","publisher":{"@id":"https:\/\/www.ccc.ca\/fr\/#organization"},"potentialAction":[{"@type":"SearchAction","target":{"@type":"EntryPoint","urlTemplate":"https:\/\/www.ccc.ca\/fr\/?s={search_term_string}"},"query-input":{"@type":"PropertyValueSpecification","valueRequired":true,"valueName":"search_term_string"}}],"inLanguage":"fr-CA"},{"@type":["Organization","Place"],"@id":"https:\/\/www.ccc.ca\/fr\/#organization","name":"The Canadian Commercial Corporation (CCC)","url":"https:\/\/www.ccc.ca\/fr\/","logo":{"@id":"https:\/\/www.ccc.ca\/fr\/a-propos\/leadership-et-gouvernance\/dyanne-carenza\/#local-main-organization-logo"},"image":{"@id":"https:\/\/www.ccc.ca\/fr\/a-propos\/leadership-et-gouvernance\/dyanne-carenza\/#local-main-organization-logo"},"sameAs":["https:\/\/www.facebook.com\/CanadianCommercialCorporation\/","https:\/\/x.com\/CanComCorp","https:\/\/www.linkedin.com\/company\/canadian-commercial-corporation\/"],"address":{"@id":"https:\/\/www.ccc.ca\/fr\/a-propos\/leadership-et-gouvernance\/dyanne-carenza\/#local-main-place-address"},"telephone":["1-613-996-0034","1-800-748-8191"],"contactPoint":{"@type":"ContactPoint","telephone":"1-613-996-0034","email":"communications@ccc.ca"},"openingHoursSpecification":[{"@type":"OpeningHoursSpecification","dayOfWeek":["Monday","Tuesday","Wednesday","Thursday","Friday","Saturday","Sunday"],"opens":"09:00","closes":"17:00"}]},{"@type":"PostalAddress","@id":"https:\/\/www.ccc.ca\/fr\/a-propos\/leadership-et-gouvernance\/dyanne-carenza\/#local-main-place-address","streetAddress":"350 Albert Street, Suite 1100","addressLocality":"Ottawa","postalCode":"K1A 0S6","addressRegion":"Ontario","addressCountry":"CA"},{"@type":"ImageObject","inLanguage":"fr-CA","@id":"https:\/\/www.ccc.ca\/fr\/a-propos\/leadership-et-gouvernance\/dyanne-carenza\/#local-main-organization-logo","url":"https:\/\/www.ccc.ca\/wp-content\/uploads\/2023\/05\/ccc-og.png","contentUrl":"https:\/\/www.ccc.ca\/wp-content\/uploads\/2023\/05\/ccc-og.png","width":1200,"height":675,"caption":"The Canadian Commercial Corporation (CCC)"}]},"geo.placename":"Ottawa","geo.region":"Canada"},"_links":{"self":[{"href":"https:\/\/www.ccc.ca\/fr\/wp-json\/wp\/v2\/pages\/8459","targetHints":{"allow":["GET"]}}],"collection":[{"href":"https:\/\/www.ccc.ca\/fr\/wp-json\/wp\/v2\/pages"}],"about":[{"href":"https:\/\/www.ccc.ca\/fr\/wp-json\/wp\/v2\/types\/page"}],"author":[{"embeddable":true,"href":"https:\/\/www.ccc.ca\/fr\/wp-json\/wp\/v2\/users\/3"}],"replies":[{"embeddable":true,"href":"https:\/\/www.ccc.ca\/fr\/wp-json\/wp\/v2\/comments?post=8459"}],"version-history":[{"count":0,"href":"https:\/\/www.ccc.ca\/fr\/wp-json\/wp\/v2\/pages\/8459\/revisions"}],"up":[{"embeddable":true,"href":"https:\/\/www.ccc.ca\/fr\/wp-json\/wp\/v2\/pages\/391"}],"wp:attachment":[{"href":"https:\/\/www.ccc.ca\/fr\/wp-json\/wp\/v2\/media?parent=8459"}],"curies":[{"name":"wp","href":"https:\/\/api.w.org\/{rel}","templated":true}]}}