{"id":8526,"date":"2020-11-11T18:09:40","date_gmt":"2020-11-11T22:09:40","guid":{"rendered":"https:\/\/www.ccc.ca\/?page_id=8526"},"modified":"2026-01-08T13:19:22","modified_gmt":"2026-01-08T18:19:22","slug":"christa-wessel","status":"publish","type":"page","link":"https:\/\/www.ccc.ca\/fr\/a-propos\/leadership-et-gouvernance\/christa-wessel\/","title":{"rendered":"Christa Wessel"},"content":{"rendered":"\t\t<div data-elementor-type=\"wp-page\" data-elementor-id=\"8526\" class=\"elementor elementor-8526 elementor-8536\" data-elementor-post-type=\"page\">\n\t\t\t\t\t\t<section class=\"elementor-section elementor-top-section elementor-element elementor-element-421ac05 elementor-section-boxed elementor-section-height-default elementor-section-height-default\" data-id=\"421ac05\" data-element_type=\"section\" data-e-type=\"section\">\n\t\t\t\t\t\t<div class=\"elementor-container elementor-column-gap-default\">\n\t\t\t\t\t<div class=\"elementor-column elementor-col-50 elementor-top-column elementor-element elementor-element-ce68128\" data-id=\"ce68128\" data-element_type=\"column\" data-e-type=\"column\">\n\t\t\t<div class=\"elementor-widget-wrap elementor-element-populated\">\n\t\t\t\t\t\t<section class=\"elementor-section elementor-inner-section elementor-element elementor-element-5827798 elementor-section-boxed elementor-section-height-default elementor-section-height-default\" data-id=\"5827798\" data-element_type=\"section\" data-e-type=\"section\">\n\t\t\t\t\t\t<div class=\"elementor-container elementor-column-gap-default\">\n\t\t\t\t\t<div class=\"elementor-column elementor-col-50 elementor-inner-column elementor-element elementor-element-90c0a16\" data-id=\"90c0a16\" data-element_type=\"column\" data-e-type=\"column\">\n\t\t\t<div class=\"elementor-widget-wrap elementor-element-populated\">\n\t\t\t\t\t\t<div class=\"elementor-element elementor-element-c850538 elementor-widget elementor-widget-image\" data-id=\"c850538\" data-element_type=\"widget\" data-e-type=\"widget\" data-widget_type=\"image.default\">\n\t\t\t\t<div class=\"elementor-widget-container\">\n\t\t\t\t\t\t\t\t\t\t\t\t\t\t\t<img loading=\"lazy\" decoding=\"async\" loading=\"lazy\" width=\"590\" height=\"393\" src=\"https:\/\/www.ccc.ca\/wp-content\/uploads\/2023\/06\/Christa-Wessel-white-background-e1688479038865.jpg\" class=\"attachment-full size-full wp-image-33737\" alt=\"\" \/>\t\t\t\t\t\t\t\t\t\t\t\t\t\t\t<\/div>\n\t\t\t\t<\/div>\n\t\t\t\t\t<\/div>\n\t\t<\/div>\n\t\t\t\t<div class=\"elementor-column elementor-col-50 elementor-inner-column elementor-element elementor-element-36f42a6\" data-id=\"36f42a6\" data-element_type=\"column\" data-e-type=\"column\">\n\t\t\t<div class=\"elementor-widget-wrap elementor-element-populated\">\n\t\t\t\t\t\t<div class=\"elementor-element elementor-element-6c44d9e elementor-widget elementor-widget-text-editor\" data-id=\"6c44d9e\" data-element_type=\"widget\" data-e-type=\"widget\" data-widget_type=\"text-editor.default\">\n\t\t\t\t<div class=\"elementor-widget-container\">\n\t\t\t\t\t\t\t\t\t<p><strong>Chef de l\u2019exploitation <\/strong><strong>ClearView\u00a0Strategic\u00a0Partners Inc.<br \/><\/strong>Oakville, Ontario<\/p>\t\t\t\t\t\t\t\t<\/div>\n\t\t\t\t<\/div>\n\t\t\t\t\t<\/div>\n\t\t<\/div>\n\t\t\t\t\t<\/div>\n\t\t<\/section>\n\t\t\t\t<div class=\"elementor-element elementor-element-68cdbe4b elementor-widget elementor-widget-text-editor\" data-id=\"68cdbe4b\" data-element_type=\"widget\" data-e-type=\"widget\" data-widget_type=\"text-editor.default\">\n\t\t\t\t<div class=\"elementor-widget-container\">\n\t\t\t\t\t\t\t\t\t<p>Christa Wessel est chef de l\u2019exploitation et avocate g\u00e9n\u00e9rale \u00e0 ClearView Strategic Partners inc.; une entreprise qui fournit un logiciel et de l\u2019expertise dans les rapports sur l\u2019\u00e9thique, les syst\u00e8mes de d\u00e9nonciation et les programmes de d\u00e9ontologie. Mme Wessel tire profit de son exp\u00e9rience en tant que cadre sup\u00e9rieure pour les g\u00e9ants mondiaux McCain et Siemens, o\u00f9 elle occupait le poste de gestionnaire en chef des portefeuilles de la gouvernance et de la conformit\u00e9, des affaires juridiques, des ressources humaines et de la participation des parties prenantes. Gr\u00e2ce \u00e0 son parcours professionnel enviable \u00e0 la t\u00eate de projets et d\u2019initiatives de transformation au sein d\u2019entreprises internationales hautement concurrentielles, sa vaste exp\u00e9rience pratique couvre \u00e0 la fois les march\u00e9s d\u00e9velopp\u00e9s et en d\u00e9veloppement, notamment aux \u00c9tats-Unis, en Am\u00e9rique latine, en Europe et en Asie.<\/p>\n\n<p>\u00c0 l\u2019heure actuelle, Mme Wessel est administratrice de soci\u00e9t\u00e9s et membre du conseil d\u2019administration de Lallemand inc., de Hamilton Enterprises Holding Corporation et Hamilton Utilities Corporation, et elle est membre du conseil consultatif sur la responsabilit\u00e9 sociale des entreprises \u00e0 Exportation et d\u00e9veloppement Canada. Elle est \u00e9galement membre du corps enseignant \u00e0 The Directors College. Mme Wessel a \u00e9t\u00e9 admise au Barreau de l\u2019Ontario et d\u00e9tient un baccalaur\u00e9at en droit de l\u2019Universit\u00e9 d\u2019Ottawa ainsi qu\u2019un BA en \u00e9conomie de l\u2019Universit\u00e9 York. Elle a \u00e9galement obtenu le titre d\u2019administratrice agr\u00e9\u00e9 du Directors College de l\u2019Universit\u00e9 McMaster et est une juriste d\u2019entreprise agr\u00e9\u00e9e de l\u2019Association du Barreau canadien.<\/p>\n\n<p>Les anciens engagements de Mme Wessel au sein du conseil d\u2019administration comprennent : le Centre de soins de sant\u00e9 mentale Waypoint, Halton Healthcare Services Corporation (y compris les fonctions qu\u2019elle a remplies \u00e0 titre de pr\u00e9sidente du conseil d\u2019administration), Siemens Canada Limited (et nombre de ses filiales canadiennes) et Oakville Hydroelectricity Distribution inc. Elle tient r\u00e9guli\u00e8rement des conf\u00e9rences sur le leadership, la gouvernance et l\u2019\u00e9thique. Mme Wessel a \u00e9t\u00e9 nomm\u00e9e au Conseil d\u2019administration de la CCC le 1er juillet 2019.<\/p>\n\t\t\t\t\t\t\t\t<\/div>\n\t\t\t\t<\/div>\n\t\t\t\t\t<\/div>\n\t\t<\/div>\n\t\t\t\t<div class=\"elementor-column elementor-col-50 elementor-top-column elementor-element elementor-element-36dc4a1\" data-id=\"36dc4a1\" data-element_type=\"column\" data-e-type=\"column\">\n\t\t\t<div class=\"elementor-widget-wrap elementor-element-populated\">\n\t\t\t\t\t\t<section class=\"elementor-section elementor-inner-section elementor-element elementor-element-29c1e89 elementor-section-boxed elementor-section-height-default elementor-section-height-default\" data-id=\"29c1e89\" data-element_type=\"section\" data-e-type=\"section\" data-settings=\"{&quot;background_background&quot;:&quot;classic&quot;}\">\n\t\t\t\t\t\t<div class=\"elementor-container elementor-column-gap-default\">\n\t\t\t\t\t<div class=\"elementor-column elementor-col-100 elementor-inner-column elementor-element elementor-element-2dfaf66\" data-id=\"2dfaf66\" data-element_type=\"column\" data-e-type=\"column\">\n\t\t\t<div class=\"elementor-widget-wrap elementor-element-populated\">\n\t\t\t\t\t\t<div class=\"elementor-element elementor-element-1fdd6c3 elementor-widget elementor-widget-heading\" data-id=\"1fdd6c3\" data-element_type=\"widget\" data-e-type=\"widget\" data-widget_type=\"heading.default\">\n\t\t\t\t<div class=\"elementor-widget-container\">\n\t\t\t\t\t<span class=\"elementor-heading-title elementor-size-default\">Cherchez-vous \u00e0 obtenir des contrats de gouvernements \u00e9trangers? Nous pouvons vous aider.\n<\/span>\t\t\t\t<\/div>\n\t\t\t\t<\/div>\n\t\t\t\t<div class=\"elementor-element elementor-element-4f8f54f elementor-align-left elementor-widget elementor-widget-button\" data-id=\"4f8f54f\" data-element_type=\"widget\" data-e-type=\"widget\" data-widget_type=\"button.default\">\n\t\t\t\t<div class=\"elementor-widget-container\">\n\t\t\t\t\t\t\t\t\t<div class=\"elementor-button-wrapper\">\n\t\t\t\t\t<a class=\"elementor-button elementor-button-link elementor-size-sm\" href=\"\/fr\/exportateurs-canadiens\/\">\n\t\t\t\t\t\t<span class=\"elementor-button-content-wrapper\">\n\t\t\t\t\t\t\t\t\t<span class=\"elementor-button-text\">Lire la suite<\/span>\n\t\t\t\t\t<\/span>\n\t\t\t\t\t<\/a>\n\t\t\t\t<\/div>\n\t\t\t\t\t\t\t\t<\/div>\n\t\t\t\t<\/div>\n\t\t\t\t\t<\/div>\n\t\t<\/div>\n\t\t\t\t\t<\/div>\n\t\t<\/section>\n\t\t\t\t\t<\/div>\n\t\t<\/div>\n\t\t\t\t\t<\/div>\n\t\t<\/section>\n\t\t\t\t<\/div>\n\t\t","protected":false},"excerpt":{"rendered":"<p>Chef de l\u2019exploitation ClearView\u00a0Strategic\u00a0Partners Inc.Oakville, Ontario Christa Wessel est chef de l\u2019exploitation et avocate g\u00e9n\u00e9rale \u00e0 ClearView Strategic Partners inc.; une entreprise qui fournit un logiciel et de l\u2019expertise dans les rapports sur l\u2019\u00e9thique, les syst\u00e8mes de d\u00e9nonciation et les programmes de d\u00e9ontologie. Mme Wessel tire profit de son exp\u00e9rience en tant que cadre sup\u00e9rieure [&#8230;]<\/p>\n","protected":false},"author":3,"featured_media":0,"parent":391,"menu_order":0,"comment_status":"closed","ping_status":"closed","template":"","meta":{"_acf_changed":false,"content-type":"","_relevanssi_hide_post":"","_relevanssi_hide_content":"","_relevanssi_pin_for_all":"","_relevanssi_pin_keywords":"","_relevanssi_unpin_keywords":"","_relevanssi_related_keywords":"","_relevanssi_related_include_ids":"","_relevanssi_related_exclude_ids":"","_relevanssi_related_no_append":"","_relevanssi_related_not_related":"","_relevanssi_related_posts":"","_relevanssi_noindex_reason":"","footnotes":""},"class_list":["post-8526","page","type-page","status-publish","hentry"],"acf":[],"yoast_head":"<!-- This site is optimized with the Yoast SEO Premium plugin v23.4 (Yoast SEO v27.3) - https:\/\/yoast.com\/product\/yoast-seo-premium-wordpress\/ -->\n<title>Christa Wessel - Corporation commerciale canadienne (CCC)<\/title>\n<meta name=\"robots\" content=\"index, follow, max-snippet:-1, max-image-preview:large, max-video-preview:-1\" \/>\n<link rel=\"canonical\" href=\"https:\/\/www.ccc.ca\/fr\/a-propos\/leadership-et-gouvernance\/christa-wessel\/\" \/>\n<meta property=\"og:locale\" content=\"fr_CA\" \/>\n<meta property=\"og:type\" content=\"article\" \/>\n<meta property=\"og:title\" content=\"Christa Wessel\" \/>\n<meta property=\"og:description\" content=\"Chef de l\u2019exploitation ClearView\u00a0Strategic\u00a0Partners Inc.Oakville, Ontario Christa Wessel est chef de l\u2019exploitation et avocate g\u00e9n\u00e9rale \u00e0 ClearView Strategic Partners inc.; une entreprise qui fournit un logiciel et de l\u2019expertise dans les rapports sur l\u2019\u00e9thique, les syst\u00e8mes de d\u00e9nonciation et les programmes de d\u00e9ontologie. Mme Wessel tire profit de son exp\u00e9rience en tant que cadre sup\u00e9rieure [...]\" \/>\n<meta property=\"og:url\" content=\"https:\/\/www.ccc.ca\/fr\/a-propos\/leadership-et-gouvernance\/christa-wessel\/\" \/>\n<meta property=\"og:site_name\" content=\"Canadian Commercial Corporation (CCC)\" \/>\n<meta property=\"article:publisher\" content=\"https:\/\/www.facebook.com\/CanadianCommercialCorporation\/\" \/>\n<meta property=\"article:modified_time\" content=\"2026-01-08T18:19:22+00:00\" \/>\n<meta property=\"og:image\" content=\"https:\/\/www.ccc.ca\/wp-content\/uploads\/2023\/06\/Christa-Wessel-white-background-e1688479038865.jpg\" \/>\n\t<meta property=\"og:image:width\" content=\"590\" \/>\n\t<meta property=\"og:image:height\" content=\"393\" \/>\n\t<meta property=\"og:image:type\" content=\"image\/jpeg\" \/>\n<meta name=\"twitter:card\" content=\"summary_large_image\" \/>\n<meta name=\"twitter:site\" content=\"@CanComCorp\" \/>\n<meta name=\"twitter:label1\" content=\"Estimation du temps de lecture\" \/>\n\t<meta name=\"twitter:data1\" content=\"2 minutes\" \/>\n<script type=\"application\/ld+json\" class=\"yoast-schema-graph\">{\"@context\":\"https:\\\/\\\/schema.org\",\"@graph\":[{\"@type\":\"WebPage\",\"@id\":\"https:\\\/\\\/www.ccc.ca\\\/fr\\\/a-propos\\\/leadership-et-gouvernance\\\/christa-wessel\\\/\",\"url\":\"https:\\\/\\\/www.ccc.ca\\\/fr\\\/a-propos\\\/leadership-et-gouvernance\\\/christa-wessel\\\/\",\"name\":\"Christa Wessel - Corporation commerciale canadienne (CCC)\",\"isPartOf\":{\"@id\":\"https:\\\/\\\/www.ccc.ca\\\/fr\\\/#website\"},\"primaryImageOfPage\":{\"@id\":\"https:\\\/\\\/www.ccc.ca\\\/fr\\\/a-propos\\\/leadership-et-gouvernance\\\/christa-wessel\\\/#primaryimage\"},\"image\":{\"@id\":\"https:\\\/\\\/www.ccc.ca\\\/fr\\\/a-propos\\\/leadership-et-gouvernance\\\/christa-wessel\\\/#primaryimage\"},\"thumbnailUrl\":\"https:\\\/\\\/www.ccc.ca\\\/wp-content\\\/uploads\\\/2023\\\/06\\\/Christa-Wessel-white-background-e1688479038865.jpg\",\"datePublished\":\"2020-11-11T22:09:40+00:00\",\"dateModified\":\"2026-01-08T18:19:22+00:00\",\"breadcrumb\":{\"@id\":\"https:\\\/\\\/www.ccc.ca\\\/fr\\\/a-propos\\\/leadership-et-gouvernance\\\/christa-wessel\\\/#breadcrumb\"},\"inLanguage\":\"fr-CA\",\"potentialAction\":[{\"@type\":\"ReadAction\",\"target\":[\"https:\\\/\\\/www.ccc.ca\\\/fr\\\/a-propos\\\/leadership-et-gouvernance\\\/christa-wessel\\\/\"]}]},{\"@type\":\"ImageObject\",\"inLanguage\":\"fr-CA\",\"@id\":\"https:\\\/\\\/www.ccc.ca\\\/fr\\\/a-propos\\\/leadership-et-gouvernance\\\/christa-wessel\\\/#primaryimage\",\"url\":\"https:\\\/\\\/www.ccc.ca\\\/wp-content\\\/uploads\\\/2023\\\/06\\\/Christa-Wessel-white-background-e1688479038865.jpg\",\"contentUrl\":\"https:\\\/\\\/www.ccc.ca\\\/wp-content\\\/uploads\\\/2023\\\/06\\\/Christa-Wessel-white-background-e1688479038865.jpg\"},{\"@type\":\"BreadcrumbList\",\"@id\":\"https:\\\/\\\/www.ccc.ca\\\/fr\\\/a-propos\\\/leadership-et-gouvernance\\\/christa-wessel\\\/#breadcrumb\",\"itemListElement\":[{\"@type\":\"ListItem\",\"position\":1,\"name\":\"Accueil\",\"item\":\"https:\\\/\\\/www.ccc.ca\\\/fr\\\/\"},{\"@type\":\"ListItem\",\"position\":2,\"name\":\"\u00c0 propos de nous\",\"item\":\"https:\\\/\\\/www.ccc.ca\\\/fr\\\/about\\\/\"},{\"@type\":\"ListItem\",\"position\":3,\"name\":\"Leadership et gouvernance\",\"item\":\"https:\\\/\\\/www.ccc.ca\\\/fr\\\/about\\\/leadership-and-governance\\\/\"},{\"@type\":\"ListItem\",\"position\":4,\"name\":\"Christa Wessel\"}]},{\"@type\":\"WebSite\",\"@id\":\"https:\\\/\\\/www.ccc.ca\\\/fr\\\/#website\",\"url\":\"https:\\\/\\\/www.ccc.ca\\\/fr\\\/\",\"name\":\"Canadian Commercial Corporation (CCC)\",\"description\":\"\",\"publisher\":{\"@id\":\"https:\\\/\\\/www.ccc.ca\\\/fr\\\/#organization\"},\"potentialAction\":[{\"@type\":\"SearchAction\",\"target\":{\"@type\":\"EntryPoint\",\"urlTemplate\":\"https:\\\/\\\/www.ccc.ca\\\/fr\\\/?s={search_term_string}\"},\"query-input\":{\"@type\":\"PropertyValueSpecification\",\"valueRequired\":true,\"valueName\":\"search_term_string\"}}],\"inLanguage\":\"fr-CA\"},{\"@type\":[\"Organization\",\"Place\"],\"@id\":\"https:\\\/\\\/www.ccc.ca\\\/fr\\\/#organization\",\"name\":\"The Canadian Commercial Corporation (CCC)\",\"url\":\"https:\\\/\\\/www.ccc.ca\\\/fr\\\/\",\"logo\":{\"@id\":\"https:\\\/\\\/www.ccc.ca\\\/fr\\\/a-propos\\\/leadership-et-gouvernance\\\/christa-wessel\\\/#local-main-organization-logo\"},\"image\":{\"@id\":\"https:\\\/\\\/www.ccc.ca\\\/fr\\\/a-propos\\\/leadership-et-gouvernance\\\/christa-wessel\\\/#local-main-organization-logo\"},\"sameAs\":[\"https:\\\/\\\/www.facebook.com\\\/CanadianCommercialCorporation\\\/\",\"https:\\\/\\\/x.com\\\/CanComCorp\",\"https:\\\/\\\/www.linkedin.com\\\/company\\\/canadian-commercial-corporation\\\/\"],\"address\":{\"@id\":\"https:\\\/\\\/www.ccc.ca\\\/fr\\\/a-propos\\\/leadership-et-gouvernance\\\/christa-wessel\\\/#local-main-place-address\"},\"telephone\":[\"1-613-996-0034\",\"1-800-748-8191\"],\"contactPoint\":{\"@type\":\"ContactPoint\",\"telephone\":\"1-613-996-0034\",\"email\":\"communications@ccc.ca\"},\"openingHoursSpecification\":[{\"@type\":\"OpeningHoursSpecification\",\"dayOfWeek\":[\"Monday\",\"Tuesday\",\"Wednesday\",\"Thursday\",\"Friday\",\"Saturday\",\"Sunday\"],\"opens\":\"09:00\",\"closes\":\"17:00\"}]},{\"@type\":\"PostalAddress\",\"@id\":\"https:\\\/\\\/www.ccc.ca\\\/fr\\\/a-propos\\\/leadership-et-gouvernance\\\/christa-wessel\\\/#local-main-place-address\",\"streetAddress\":\"350 Albert Street, Suite 1100\",\"addressLocality\":\"Ottawa\",\"postalCode\":\"K1A 0S6\",\"addressRegion\":\"Ontario\",\"addressCountry\":\"CA\"},{\"@type\":\"ImageObject\",\"inLanguage\":\"fr-CA\",\"@id\":\"https:\\\/\\\/www.ccc.ca\\\/fr\\\/a-propos\\\/leadership-et-gouvernance\\\/christa-wessel\\\/#local-main-organization-logo\",\"url\":\"https:\\\/\\\/www.ccc.ca\\\/wp-content\\\/uploads\\\/2023\\\/05\\\/ccc-og.png\",\"contentUrl\":\"https:\\\/\\\/www.ccc.ca\\\/wp-content\\\/uploads\\\/2023\\\/05\\\/ccc-og.png\",\"width\":1200,\"height\":675,\"caption\":\"The Canadian Commercial Corporation (CCC)\"}]}<\/script>\n<meta name=\"geo.placename\" content=\"Ottawa\" \/>\n<meta name=\"geo.region\" content=\"Canada\" \/>\n<!-- \/ Yoast SEO Premium plugin. -->","yoast_head_json":{"title":"Christa Wessel - Corporation commerciale canadienne (CCC)","robots":{"index":"index","follow":"follow","max-snippet":"max-snippet:-1","max-image-preview":"max-image-preview:large","max-video-preview":"max-video-preview:-1"},"canonical":"https:\/\/www.ccc.ca\/fr\/a-propos\/leadership-et-gouvernance\/christa-wessel\/","og_locale":"fr_CA","og_type":"article","og_title":"Christa Wessel","og_description":"Chef de l\u2019exploitation ClearView\u00a0Strategic\u00a0Partners Inc.Oakville, Ontario Christa Wessel est chef de l\u2019exploitation et avocate g\u00e9n\u00e9rale \u00e0 ClearView Strategic Partners inc.; une entreprise qui fournit un logiciel et de l\u2019expertise dans les rapports sur l\u2019\u00e9thique, les syst\u00e8mes de d\u00e9nonciation et les programmes de d\u00e9ontologie. Mme Wessel tire profit de son exp\u00e9rience en tant que cadre sup\u00e9rieure [...]","og_url":"https:\/\/www.ccc.ca\/fr\/a-propos\/leadership-et-gouvernance\/christa-wessel\/","og_site_name":"Canadian Commercial Corporation (CCC)","article_publisher":"https:\/\/www.facebook.com\/CanadianCommercialCorporation\/","article_modified_time":"2026-01-08T18:19:22+00:00","og_image":[{"width":590,"height":393,"url":"https:\/\/www.ccc.ca\/wp-content\/uploads\/2023\/06\/Christa-Wessel-white-background-e1688479038865.jpg","type":"image\/jpeg"}],"twitter_card":"summary_large_image","twitter_site":"@CanComCorp","twitter_misc":{"Estimation du temps de lecture":"2 minutes"},"schema":{"@context":"https:\/\/schema.org","@graph":[{"@type":"WebPage","@id":"https:\/\/www.ccc.ca\/fr\/a-propos\/leadership-et-gouvernance\/christa-wessel\/","url":"https:\/\/www.ccc.ca\/fr\/a-propos\/leadership-et-gouvernance\/christa-wessel\/","name":"Christa Wessel - Corporation commerciale canadienne (CCC)","isPartOf":{"@id":"https:\/\/www.ccc.ca\/fr\/#website"},"primaryImageOfPage":{"@id":"https:\/\/www.ccc.ca\/fr\/a-propos\/leadership-et-gouvernance\/christa-wessel\/#primaryimage"},"image":{"@id":"https:\/\/www.ccc.ca\/fr\/a-propos\/leadership-et-gouvernance\/christa-wessel\/#primaryimage"},"thumbnailUrl":"https:\/\/www.ccc.ca\/wp-content\/uploads\/2023\/06\/Christa-Wessel-white-background-e1688479038865.jpg","datePublished":"2020-11-11T22:09:40+00:00","dateModified":"2026-01-08T18:19:22+00:00","breadcrumb":{"@id":"https:\/\/www.ccc.ca\/fr\/a-propos\/leadership-et-gouvernance\/christa-wessel\/#breadcrumb"},"inLanguage":"fr-CA","potentialAction":[{"@type":"ReadAction","target":["https:\/\/www.ccc.ca\/fr\/a-propos\/leadership-et-gouvernance\/christa-wessel\/"]}]},{"@type":"ImageObject","inLanguage":"fr-CA","@id":"https:\/\/www.ccc.ca\/fr\/a-propos\/leadership-et-gouvernance\/christa-wessel\/#primaryimage","url":"https:\/\/www.ccc.ca\/wp-content\/uploads\/2023\/06\/Christa-Wessel-white-background-e1688479038865.jpg","contentUrl":"https:\/\/www.ccc.ca\/wp-content\/uploads\/2023\/06\/Christa-Wessel-white-background-e1688479038865.jpg"},{"@type":"BreadcrumbList","@id":"https:\/\/www.ccc.ca\/fr\/a-propos\/leadership-et-gouvernance\/christa-wessel\/#breadcrumb","itemListElement":[{"@type":"ListItem","position":1,"name":"Accueil","item":"https:\/\/www.ccc.ca\/fr\/"},{"@type":"ListItem","position":2,"name":"\u00c0 propos de nous","item":"https:\/\/www.ccc.ca\/fr\/about\/"},{"@type":"ListItem","position":3,"name":"Leadership et gouvernance","item":"https:\/\/www.ccc.ca\/fr\/about\/leadership-and-governance\/"},{"@type":"ListItem","position":4,"name":"Christa Wessel"}]},{"@type":"WebSite","@id":"https:\/\/www.ccc.ca\/fr\/#website","url":"https:\/\/www.ccc.ca\/fr\/","name":"Canadian Commercial Corporation (CCC)","description":"","publisher":{"@id":"https:\/\/www.ccc.ca\/fr\/#organization"},"potentialAction":[{"@type":"SearchAction","target":{"@type":"EntryPoint","urlTemplate":"https:\/\/www.ccc.ca\/fr\/?s={search_term_string}"},"query-input":{"@type":"PropertyValueSpecification","valueRequired":true,"valueName":"search_term_string"}}],"inLanguage":"fr-CA"},{"@type":["Organization","Place"],"@id":"https:\/\/www.ccc.ca\/fr\/#organization","name":"The Canadian Commercial Corporation (CCC)","url":"https:\/\/www.ccc.ca\/fr\/","logo":{"@id":"https:\/\/www.ccc.ca\/fr\/a-propos\/leadership-et-gouvernance\/christa-wessel\/#local-main-organization-logo"},"image":{"@id":"https:\/\/www.ccc.ca\/fr\/a-propos\/leadership-et-gouvernance\/christa-wessel\/#local-main-organization-logo"},"sameAs":["https:\/\/www.facebook.com\/CanadianCommercialCorporation\/","https:\/\/x.com\/CanComCorp","https:\/\/www.linkedin.com\/company\/canadian-commercial-corporation\/"],"address":{"@id":"https:\/\/www.ccc.ca\/fr\/a-propos\/leadership-et-gouvernance\/christa-wessel\/#local-main-place-address"},"telephone":["1-613-996-0034","1-800-748-8191"],"contactPoint":{"@type":"ContactPoint","telephone":"1-613-996-0034","email":"communications@ccc.ca"},"openingHoursSpecification":[{"@type":"OpeningHoursSpecification","dayOfWeek":["Monday","Tuesday","Wednesday","Thursday","Friday","Saturday","Sunday"],"opens":"09:00","closes":"17:00"}]},{"@type":"PostalAddress","@id":"https:\/\/www.ccc.ca\/fr\/a-propos\/leadership-et-gouvernance\/christa-wessel\/#local-main-place-address","streetAddress":"350 Albert Street, Suite 1100","addressLocality":"Ottawa","postalCode":"K1A 0S6","addressRegion":"Ontario","addressCountry":"CA"},{"@type":"ImageObject","inLanguage":"fr-CA","@id":"https:\/\/www.ccc.ca\/fr\/a-propos\/leadership-et-gouvernance\/christa-wessel\/#local-main-organization-logo","url":"https:\/\/www.ccc.ca\/wp-content\/uploads\/2023\/05\/ccc-og.png","contentUrl":"https:\/\/www.ccc.ca\/wp-content\/uploads\/2023\/05\/ccc-og.png","width":1200,"height":675,"caption":"The Canadian Commercial Corporation (CCC)"}]},"geo.placename":"Ottawa","geo.region":"Canada"},"_links":{"self":[{"href":"https:\/\/www.ccc.ca\/fr\/wp-json\/wp\/v2\/pages\/8526","targetHints":{"allow":["GET"]}}],"collection":[{"href":"https:\/\/www.ccc.ca\/fr\/wp-json\/wp\/v2\/pages"}],"about":[{"href":"https:\/\/www.ccc.ca\/fr\/wp-json\/wp\/v2\/types\/page"}],"author":[{"embeddable":true,"href":"https:\/\/www.ccc.ca\/fr\/wp-json\/wp\/v2\/users\/3"}],"replies":[{"embeddable":true,"href":"https:\/\/www.ccc.ca\/fr\/wp-json\/wp\/v2\/comments?post=8526"}],"version-history":[{"count":0,"href":"https:\/\/www.ccc.ca\/fr\/wp-json\/wp\/v2\/pages\/8526\/revisions"}],"up":[{"embeddable":true,"href":"https:\/\/www.ccc.ca\/fr\/wp-json\/wp\/v2\/pages\/391"}],"wp:attachment":[{"href":"https:\/\/www.ccc.ca\/fr\/wp-json\/wp\/v2\/media?parent=8526"}],"curies":[{"name":"wp","href":"https:\/\/api.w.org\/{rel}","templated":true}]}}