{"id":8529,"date":"2020-11-11T18:18:01","date_gmt":"2020-11-11T22:18:01","guid":{"rendered":"https:\/\/www.ccc.ca\/?page_id=8529"},"modified":"2026-01-08T13:08:39","modified_gmt":"2026-01-08T18:08:39","slug":"douglas-harrison","status":"publish","type":"page","link":"https:\/\/www.ccc.ca\/fr\/a-propos\/leadership-et-gouvernance\/douglas-harrison\/","title":{"rendered":"Douglas Harrison"},"content":{"rendered":"\t\t<div data-elementor-type=\"wp-page\" data-elementor-id=\"8529\" class=\"elementor elementor-8529 elementor-11228\" data-elementor-post-type=\"page\">\n\t\t\t\t\t\t<section class=\"elementor-section elementor-top-section elementor-element elementor-element-3a4ee65 elementor-section-boxed elementor-section-height-default elementor-section-height-default\" data-id=\"3a4ee65\" data-element_type=\"section\" data-e-type=\"section\">\n\t\t\t\t\t\t<div class=\"elementor-container elementor-column-gap-default\">\n\t\t\t\t\t<div class=\"elementor-column elementor-col-50 elementor-top-column elementor-element elementor-element-152319a\" data-id=\"152319a\" data-element_type=\"column\" data-e-type=\"column\">\n\t\t\t<div class=\"elementor-widget-wrap elementor-element-populated\">\n\t\t\t\t\t\t<section class=\"elementor-section elementor-inner-section elementor-element elementor-element-affb2eb elementor-section-boxed elementor-section-height-default elementor-section-height-default\" data-id=\"affb2eb\" data-element_type=\"section\" data-e-type=\"section\">\n\t\t\t\t\t\t<div class=\"elementor-container elementor-column-gap-default\">\n\t\t\t\t\t<div class=\"elementor-column elementor-col-50 elementor-inner-column elementor-element elementor-element-9a19139\" data-id=\"9a19139\" data-element_type=\"column\" data-e-type=\"column\">\n\t\t\t<div class=\"elementor-widget-wrap elementor-element-populated\">\n\t\t\t\t\t\t<div class=\"elementor-element elementor-element-547106c elementor-widget elementor-widget-image\" data-id=\"547106c\" data-element_type=\"widget\" data-e-type=\"widget\" data-widget_type=\"image.default\">\n\t\t\t\t<div class=\"elementor-widget-container\">\n\t\t\t\t\t\t\t\t\t\t\t\t\t\t\t<img decoding=\"async\" loading=\"lazy\" src=\"https:\/\/www.ccc.ca\/wp-content\/uploads\/2023\/06\/Doug-Harrison-2023-v2-scaled-e1688478475104.jpg\" title=\"\" alt=\"\" \/>\t\t\t\t\t\t\t\t\t\t\t\t\t\t\t<\/div>\n\t\t\t\t<\/div>\n\t\t\t\t\t<\/div>\n\t\t<\/div>\n\t\t\t\t<div class=\"elementor-column elementor-col-50 elementor-inner-column elementor-element elementor-element-8ca0dc8\" data-id=\"8ca0dc8\" data-element_type=\"column\" data-e-type=\"column\">\n\t\t\t<div class=\"elementor-widget-wrap elementor-element-populated\">\n\t\t\t\t\t\t<div class=\"elementor-element elementor-element-6fd2d62 elementor-widget elementor-widget-text-editor\" data-id=\"6fd2d62\" data-element_type=\"widget\" data-e-type=\"widget\" data-widget_type=\"text-editor.default\">\n\t\t\t\t<div class=\"elementor-widget-container\">\n\t\t\t\t\t\t\t\t\t<p>Burlington, Ontario<\/p>\t\t\t\t\t\t\t\t<\/div>\n\t\t\t\t<\/div>\n\t\t\t\t\t<\/div>\n\t\t<\/div>\n\t\t\t\t\t<\/div>\n\t\t<\/section>\n\t\t\t\t<div class=\"elementor-element elementor-element-948f249 elementor-widget elementor-widget-text-editor\" data-id=\"948f249\" data-element_type=\"widget\" data-e-type=\"widget\" data-widget_type=\"text-editor.default\">\n\t\t\t\t<div class=\"elementor-widget-container\">\n\t\t\t\t\t\t\t\t\t<p>Douglas Harrison est un directeur d\u2019entreprise exp\u00e9riment\u00e9 dans un large \u00e9ventail de secteurs d\u2019activit\u00e9. En plus de ses fonctions de directeur, il fournit divers services de conseil aux entreprises. Doug si\u00e8ge actuellement aux conseils d&rsquo;administration et aux comit\u00e9s consultatifs de Metro Supply Chain Group Inc., Craig Manufacturing et Midwest Refrigerated Services, et il est pr\u00e9sident du conseil d&rsquo;administration de la Corporation commerciale canadienne. Dans le pass\u00e9, il a si\u00e9g\u00e9 \u00e0 plusieurs conseils d&rsquo;administration d&rsquo;organismes publics, priv\u00e9s et gouvernementaux.<\/p><p>Doug \u00e9tait auparavant pr\u00e9sident et directeur g\u00e9n\u00e9ral d\u2019un certain nombre de soci\u00e9t\u00e9s, dont la plus r\u00e9cente est VersaCold Logistics Services, le plus grand fournisseur canadien de services logistiques et de cha\u00eene d\u2019approvisionnement sensibles \u00e0 la temp\u00e9rature. Auparavant, il a \u00e9t\u00e9 directeur de l\u2019exploitation du groupe de transport Day &amp; Ross, pr\u00e9sident d\u2019Acklands-Grainger, premi\u00e8re entreprise canadienne de fournitures industrielles et de s\u00e9curit\u00e9, et vice-pr\u00e9sident et directeur g\u00e9n\u00e9ral de Ryder Integrated Logistics, o\u00f9 il supervisait les unit\u00e9s commerciales de Ryder au Canada et en Europe.<\/p><p>Doug a \u00e9t\u00e9 reconnu comme l\u2019un des 40 meilleurs dirigeants de moins de 40 ans au Canada et a \u00e9t\u00e9 honor\u00e9 par l\u2019Institut canadien du trafic et du transport qui lui a d\u00e9cern\u00e9 son prix d\u2019excellence. Il est \u00e9galement r\u00e9cipiendaire du Prix national pour l&rsquo;excellence dans le domaine des transports et a \u00e9t\u00e9 nomm\u00e9 membre de la Supply Chain Management Association, l&rsquo;une des plus prestigieuses associations professionnelles du secteur de la cha\u00eene d&rsquo;approvisionnement au Canada. Doug est reconnu comme l\u2019un des leaders de la cha\u00eene d\u2019approvisionnement au Canada. Titulaire d\u2019un MBA de l\u2019universit\u00e9 Heriot-Watt (\u00c9cosse), Doug est \u00e9galement dipl\u00f4m\u00e9 de l\u2019Institut canadien du trafic et du transport (CCLP) et d\u00e9tient un certain nombre d\u2019autres titres dans le domaine du transport et de la logistique. Il a re\u00e7u le titre IAS.A de l\u2019Institut des administrateurs de soci\u00e9t\u00e9s, est dipl\u00f4m\u00e9 du programme de comptables professionnels agr\u00e9\u00e9s et d\u00e9tient le titre de comptable professionnel de l\u2019ACP.<\/p>\t\t\t\t\t\t\t\t<\/div>\n\t\t\t\t<\/div>\n\t\t\t\t\t<\/div>\n\t\t<\/div>\n\t\t\t\t<div class=\"elementor-column elementor-col-50 elementor-top-column elementor-element elementor-element-a489e2d\" data-id=\"a489e2d\" data-element_type=\"column\" data-e-type=\"column\">\n\t\t\t<div class=\"elementor-widget-wrap elementor-element-populated\">\n\t\t\t\t\t\t<section class=\"elementor-section elementor-inner-section elementor-element elementor-element-9eb8e45 elementor-section-boxed elementor-section-height-default elementor-section-height-default\" data-id=\"9eb8e45\" data-element_type=\"section\" data-e-type=\"section\" data-settings=\"{&quot;background_background&quot;:&quot;classic&quot;}\">\n\t\t\t\t\t\t<div class=\"elementor-container elementor-column-gap-default\">\n\t\t\t\t\t<div class=\"elementor-column elementor-col-100 elementor-inner-column elementor-element elementor-element-aa01072\" data-id=\"aa01072\" data-element_type=\"column\" data-e-type=\"column\">\n\t\t\t<div class=\"elementor-widget-wrap elementor-element-populated\">\n\t\t\t\t\t\t<div class=\"elementor-element elementor-element-b8a4dd1 elementor-widget elementor-widget-heading\" data-id=\"b8a4dd1\" data-element_type=\"widget\" data-e-type=\"widget\" data-widget_type=\"heading.default\">\n\t\t\t\t<div class=\"elementor-widget-container\">\n\t\t\t\t\t<span class=\"elementor-heading-title elementor-size-default\">Cherchez-vous \u00e0 obtenir des contrats de gouvernements \u00e9trangers? Nous pouvons vous aider.\n<\/span>\t\t\t\t<\/div>\n\t\t\t\t<\/div>\n\t\t\t\t<div class=\"elementor-element elementor-element-b6c5214 elementor-align-left elementor-widget elementor-widget-button\" data-id=\"b6c5214\" data-element_type=\"widget\" data-e-type=\"widget\" data-widget_type=\"button.default\">\n\t\t\t\t<div class=\"elementor-widget-container\">\n\t\t\t\t\t\t\t\t\t<div class=\"elementor-button-wrapper\">\n\t\t\t\t\t<a class=\"elementor-button elementor-button-link elementor-size-sm\" href=\"\/fr\/exportateurs-canadiens\/\">\n\t\t\t\t\t\t<span class=\"elementor-button-content-wrapper\">\n\t\t\t\t\t\t\t\t\t<span class=\"elementor-button-text\">Lire la suite<\/span>\n\t\t\t\t\t<\/span>\n\t\t\t\t\t<\/a>\n\t\t\t\t<\/div>\n\t\t\t\t\t\t\t\t<\/div>\n\t\t\t\t<\/div>\n\t\t\t\t\t<\/div>\n\t\t<\/div>\n\t\t\t\t\t<\/div>\n\t\t<\/section>\n\t\t\t\t\t<\/div>\n\t\t<\/div>\n\t\t\t\t\t<\/div>\n\t\t<\/section>\n\t\t\t\t<\/div>\n\t\t","protected":false},"excerpt":{"rendered":"<p>Burlington, Ontario Douglas Harrison est un directeur d\u2019entreprise exp\u00e9riment\u00e9 dans un large \u00e9ventail de secteurs d\u2019activit\u00e9. En plus de ses fonctions de directeur, il fournit divers services de conseil aux entreprises. Doug si\u00e8ge actuellement aux conseils d&rsquo;administration et aux comit\u00e9s consultatifs de Metro Supply Chain Group Inc., Craig Manufacturing et Midwest Refrigerated Services, et il [&#8230;]<\/p>\n","protected":false},"author":3,"featured_media":0,"parent":391,"menu_order":0,"comment_status":"closed","ping_status":"closed","template":"","meta":{"_acf_changed":false,"content-type":"","_relevanssi_hide_post":"","_relevanssi_hide_content":"","_relevanssi_pin_for_all":"","_relevanssi_pin_keywords":"","_relevanssi_unpin_keywords":"","_relevanssi_related_keywords":"","_relevanssi_related_include_ids":"","_relevanssi_related_exclude_ids":"","_relevanssi_related_no_append":"","_relevanssi_related_not_related":"","_relevanssi_related_posts":"","_relevanssi_noindex_reason":"","footnotes":""},"class_list":["post-8529","page","type-page","status-publish","hentry"],"acf":[],"yoast_head":"<!-- This site is optimized with the Yoast SEO Premium plugin v23.4 (Yoast SEO v27.3) - https:\/\/yoast.com\/product\/yoast-seo-premium-wordpress\/ -->\n<title>Douglas Harrison - Corporation commerciale canadienne (CCC)<\/title>\n<meta name=\"robots\" content=\"index, follow, max-snippet:-1, max-image-preview:large, max-video-preview:-1\" \/>\n<link rel=\"canonical\" href=\"https:\/\/www.ccc.ca\/fr\/a-propos\/leadership-et-gouvernance\/douglas-harrison\/\" \/>\n<meta property=\"og:locale\" content=\"fr_CA\" \/>\n<meta property=\"og:type\" content=\"article\" \/>\n<meta property=\"og:title\" content=\"Douglas Harrison\" \/>\n<meta property=\"og:description\" content=\"Burlington, Ontario Douglas Harrison est un directeur d\u2019entreprise exp\u00e9riment\u00e9 dans un large \u00e9ventail de secteurs d\u2019activit\u00e9. En plus de ses fonctions de directeur, il fournit divers services de conseil aux entreprises. Doug si\u00e8ge actuellement aux conseils d&rsquo;administration et aux comit\u00e9s consultatifs de Metro Supply Chain Group Inc., Craig Manufacturing et Midwest Refrigerated Services, et il [...]\" \/>\n<meta property=\"og:url\" content=\"https:\/\/www.ccc.ca\/fr\/a-propos\/leadership-et-gouvernance\/douglas-harrison\/\" \/>\n<meta property=\"og:site_name\" content=\"Canadian Commercial Corporation (CCC)\" \/>\n<meta property=\"article:publisher\" content=\"https:\/\/www.facebook.com\/CanadianCommercialCorporation\/\" \/>\n<meta property=\"article:modified_time\" content=\"2026-01-08T18:08:39+00:00\" \/>\n<meta property=\"og:image\" content=\"https:\/\/www.ccc.ca\/wp-content\/uploads\/2023\/06\/Doug-Harrison-2023-v2-scaled-e1688478475104.jpg\" \/>\n<meta name=\"twitter:card\" content=\"summary_large_image\" \/>\n<meta name=\"twitter:site\" content=\"@CanComCorp\" \/>\n<meta name=\"twitter:label1\" content=\"Estimation du temps de lecture\" \/>\n\t<meta name=\"twitter:data1\" content=\"2 minutes\" \/>\n<script type=\"application\/ld+json\" class=\"yoast-schema-graph\">{\"@context\":\"https:\\\/\\\/schema.org\",\"@graph\":[{\"@type\":\"WebPage\",\"@id\":\"https:\\\/\\\/www.ccc.ca\\\/fr\\\/a-propos\\\/leadership-et-gouvernance\\\/douglas-harrison\\\/\",\"url\":\"https:\\\/\\\/www.ccc.ca\\\/fr\\\/a-propos\\\/leadership-et-gouvernance\\\/douglas-harrison\\\/\",\"name\":\"Douglas Harrison - Corporation commerciale canadienne (CCC)\",\"isPartOf\":{\"@id\":\"https:\\\/\\\/www.ccc.ca\\\/fr\\\/#website\"},\"primaryImageOfPage\":{\"@id\":\"https:\\\/\\\/www.ccc.ca\\\/fr\\\/a-propos\\\/leadership-et-gouvernance\\\/douglas-harrison\\\/#primaryimage\"},\"image\":{\"@id\":\"https:\\\/\\\/www.ccc.ca\\\/fr\\\/a-propos\\\/leadership-et-gouvernance\\\/douglas-harrison\\\/#primaryimage\"},\"thumbnailUrl\":\"https:\\\/\\\/www.ccc.ca\\\/wp-content\\\/uploads\\\/2023\\\/06\\\/Doug-Harrison-2023-v2-scaled-e1688478475104.jpg\",\"datePublished\":\"2020-11-11T22:18:01+00:00\",\"dateModified\":\"2026-01-08T18:08:39+00:00\",\"breadcrumb\":{\"@id\":\"https:\\\/\\\/www.ccc.ca\\\/fr\\\/a-propos\\\/leadership-et-gouvernance\\\/douglas-harrison\\\/#breadcrumb\"},\"inLanguage\":\"fr-CA\",\"potentialAction\":[{\"@type\":\"ReadAction\",\"target\":[\"https:\\\/\\\/www.ccc.ca\\\/fr\\\/a-propos\\\/leadership-et-gouvernance\\\/douglas-harrison\\\/\"]}]},{\"@type\":\"ImageObject\",\"inLanguage\":\"fr-CA\",\"@id\":\"https:\\\/\\\/www.ccc.ca\\\/fr\\\/a-propos\\\/leadership-et-gouvernance\\\/douglas-harrison\\\/#primaryimage\",\"url\":\"https:\\\/\\\/www.ccc.ca\\\/wp-content\\\/uploads\\\/2023\\\/06\\\/Doug-Harrison-2023-v2-scaled-e1688478475104.jpg\",\"contentUrl\":\"https:\\\/\\\/www.ccc.ca\\\/wp-content\\\/uploads\\\/2023\\\/06\\\/Doug-Harrison-2023-v2-scaled-e1688478475104.jpg\"},{\"@type\":\"BreadcrumbList\",\"@id\":\"https:\\\/\\\/www.ccc.ca\\\/fr\\\/a-propos\\\/leadership-et-gouvernance\\\/douglas-harrison\\\/#breadcrumb\",\"itemListElement\":[{\"@type\":\"ListItem\",\"position\":1,\"name\":\"Accueil\",\"item\":\"https:\\\/\\\/www.ccc.ca\\\/fr\\\/\"},{\"@type\":\"ListItem\",\"position\":2,\"name\":\"\u00c0 propos de nous\",\"item\":\"https:\\\/\\\/www.ccc.ca\\\/fr\\\/about\\\/\"},{\"@type\":\"ListItem\",\"position\":3,\"name\":\"Leadership et gouvernance\",\"item\":\"https:\\\/\\\/www.ccc.ca\\\/fr\\\/about\\\/leadership-and-governance\\\/\"},{\"@type\":\"ListItem\",\"position\":4,\"name\":\"Douglas Harrison\"}]},{\"@type\":\"WebSite\",\"@id\":\"https:\\\/\\\/www.ccc.ca\\\/fr\\\/#website\",\"url\":\"https:\\\/\\\/www.ccc.ca\\\/fr\\\/\",\"name\":\"Canadian Commercial Corporation (CCC)\",\"description\":\"\",\"publisher\":{\"@id\":\"https:\\\/\\\/www.ccc.ca\\\/fr\\\/#organization\"},\"potentialAction\":[{\"@type\":\"SearchAction\",\"target\":{\"@type\":\"EntryPoint\",\"urlTemplate\":\"https:\\\/\\\/www.ccc.ca\\\/fr\\\/?s={search_term_string}\"},\"query-input\":{\"@type\":\"PropertyValueSpecification\",\"valueRequired\":true,\"valueName\":\"search_term_string\"}}],\"inLanguage\":\"fr-CA\"},{\"@type\":[\"Organization\",\"Place\"],\"@id\":\"https:\\\/\\\/www.ccc.ca\\\/fr\\\/#organization\",\"name\":\"The Canadian Commercial Corporation (CCC)\",\"url\":\"https:\\\/\\\/www.ccc.ca\\\/fr\\\/\",\"logo\":{\"@id\":\"https:\\\/\\\/www.ccc.ca\\\/fr\\\/a-propos\\\/leadership-et-gouvernance\\\/douglas-harrison\\\/#local-main-organization-logo\"},\"image\":{\"@id\":\"https:\\\/\\\/www.ccc.ca\\\/fr\\\/a-propos\\\/leadership-et-gouvernance\\\/douglas-harrison\\\/#local-main-organization-logo\"},\"sameAs\":[\"https:\\\/\\\/www.facebook.com\\\/CanadianCommercialCorporation\\\/\",\"https:\\\/\\\/x.com\\\/CanComCorp\",\"https:\\\/\\\/www.linkedin.com\\\/company\\\/canadian-commercial-corporation\\\/\"],\"address\":{\"@id\":\"https:\\\/\\\/www.ccc.ca\\\/fr\\\/a-propos\\\/leadership-et-gouvernance\\\/douglas-harrison\\\/#local-main-place-address\"},\"telephone\":[\"1-613-996-0034\",\"1-800-748-8191\"],\"contactPoint\":{\"@type\":\"ContactPoint\",\"telephone\":\"1-613-996-0034\",\"email\":\"communications@ccc.ca\"},\"openingHoursSpecification\":[{\"@type\":\"OpeningHoursSpecification\",\"dayOfWeek\":[\"Monday\",\"Tuesday\",\"Wednesday\",\"Thursday\",\"Friday\",\"Saturday\",\"Sunday\"],\"opens\":\"09:00\",\"closes\":\"17:00\"}]},{\"@type\":\"PostalAddress\",\"@id\":\"https:\\\/\\\/www.ccc.ca\\\/fr\\\/a-propos\\\/leadership-et-gouvernance\\\/douglas-harrison\\\/#local-main-place-address\",\"streetAddress\":\"350 Albert Street, Suite 1100\",\"addressLocality\":\"Ottawa\",\"postalCode\":\"K1A 0S6\",\"addressRegion\":\"Ontario\",\"addressCountry\":\"CA\"},{\"@type\":\"ImageObject\",\"inLanguage\":\"fr-CA\",\"@id\":\"https:\\\/\\\/www.ccc.ca\\\/fr\\\/a-propos\\\/leadership-et-gouvernance\\\/douglas-harrison\\\/#local-main-organization-logo\",\"url\":\"https:\\\/\\\/www.ccc.ca\\\/wp-content\\\/uploads\\\/2023\\\/05\\\/ccc-og.png\",\"contentUrl\":\"https:\\\/\\\/www.ccc.ca\\\/wp-content\\\/uploads\\\/2023\\\/05\\\/ccc-og.png\",\"width\":1200,\"height\":675,\"caption\":\"The Canadian Commercial Corporation (CCC)\"}]}<\/script>\n<meta name=\"geo.placename\" content=\"Ottawa\" \/>\n<meta name=\"geo.region\" content=\"Canada\" \/>\n<!-- \/ Yoast SEO Premium plugin. -->","yoast_head_json":{"title":"Douglas Harrison - Corporation commerciale canadienne (CCC)","robots":{"index":"index","follow":"follow","max-snippet":"max-snippet:-1","max-image-preview":"max-image-preview:large","max-video-preview":"max-video-preview:-1"},"canonical":"https:\/\/www.ccc.ca\/fr\/a-propos\/leadership-et-gouvernance\/douglas-harrison\/","og_locale":"fr_CA","og_type":"article","og_title":"Douglas Harrison","og_description":"Burlington, Ontario Douglas Harrison est un directeur d\u2019entreprise exp\u00e9riment\u00e9 dans un large \u00e9ventail de secteurs d\u2019activit\u00e9. En plus de ses fonctions de directeur, il fournit divers services de conseil aux entreprises. Doug si\u00e8ge actuellement aux conseils d&rsquo;administration et aux comit\u00e9s consultatifs de Metro Supply Chain Group Inc., Craig Manufacturing et Midwest Refrigerated Services, et il [...]","og_url":"https:\/\/www.ccc.ca\/fr\/a-propos\/leadership-et-gouvernance\/douglas-harrison\/","og_site_name":"Canadian Commercial Corporation (CCC)","article_publisher":"https:\/\/www.facebook.com\/CanadianCommercialCorporation\/","article_modified_time":"2026-01-08T18:08:39+00:00","og_image":[{"url":"https:\/\/www.ccc.ca\/wp-content\/uploads\/2023\/06\/Doug-Harrison-2023-v2-scaled-e1688478475104.jpg","type":"","width":"","height":""}],"twitter_card":"summary_large_image","twitter_site":"@CanComCorp","twitter_misc":{"Estimation du temps de lecture":"2 minutes"},"schema":{"@context":"https:\/\/schema.org","@graph":[{"@type":"WebPage","@id":"https:\/\/www.ccc.ca\/fr\/a-propos\/leadership-et-gouvernance\/douglas-harrison\/","url":"https:\/\/www.ccc.ca\/fr\/a-propos\/leadership-et-gouvernance\/douglas-harrison\/","name":"Douglas Harrison - Corporation commerciale canadienne (CCC)","isPartOf":{"@id":"https:\/\/www.ccc.ca\/fr\/#website"},"primaryImageOfPage":{"@id":"https:\/\/www.ccc.ca\/fr\/a-propos\/leadership-et-gouvernance\/douglas-harrison\/#primaryimage"},"image":{"@id":"https:\/\/www.ccc.ca\/fr\/a-propos\/leadership-et-gouvernance\/douglas-harrison\/#primaryimage"},"thumbnailUrl":"https:\/\/www.ccc.ca\/wp-content\/uploads\/2023\/06\/Doug-Harrison-2023-v2-scaled-e1688478475104.jpg","datePublished":"2020-11-11T22:18:01+00:00","dateModified":"2026-01-08T18:08:39+00:00","breadcrumb":{"@id":"https:\/\/www.ccc.ca\/fr\/a-propos\/leadership-et-gouvernance\/douglas-harrison\/#breadcrumb"},"inLanguage":"fr-CA","potentialAction":[{"@type":"ReadAction","target":["https:\/\/www.ccc.ca\/fr\/a-propos\/leadership-et-gouvernance\/douglas-harrison\/"]}]},{"@type":"ImageObject","inLanguage":"fr-CA","@id":"https:\/\/www.ccc.ca\/fr\/a-propos\/leadership-et-gouvernance\/douglas-harrison\/#primaryimage","url":"https:\/\/www.ccc.ca\/wp-content\/uploads\/2023\/06\/Doug-Harrison-2023-v2-scaled-e1688478475104.jpg","contentUrl":"https:\/\/www.ccc.ca\/wp-content\/uploads\/2023\/06\/Doug-Harrison-2023-v2-scaled-e1688478475104.jpg"},{"@type":"BreadcrumbList","@id":"https:\/\/www.ccc.ca\/fr\/a-propos\/leadership-et-gouvernance\/douglas-harrison\/#breadcrumb","itemListElement":[{"@type":"ListItem","position":1,"name":"Accueil","item":"https:\/\/www.ccc.ca\/fr\/"},{"@type":"ListItem","position":2,"name":"\u00c0 propos de nous","item":"https:\/\/www.ccc.ca\/fr\/about\/"},{"@type":"ListItem","position":3,"name":"Leadership et gouvernance","item":"https:\/\/www.ccc.ca\/fr\/about\/leadership-and-governance\/"},{"@type":"ListItem","position":4,"name":"Douglas Harrison"}]},{"@type":"WebSite","@id":"https:\/\/www.ccc.ca\/fr\/#website","url":"https:\/\/www.ccc.ca\/fr\/","name":"Canadian Commercial Corporation (CCC)","description":"","publisher":{"@id":"https:\/\/www.ccc.ca\/fr\/#organization"},"potentialAction":[{"@type":"SearchAction","target":{"@type":"EntryPoint","urlTemplate":"https:\/\/www.ccc.ca\/fr\/?s={search_term_string}"},"query-input":{"@type":"PropertyValueSpecification","valueRequired":true,"valueName":"search_term_string"}}],"inLanguage":"fr-CA"},{"@type":["Organization","Place"],"@id":"https:\/\/www.ccc.ca\/fr\/#organization","name":"The Canadian Commercial Corporation (CCC)","url":"https:\/\/www.ccc.ca\/fr\/","logo":{"@id":"https:\/\/www.ccc.ca\/fr\/a-propos\/leadership-et-gouvernance\/douglas-harrison\/#local-main-organization-logo"},"image":{"@id":"https:\/\/www.ccc.ca\/fr\/a-propos\/leadership-et-gouvernance\/douglas-harrison\/#local-main-organization-logo"},"sameAs":["https:\/\/www.facebook.com\/CanadianCommercialCorporation\/","https:\/\/x.com\/CanComCorp","https:\/\/www.linkedin.com\/company\/canadian-commercial-corporation\/"],"address":{"@id":"https:\/\/www.ccc.ca\/fr\/a-propos\/leadership-et-gouvernance\/douglas-harrison\/#local-main-place-address"},"telephone":["1-613-996-0034","1-800-748-8191"],"contactPoint":{"@type":"ContactPoint","telephone":"1-613-996-0034","email":"communications@ccc.ca"},"openingHoursSpecification":[{"@type":"OpeningHoursSpecification","dayOfWeek":["Monday","Tuesday","Wednesday","Thursday","Friday","Saturday","Sunday"],"opens":"09:00","closes":"17:00"}]},{"@type":"PostalAddress","@id":"https:\/\/www.ccc.ca\/fr\/a-propos\/leadership-et-gouvernance\/douglas-harrison\/#local-main-place-address","streetAddress":"350 Albert Street, Suite 1100","addressLocality":"Ottawa","postalCode":"K1A 0S6","addressRegion":"Ontario","addressCountry":"CA"},{"@type":"ImageObject","inLanguage":"fr-CA","@id":"https:\/\/www.ccc.ca\/fr\/a-propos\/leadership-et-gouvernance\/douglas-harrison\/#local-main-organization-logo","url":"https:\/\/www.ccc.ca\/wp-content\/uploads\/2023\/05\/ccc-og.png","contentUrl":"https:\/\/www.ccc.ca\/wp-content\/uploads\/2023\/05\/ccc-og.png","width":1200,"height":675,"caption":"The Canadian Commercial Corporation (CCC)"}]},"geo.placename":"Ottawa","geo.region":"Canada"},"_links":{"self":[{"href":"https:\/\/www.ccc.ca\/fr\/wp-json\/wp\/v2\/pages\/8529","targetHints":{"allow":["GET"]}}],"collection":[{"href":"https:\/\/www.ccc.ca\/fr\/wp-json\/wp\/v2\/pages"}],"about":[{"href":"https:\/\/www.ccc.ca\/fr\/wp-json\/wp\/v2\/types\/page"}],"author":[{"embeddable":true,"href":"https:\/\/www.ccc.ca\/fr\/wp-json\/wp\/v2\/users\/3"}],"replies":[{"embeddable":true,"href":"https:\/\/www.ccc.ca\/fr\/wp-json\/wp\/v2\/comments?post=8529"}],"version-history":[{"count":0,"href":"https:\/\/www.ccc.ca\/fr\/wp-json\/wp\/v2\/pages\/8529\/revisions"}],"up":[{"embeddable":true,"href":"https:\/\/www.ccc.ca\/fr\/wp-json\/wp\/v2\/pages\/391"}],"wp:attachment":[{"href":"https:\/\/www.ccc.ca\/fr\/wp-json\/wp\/v2\/media?parent=8529"}],"curies":[{"name":"wp","href":"https:\/\/api.w.org\/{rel}","templated":true}]}}